{"id":83184,"date":"2023-09-09T21:37:24","date_gmt":"2023-09-09T21:37:24","guid":{"rendered":"https:\/\/www.aunica.com\/?page_id=83184"},"modified":"2023-10-11T14:35:07","modified_gmt":"2023-10-11T14:35:07","slug":"o-cliente-pede-aunica-ahead","status":"publish","type":"page","link":"https:\/\/www.aunica.com\/en\/o-cliente-pede-aunica-ahead\/","title":{"rendered":"O cliente pede aunica ahead"},"content":{"rendered":"\t\t<div data-elementor-type=\"wp-page\" data-elementor-id=\"83184\" class=\"elementor elementor-83184\">\n\t\t\t\t\t\t\t\t\t<section class=\"elementor-section elementor-top-section elementor-element elementor-element-7a7f297 elementor-section-boxed elementor-section-height-default elementor-section-height-default\" data-id=\"7a7f297\" data-element_type=\"section\">\n\t\t\t\t\t\t<div class=\"elementor-container elementor-column-gap-default\">\n\t\t\t\t\t<div class=\" elementor-column elementor-col-100 elementor-top-column elementor-element elementor-element-189e74a\" data-fullscreen-column-settings=\"{&quot;fullscreen&quot;:&quot;&quot;}\" data-id=\"189e74a\" data-element_type=\"column\">\n\t\t\t<div class=\"elementor-widget-wrap elementor-element-populated\">\n\t\t\t\t\t\t\t\t<div class=\"elementor-element elementor-element-8c5063a elementor-widget elementor-widget-heading\" data-id=\"8c5063a\" data-element_type=\"widget\" data-widget_type=\"heading.default\">\n\t\t\t\t<div class=\"elementor-widget-container\">\n\t\t\t<style>\/*! elementor - v3.7.8 - 02-10-2022 *\/\n.elementor-heading-title{padding:0;margin:0;line-height:1}.elementor-widget-heading .elementor-heading-title[class*=elementor-size-]>a{color:inherit;font-size:inherit;line-height:inherit}.elementor-widget-heading .elementor-heading-title.elementor-size-small{font-size:15px}.elementor-widget-heading .elementor-heading-title.elementor-size-medium{font-size:19px}.elementor-widget-heading .elementor-heading-title.elementor-size-large{font-size:29px}.elementor-widget-heading .elementor-heading-title.elementor-size-xl{font-size:39px}.elementor-widget-heading .elementor-heading-title.elementor-size-xxl{font-size:59px}<\/style><h6 class=\"elementor-heading-title elementor-size-default\">O cliente pede. AUNICA ahead.<\/h6>\t\t<\/div>\n\t\t\t\t<\/div>\n\t\t\t\t<div class=\"elementor-element elementor-element-b7a8a66 elementor-widget elementor-widget-text-editor\" data-id=\"b7a8a66\" data-element_type=\"widget\" data-widget_type=\"text-editor.default\">\n\t\t\t\t<div class=\"elementor-widget-container\">\n\t\t\t<style>\/*! elementor - v3.7.8 - 02-10-2022 *\/\n.elementor-widget-text-editor.elementor-drop-cap-view-stacked .elementor-drop-cap{background-color:#818a91;color:#fff}.elementor-widget-text-editor.elementor-drop-cap-view-framed .elementor-drop-cap{color:#818a91;border:3px solid;background-color:transparent}.elementor-widget-text-editor:not(.elementor-drop-cap-view-default) .elementor-drop-cap{margin-top:8px}.elementor-widget-text-editor:not(.elementor-drop-cap-view-default) .elementor-drop-cap-letter{width:1em;height:1em}.elementor-widget-text-editor .elementor-drop-cap{float:left;text-align:center;line-height:1;font-size:50px}.elementor-widget-text-editor .elementor-drop-cap-letter{display:inline-block}<\/style>\t\t\t\t<p><strong>Venha construir a sua hist\u00f3ria conosco!<\/strong><strong><br \/>#aunica #weknowdigital<\/strong><\/p><p>Alguns dos mais importantes profissionais e empresas do universo digital brasileiro participaram ativamente com\u00a0<strong>#aunica<\/strong>\u00a0na constru\u00e7\u00e3o do mercado de m\u00eddia, marketing e publicidade digital nacional, nos desafiando a trazer inova\u00e7\u00f5es e a otimizar resultados, com menores custos, onde conseguimos sempre entregar resultados efetivos com Solu\u00e7\u00f5es e Tecnologias inovadoras.<\/p><p>\u00c9 assim desde 2004, quando iniciamos com o desenvolvimento de Publicidade Interativa, VIdeo Ads e Rich Media. A partir dai, entregamos projetos com Behavioral Targeting, Estudos de TV + Internet com o Ibope, Score de Engagamento, Modelos de Atribui\u00e7\u00e3o, Universal DataHub, Dashboards, Visualizadores e mais recente Artificial Intelligence e Machine Learning, entre outros projetos relevantes e pioneiros, sempre em conjunto com a inspira\u00e7\u00e3o e vis\u00e3o de neg\u00f3cio do cliente, aliado a metodologias adaptadas para o mercado nacional.\u00a0<\/p><p>E em nosso TOP OF MIND abaixo, o perfil do Cliente\/Parceiro que\u00a0<strong>#aunica<\/strong>\u00a0atendeu com sucesso!<br \/>Venha nos desafiar! Adoramos quebrar barreiras e fazer o imposs\u00edvel!<\/p><p>\u201cQuero que absolutamente toda e qualquer intera\u00e7\u00e3o, comportamento e navega\u00e7\u00e3o do portal seja mensurado, identificado e otimizado.\u201d<br \/><strong>Ant\u00f4nio Guerreiro,\u00a0<\/strong><strong>Presidente R7.com<br \/><\/strong><\/p><p>\u201cQuero as melhores plataformas para montar e gerir um Data\/Private Adnetwork.\u201d<br \/><strong>John de Tar, Roix<br \/><\/strong><\/p><p>\u201cQuero fazer do meu e-commerce a maior loja da rede em 2 anos.\u201d<br \/><strong>Raphael Klein,\u00a0<\/strong><strong>Casas Bahia.com<\/strong><\/p><p>\u201cQuero entregar pe\u00e7as diferenciadas de acordo com a audi\u00eancia e perfil de comportamentos dos usu\u00e1rios, em conjunto com modelos de atribui\u00e7\u00e3o\u201d<br \/><strong>Fernando Taralli,\u00a0<\/strong><strong>Energy\/Y&amp;R<br \/><\/strong><\/p><p>\u201cQuero integrar resultados de m\u00eddia, search, sites, mobile, social e call-center do meu cliente anunciante em um \u00fanico lugar.\u201d<br \/><strong>Abel Reis,\u00a0<\/strong><strong>Ag\u00eancia Click<br \/><\/strong><\/p><p>\u201cQuero fazer com que as pessoas possam ter pela internet as mesmas experi\u00eancias interativa de avaliar produtos em uma loja f\u00edsica.\u201d<br \/><strong>Gabriela Viana,<\/strong><strong>\u00a0Motorola<\/strong><\/p><p>\u201cQuero fazer a primeira campanha ao vivo da hist\u00f3ria da publicidade da internet rodando simultaneamente com a TV.\u201d<br \/><strong>Eduardo Tracanella,\u00a0<\/strong><strong>Banco Ita\u00fa<br \/><\/strong><\/p><p>\u201cQuero veicular pela internet o mesmo comercial bacana de TV do nosso cliente.\u201d<br \/><strong>Fernand Alphen, F\/Nazca<\/strong><\/p><p>\u201cQuero uma propaganda com a mesma qualidade de TV e tela cheia na internet, com interatividade.<br \/><strong>Joao Binda,\u00a0<\/strong><strong>AlmapBBDO<br \/><\/strong><\/p><p>\u201cQuero medir a intera\u00e7\u00e3o e o engajamento das pessoas com a marca do meu cliente nas campanhas on-line.\u201d<br \/><strong>Karina Santos, BCP (Claro)<\/strong><\/p><p>\u201cQuero usar anima\u00e7\u00e3o, som e imagens de alta qualidade na propaganda na internet.\u201d<br \/><strong>Fernanda Romano,\u00a0<\/strong><strong>DM9DDB<br \/><\/strong><\/p><p>O desafio de responder com qualidade as demandas de neg\u00f3cios nos permitiu criar n\u00e9gocios e oportunidades para nossos clientes liderarem, ou buscarem um resultado esperado, em seus segmentos. O tradicional em si \u00e9 bom, mas somente inovando, testando e arriscando dentro de um plano estrat\u00e9gico, tornou poss\u00edvel a todos estes l\u00edderes da internet brasileira tornarem-se t\u00e3o relevantes quanto s\u00e3o no Brasil e no Mundo.<\/p><p><a href=\"https:\/\/aunica.com\/fale-conosco\/\"><em>Entre em contato com a AUNICA<\/em><\/a>\u00a0para entendemos suas oportunidades e necessidades. Conhe\u00e7a nossas ferramentas para o seu sucesso, onde\u00a0auxiliamos a vender mais e reduzir custos operacionais com Solu\u00e7\u00f5es e Servi\u00e7os de Marketing Digital, Digital Analytics, BI, Data-Integration e Real-Time Dashboards.<\/p><p><a href=\"https:\/\/aunica.com\/data-driven-market-consultoria-insights-e-estrategia-digital\/\"><br \/><\/a><a href=\"https:\/\/aunica.com\/data-driven-market-consultoria-insights-e-estrategia-digital\/\"><em>Link relacionado: Entenda a vis\u00e3o da AUNICA sobre DATA DRIVEN MARKETING<\/em><\/a><em>.<\/em><br \/><em><a href=\"https:\/\/aunica.com\/cases-de-sucesso\/\">Link relacionado: Conhe\u00e7a os Cases da BRF, VOE AZUL, CASAS BAHIA<\/a><\/em><\/p>\t\t\t\t\t\t<\/div>\n\t\t\t\t<\/div>\n\t\t\t\t\t<\/div>\n\t\t<\/div>\n\t\t\t\t\t\t\t<\/div>\n\t\t<\/section>\n\t\t\t\t<section class=\"elementor-section elementor-top-section elementor-element elementor-element-377cf1c elementor-section-full_width elementor-section-height-default elementor-section-height-default\" data-id=\"377cf1c\" data-element_type=\"section\" id=\"fale-conosco\">\n\t\t\t\t\t\t<div class=\"elementor-container elementor-column-gap-no\">\n\t\t\t\t\t<div class=\" elementor-column elementor-col-100 elementor-top-column elementor-element elementor-element-9f6e61e\" data-fullscreen-column-settings=\"{&quot;fullscreen&quot;:&quot;&quot;}\" data-id=\"9f6e61e\" data-element_type=\"column\">\n\t\t\t<div class=\"elementor-widget-wrap elementor-element-populated\">\n\t\t\t\t\t\t\t\t<div class=\"elementor-element elementor-element-adb02c0 elementor-widget elementor-widget-template\" data-id=\"adb02c0\" data-element_type=\"widget\" data-widget_type=\"template.default\">\n\t\t\t\t<div class=\"elementor-widget-container\">\n\t\t\t\t\t<div class=\"elementor-template\">\n\t\t\t\t\t<div data-elementor-type=\"section\" data-elementor-id=\"89247\" class=\"elementor elementor-89247 elementor-81217\">\n\t\t\t\t\t\t\t\t<section class=\"elementor-section elementor-top-section elementor-element elementor-element-3db2be65 elementor-section-full_width elementor-section-height-default elementor-section-height-default elementor-invisible\" data-id=\"3db2be65\" data-element_type=\"section\" data-settings=\"{&quot;animation&quot;:&quot;fadeIn&quot;}\">\n\t\t\t\t\t\t<div class=\"elementor-container elementor-column-gap-default\">\n\t\t\t\t\t<div class=\" elementor-column elementor-col-50 elementor-top-column elementor-element elementor-element-7bd756e8 form-column\" data-fullscreen-column-settings=\"{&quot;fullscreen&quot;:&quot;&quot;}\" data-id=\"7bd756e8\" data-element_type=\"column\" data-settings=\"{&quot;background_background&quot;:&quot;classic&quot;}\">\n\t\t\t<div class=\"elementor-widget-wrap elementor-element-populated\">\n\t\t\t\t\t\t\t\t<div class=\"elementor-element elementor-element-5ee4482b elementor-widget__width-initial elementor-widget elementor-widget-litho-heading\" data-id=\"5ee4482b\" data-element_type=\"widget\" data-widget_type=\"litho-heading.default\">\n\t\t\t\t<div class=\"elementor-widget-container\">\n\t\t\t<h5 class=\"litho-heading elementor-size-default\"><span class=\"litho-primary-title\">Need help finding the right solution for your business?<\/span><span class=\"litho-secondary-title\">Fill out the form below and get in touch with our data marketing experts.<\/span><\/h5>\t\t<\/div>\n\t\t\t\t<\/div>\n\t\t\t\t<div class=\"elementor-element elementor-element-753d3aa2 elementor-widget__width-initial elementor-widget elementor-widget-litho-contact-form\" data-id=\"753d3aa2\" data-element_type=\"widget\" data-widget_type=\"litho-contact-form.default\">\n\t\t\t\t<div class=\"elementor-widget-container\">\n\t\t\t\t\t\t\t<div class=\"contact-form-wrapper\">\n\t\t\t\t\t<div role=\"form\" class=\"wpcf7\" id=\"wpcf7-f77371-o1\" lang=\"en-US\" dir=\"ltr\">\n<div class=\"screen-reader-response\"><p role=\"status\" aria-live=\"polite\" aria-atomic=\"true\"><\/p> <ul><\/ul><\/div>\n<form action=\"\/en\/wp-json\/wp\/v2\/pages\/83184#wpcf7-f77371-o1\" method=\"post\" class=\"wpcf7-form init\" novalidate=\"novalidate\" data-status=\"init\">\n<div style=\"display: none;\">\n<input type=\"hidden\" name=\"_wpcf7\" value=\"77371\" \/>\n<input type=\"hidden\" name=\"_wpcf7_version\" value=\"5.6.4\" \/>\n<input type=\"hidden\" name=\"_wpcf7_locale\" value=\"en_US\" \/>\n<input type=\"hidden\" name=\"_wpcf7_unit_tag\" value=\"wpcf7-f77371-o1\" \/>\n<input type=\"hidden\" name=\"_wpcf7_container_post\" value=\"0\" \/>\n<input type=\"hidden\" name=\"_wpcf7_posted_data_hash\" value=\"\" \/>\n<input type=\"hidden\" name=\"_wpcf7_recaptcha_response\" value=\"\" \/>\n<\/div>\n<p><label for=\"fullName\">Nome*<\/label><br \/>\n<span class=\"wpcf7-form-control-wrap\" data-name=\"fullName\"><input type=\"text\" name=\"fullName\" value=\"\" size=\"40\" class=\"wpcf7-form-control wpcf7-text wpcf7-validates-as-required\" aria-required=\"true\" aria-invalid=\"false\" \/><\/span><\/p>\n<p><label for=\"phone\">Telefone*<\/label><br \/>\n<span class=\"wpcf7-form-control-wrap\" data-name=\"phone\"><input type=\"text\" name=\"phone\" value=\"\" size=\"40\" class=\"wpcf7-form-control wpcf7-text wpcf7-validates-as-required\" aria-required=\"true\" aria-invalid=\"false\" \/><\/span><\/p>\n<p><label for=\"company\">Empresa*<\/label><br \/>\n<span class=\"wpcf7-form-control-wrap\" data-name=\"company\"><input type=\"text\" name=\"company\" value=\"\" size=\"40\" class=\"wpcf7-form-control wpcf7-text wpcf7-validates-as-required\" aria-required=\"true\" aria-invalid=\"false\" \/><\/span><\/p>\n<p><label for=\"role\">Cargo<\/label><br \/>\n<span class=\"wpcf7-form-control-wrap\" data-name=\"role\"><input type=\"text\" name=\"role\" value=\"\" size=\"40\" class=\"wpcf7-form-control wpcf7-text\" aria-invalid=\"false\" \/><\/span><\/p>\n<p><label for=\"email\">Email*<\/label><br \/>\n<span class=\"wpcf7-form-control-wrap\" data-name=\"email\"><input type=\"email\" name=\"email\" value=\"\" size=\"40\" class=\"wpcf7-form-control wpcf7-text wpcf7-email wpcf7-validates-as-required wpcf7-validates-as-email\" aria-required=\"true\" aria-invalid=\"false\" \/><\/span><\/p>\n<p><input type=\"submit\" value=\"Enviar\" class=\"wpcf7-form-control has-spinner wpcf7-submit elementor-button\" \/><\/p>\n<div class=\"wpcf7-response-output\" aria-hidden=\"true\"><\/div><\/form><\/div>\t\t\t\t<\/div>\n\t\t\t\t\t<\/div>\n\t\t\t\t<\/div>\n\t\t\t\t\t<\/div>\n\t\t<\/div>\n\t\t\t\t<div class=\" elementor-column elementor-col-50 elementor-top-column elementor-element elementor-element-1706cfee\" data-fullscreen-column-settings=\"{&quot;fullscreen&quot;:&quot;&quot;}\" data-id=\"1706cfee\" data-element_type=\"column\" data-settings=\"{&quot;background_background&quot;:&quot;classic&quot;}\">\n\t\t\t<div class=\"elementor-widget-wrap elementor-element-populated\">\n\t\t\t\t\t\t\t\t<div class=\"elementor-element elementor-element-c6768b3 elementor-widget elementor-widget-html\" data-id=\"c6768b3\" data-element_type=\"widget\" data-widget_type=\"html.default\">\n\t\t\t\t<div class=\"elementor-widget-container\">\n\t\t\t<script>\n\tdocument.querySelector('.wpcf7-form.init').id = 'fale-conosco-geral-form';\n<\/script>\n\n<script>\n\tdocument.addEventListener('DOMContentLoaded', function () {\n\t\tvar formContainer = document.querySelector('.form-column');\n\t\tvar formContainerHeight = formContainer.offsetHeight;\n\t\tformContainer.style.height = formContainerHeight + 'px';\n\t});\n\n\tdocument.addEventListener(\n\t\t'wpcf7mailsent',\n\t\tfunction (event) {\n\t\t\tvar formContainer = document.querySelector(\n\t\t\t\t'.form-column .elementor-widget-wrap'\n\t\t\t);\n\t\t\tvar formContainerHeight = formContainer.offsetHeight;\n\t\t\tformContainer.style.height = formContainerHeight + 'px';\n\t\t\tformContainer.style.display = 'flex';\n\t\t\tformContainer.style.alignItems = 'center';\n\t\t\tformContainer.style.justifyContent = 'center';\n\t\t\tformContainer.style.flexDirection = 'column';\n\n\t\t\tformContainer.innerHTML = `\n                <div class=\"form-success\" role=\"alert\" aria-hidden=\"true\">\n                    <h2>Obrigado por entrar em contato!<\/h2>\n                    <div class=\"gradient-border\"\/>\n                <\/div>\n            `;\n\t\t},\n\t\tfalse\n\t);\n<\/script>\n\n<style>\n\t.form-success h2 {\n\t\tcolor: #fff;\n\t\tfont-family: Poppins;\n\t\tfont-size: 50px;\n\t\tfont-weight: 700;\n\t\tline-height: 50px;\n\t}\n\n\t.form-success .gradient-border {\n\t\tmargin-top: 20px;\n\t\twidth: 30%;\n\t\theight: 8px;\n\t\tbackground: linear-gradient(90deg, #792266 56.08%, #0ff 100%);\n\t}\n\t\n\t@media (max-width: 767px) {\n\t\t.form-success h2 {\n\t\t\tfont-size: 30px;\n\t\t\tline-height: 30px;\n\t\t}\n\t}\n<\/style>\n\t\t<\/div>\n\t\t\t\t<\/div>\n\t\t\t\t\t<\/div>\n\t\t<\/div>\n\t\t\t\t\t\t\t<\/div>\n\t\t<\/section>\n\t\t\t\t\t\t<\/div>\n\t\t\t\t<\/div>\n\t\t\t\t<\/div>\n\t\t\t\t<\/div>\n\t\t\t\t\t<\/div>\n\t\t<\/div>\n\t\t\t\t\t\t\t<\/div>\n\t\t<\/section>\n\t\t\t\t\t\t\t<\/div>\n\t\t","protected":false},"excerpt":{"rendered":"<p>O cliente pede. AUNICA ahead. Venha construir a sua hist\u00f3ria conosco!#aunica #weknowdigital Alguns dos mais importantes profissionais e empresas do universo digital brasileiro participaram ativamente com\u00a0#aunica\u00a0na constru\u00e7\u00e3o do mercado de m\u00eddia, marketing e publicidade digital nacional, nos desafiando a trazer inova\u00e7\u00f5es e a otimizar resultados, com menores custos, onde conseguimos sempre entregar resultados efetivos com [&hellip;]<\/p>\n","protected":false},"author":5,"featured_media":0,"parent":0,"menu_order":7,"comment_status":"closed","ping_status":"closed","template":"","meta":{"content-type":""},"acf":[],"yoast_head":"<!-- This site is optimized with the Yoast SEO plugin v19.8 - https:\/\/yoast.com\/wordpress\/plugins\/seo\/ -->\n<title>O cliente pede aunica ahead - aunica Interactive Marketing | Since 2004<\/title>\n<meta name=\"robots\" content=\"index, follow, max-snippet:-1, max-image-preview:large, max-video-preview:-1\" \/>\n<meta property=\"og:locale\" content=\"en_US\" \/>\n<meta property=\"og:type\" content=\"article\" \/>\n<meta property=\"og:title\" content=\"O cliente pede aunica ahead - aunica Interactive Marketing | Since 2004\" \/>\n<meta property=\"og:description\" content=\"O cliente pede. AUNICA ahead. Venha construir a sua hist\u00f3ria conosco!#aunica #weknowdigital Alguns dos mais importantes profissionais e empresas do universo digital brasileiro participaram ativamente com\u00a0#aunica\u00a0na constru\u00e7\u00e3o do mercado de m\u00eddia, marketing e publicidade digital nacional, nos desafiando a trazer inova\u00e7\u00f5es e a otimizar resultados, com menores custos, onde conseguimos sempre entregar resultados efetivos com [&hellip;]\" \/>\n<meta property=\"og:url\" content=\"https:\/\/www.aunica.com\/o-cliente-pede-aunica-ahead\/\" \/>\n<meta property=\"og:site_name\" content=\"aunica Interactive Marketing | Since 2004\" \/>\n<meta property=\"article:modified_time\" content=\"2023-10-11T14:35:07+00:00\" \/>\n<meta name=\"twitter:card\" content=\"summary_large_image\" \/>\n<meta name=\"twitter:label1\" content=\"Est. reading time\" \/>\n\t<meta name=\"twitter:data1\" content=\"3 minutes\" \/>\n<script type=\"application\/ld+json\" class=\"yoast-schema-graph\">{\"@context\":\"https:\/\/schema.org\",\"@graph\":[{\"@type\":\"WebPage\",\"@id\":\"https:\/\/www.aunica.com\/o-cliente-pede-aunica-ahead\/\",\"url\":\"https:\/\/www.aunica.com\/o-cliente-pede-aunica-ahead\/\",\"name\":\"O cliente pede aunica ahead - aunica Interactive Marketing | Since 2004\",\"isPartOf\":{\"@id\":\"https:\/\/www.aunica.com\/#website\"},\"datePublished\":\"2023-09-09T21:37:24+00:00\",\"dateModified\":\"2023-10-11T14:35:07+00:00\",\"breadcrumb\":{\"@id\":\"https:\/\/www.aunica.com\/o-cliente-pede-aunica-ahead\/#breadcrumb\"},\"inLanguage\":\"en-US\",\"potentialAction\":[{\"@type\":\"ReadAction\",\"target\":[\"https:\/\/www.aunica.com\/o-cliente-pede-aunica-ahead\/\"]}]},{\"@type\":\"BreadcrumbList\",\"@id\":\"https:\/\/www.aunica.com\/o-cliente-pede-aunica-ahead\/#breadcrumb\",\"itemListElement\":[{\"@type\":\"ListItem\",\"position\":1,\"name\":\"Home\",\"item\":\"https:\/\/www.aunica.com\/en\/\"},{\"@type\":\"ListItem\",\"position\":2,\"name\":\"O cliente pede aunica ahead\"}]},{\"@type\":\"WebSite\",\"@id\":\"https:\/\/www.aunica.com\/#website\",\"url\":\"https:\/\/www.aunica.com\/\",\"name\":\"aunica Interactive Marketing | Since 2004\",\"description\":\"Especialistas em Data Driven Marketing\",\"potentialAction\":[{\"@type\":\"SearchAction\",\"target\":{\"@type\":\"EntryPoint\",\"urlTemplate\":\"https:\/\/www.aunica.com\/?s={search_term_string}\"},\"query-input\":\"required name=search_term_string\"}],\"inLanguage\":\"en-US\"}]}<\/script>\n<!-- \/ Yoast SEO plugin. -->","yoast_head_json":{"title":"O cliente pede aunica ahead - aunica Interactive Marketing | Since 2004","robots":{"index":"index","follow":"follow","max-snippet":"max-snippet:-1","max-image-preview":"max-image-preview:large","max-video-preview":"max-video-preview:-1"},"og_locale":"en_US","og_type":"article","og_title":"O cliente pede aunica ahead - aunica Interactive Marketing | Since 2004","og_description":"O cliente pede. AUNICA ahead. Venha construir a sua hist\u00f3ria conosco!#aunica #weknowdigital Alguns dos mais importantes profissionais e empresas do universo digital brasileiro participaram ativamente com\u00a0#aunica\u00a0na constru\u00e7\u00e3o do mercado de m\u00eddia, marketing e publicidade digital nacional, nos desafiando a trazer inova\u00e7\u00f5es e a otimizar resultados, com menores custos, onde conseguimos sempre entregar resultados efetivos com [&hellip;]","og_url":"https:\/\/www.aunica.com\/o-cliente-pede-aunica-ahead\/","og_site_name":"aunica Interactive Marketing | Since 2004","article_modified_time":"2023-10-11T14:35:07+00:00","twitter_card":"summary_large_image","twitter_misc":{"Est. reading time":"3 minutes"},"schema":{"@context":"https:\/\/schema.org","@graph":[{"@type":"WebPage","@id":"https:\/\/www.aunica.com\/o-cliente-pede-aunica-ahead\/","url":"https:\/\/www.aunica.com\/o-cliente-pede-aunica-ahead\/","name":"O cliente pede aunica ahead - aunica Interactive Marketing | Since 2004","isPartOf":{"@id":"https:\/\/www.aunica.com\/#website"},"datePublished":"2023-09-09T21:37:24+00:00","dateModified":"2023-10-11T14:35:07+00:00","breadcrumb":{"@id":"https:\/\/www.aunica.com\/o-cliente-pede-aunica-ahead\/#breadcrumb"},"inLanguage":"en-US","potentialAction":[{"@type":"ReadAction","target":["https:\/\/www.aunica.com\/o-cliente-pede-aunica-ahead\/"]}]},{"@type":"BreadcrumbList","@id":"https:\/\/www.aunica.com\/o-cliente-pede-aunica-ahead\/#breadcrumb","itemListElement":[{"@type":"ListItem","position":1,"name":"Home","item":"https:\/\/www.aunica.com\/en\/"},{"@type":"ListItem","position":2,"name":"O cliente pede aunica ahead"}]},{"@type":"WebSite","@id":"https:\/\/www.aunica.com\/#website","url":"https:\/\/www.aunica.com\/","name":"aunica Interactive Marketing | Since 2004","description":"Especialistas em Data Driven Marketing","potentialAction":[{"@type":"SearchAction","target":{"@type":"EntryPoint","urlTemplate":"https:\/\/www.aunica.com\/?s={search_term_string}"},"query-input":"required name=search_term_string"}],"inLanguage":"en-US"}]}},"_links":{"self":[{"href":"https:\/\/www.aunica.com\/en\/wp-json\/wp\/v2\/pages\/83184"}],"collection":[{"href":"https:\/\/www.aunica.com\/en\/wp-json\/wp\/v2\/pages"}],"about":[{"href":"https:\/\/www.aunica.com\/en\/wp-json\/wp\/v2\/types\/page"}],"author":[{"embeddable":true,"href":"https:\/\/www.aunica.com\/en\/wp-json\/wp\/v2\/users\/5"}],"replies":[{"embeddable":true,"href":"https:\/\/www.aunica.com\/en\/wp-json\/wp\/v2\/comments?post=83184"}],"version-history":[{"count":7,"href":"https:\/\/www.aunica.com\/en\/wp-json\/wp\/v2\/pages\/83184\/revisions"}],"predecessor-version":[{"id":83192,"href":"https:\/\/www.aunica.com\/en\/wp-json\/wp\/v2\/pages\/83184\/revisions\/83192"}],"wp:attachment":[{"href":"https:\/\/www.aunica.com\/en\/wp-json\/wp\/v2\/media?parent=83184"}],"curies":[{"name":"wp","href":"https:\/\/api.w.org\/{rel}","templated":true}]}}