{"id":85594,"date":"2023-09-14T14:14:28","date_gmt":"2023-09-14T14:14:28","guid":{"rendered":"https:\/\/www.aunica.com\/desenvolvimento-solucoes-skills-assistente-pessoal-alexa\/"},"modified":"2023-09-14T14:14:28","modified_gmt":"2023-09-14T14:14:28","slug":"desenvolvimento-solucoes-skills-assistente-pessoal-alexa","status":"publish","type":"page","link":"https:\/\/www.aunica.com\/en\/desenvolvimento-solucoes-skills-assistente-pessoal-alexa\/","title":{"rendered":"Desenvolvimento solucoes skills assistente pessoal alexa"},"content":{"rendered":"<style>\/*! elementor - v3.7.8 - 02-10-2022 *\/\n.elementor-widget-image{text-align:center}.elementor-widget-image a{display:inline-block}.elementor-widget-image a img[src$=\".svg\"]{width:48px}.elementor-widget-image img{vertical-align:middle;display:inline-block}<\/style>\n<p>\t\t\t\t\t\t\t\t\t\t\t\t<img width=\"1024\" height=\"474\" src=\"https:\/\/www.aunica.com\/wp-content\/uploads\/2023\/09\/aunica_VUI-1024x474-1.png\" alt=\"\" loading=\"lazy\" srcset=\"https:\/\/www.aunica.com\/wp-content\/uploads\/2023\/09\/aunica_VUI-1024x474-1.png 1024w, https:\/\/www.aunica.com\/wp-content\/uploads\/2023\/09\/aunica_VUI-1024x474-1-300x139.png 300w, https:\/\/www.aunica.com\/wp-content\/uploads\/2023\/09\/aunica_VUI-1024x474-1-768x356.png 768w, https:\/\/www.aunica.com\/wp-content\/uploads\/2023\/09\/aunica_VUI-1024x474-1-200x93.png 200w\" sizes=\"(max-width: 1024px) 100vw, 1024px\" \/>\t\t\t\t\t\t\t\t\t\t\t\t\t\t\t<\/p>\n<style>\/*! elementor - v3.7.8 - 02-10-2022 *\/\n.elementor-heading-title{padding:0;margin:0;line-height:1}.elementor-widget-heading .elementor-heading-title[class*=elementor-size-]>a{color:inherit;font-size:inherit;line-height:inherit}.elementor-widget-heading .elementor-heading-title.elementor-size-small{font-size:15px}.elementor-widget-heading .elementor-heading-title.elementor-size-medium{font-size:19px}.elementor-widget-heading .elementor-heading-title.elementor-size-large{font-size:29px}.elementor-widget-heading .elementor-heading-title.elementor-size-xl{font-size:39px}.elementor-widget-heading .elementor-heading-title.elementor-size-xxl{font-size:59px}<\/style>\n<h2>As marcas precisam conversar e engajar com seus clientes e, para auxiliar neste processo, a aunica agora oferece Desenvolvimento de Solu\u00e7\u00f5es e Skills para Assistentes Pessoais com Alexa.<\/h2>\n<p>Conforme aumenta a necessidade de estabelecer um v\u00ednculo mais forte e duradouro entre marcas e seus p\u00fablicos, aumenta tamb\u00e9m a import\u00e2ncia das marcas se tornarem cada vez mais pr\u00f3ximas e criarem intera\u00e7\u00f5es personalizadas para seus clientes. E uma das principais tend\u00eancias para o customer experience na era digital \u00e9 o uso de assistentes pessoais para incrementar a experi\u00eancia dos usu\u00e1rios, melhorar o atendimento para clientes e aumentar a gera\u00e7\u00e3o de novos neg\u00f3cios. Por isso, a\u00a0<strong>aunica<\/strong>\u00a0trouxe essa novidade e passa a oferecer para o mercado o desenvolvimento de solu\u00e7\u00f5es e skills para assistentes pessoais com Alexa.<\/p>\n<p>Acreditamos que a intera\u00e7\u00e3o por voz j\u00e1 revoluciona a maneira como acessamos informa\u00e7\u00f5es. Falar com o celular, a TV, o carro ou outros dispositivos j\u00e1 n\u00e3o \u00e9 mais coisa de maluco, e comprar tamb\u00e9m n\u00e3o ser\u00e1. Existem muitas possibilidades neste novo universo e a aunica quer ajudar a sua marca a construir rela\u00e7\u00f5es usando assistentes de voz.<\/p>\n<h6 style=\"text-align: center;\"><strong>A aunica pode te ajudar a sair na frente.<\/strong><\/h6>\n<p>\u00a0<\/p>\n<p>Quer saber como explorar todo o potencial de relacionamento e vendas que as solu\u00e7\u00f5es de VUI (Voice User Interface) podem oferecer? Entre em contato agora com um de nossos consultores e saiba como entrar nesse novo mundo.<\/p>\n<p>\t\t\t\t\t<a href=\"#\" role=\"button\"><br \/>\n\t\t\t\t\t\t\t\t\t\t\t\t\tQUERO FALAR COM UM CONSULTOR<br \/>\n\t\t\t\t\t\t\t\t<\/a><br \/>\n\t\t\t\t\t\t\t\t\t\t\t\t\t\t\t<img width=\"1024\" height=\"413\" src=\"https:\/\/www.aunica.com\/wp-content\/uploads\/2023\/09\/aunica-vui-xp-1024x413-1.jpg\" alt=\"\" loading=\"lazy\" srcset=\"https:\/\/www.aunica.com\/wp-content\/uploads\/2023\/09\/aunica-vui-xp-1024x413-1.jpg 1024w, https:\/\/www.aunica.com\/wp-content\/uploads\/2023\/09\/aunica-vui-xp-1024x413-1-300x121.jpg 300w, https:\/\/www.aunica.com\/wp-content\/uploads\/2023\/09\/aunica-vui-xp-1024x413-1-768x310.jpg 768w, https:\/\/www.aunica.com\/wp-content\/uploads\/2023\/09\/aunica-vui-xp-1024x413-1-200x81.jpg 200w\" sizes=\"(max-width: 1024px) 100vw, 1024px\" \/>\t\t\t\t\t\t\t\t\t\t\t\t\t\t\t<\/p>\n<h6 style=\"text-align: center;\"><strong>Que tipos de empresas e quais segmentos podem se beneficiar mais com o desenvolvimento de solu\u00e7\u00f5es e skills para assistentes pessoais com Alexa?<\/strong><\/h6>\n<p>Entretenimento, setor financeiro, hospitais, marcas esportivas e muitas outros setores de neg\u00f3cios podem se beneficiar dessa nova interface para melhorar a experi\u00eancia dos seus clientes com a sua marca e seus servi\u00e7os.<\/p>\n<p><strong><a href=\"https:\/\/www.youtube.com\/watch?v=GRFhcWgFD8g&amp;feature=emb_title\" target=\"_blank\" rel=\"noopener noreferrer\">V\u00eddeo: Alexa for Hospitality<\/a><\/strong><\/p>\n<p><strong><a href=\"https:\/\/www.youtube.com\/watch?v=ViB3XhsTLuo\" target=\"_blank\" rel=\"noopener noreferrer\">V\u00eddeo: Alexa for Business: Empower Your Organization to Use Alexa<\/a><\/strong><\/p>\n<h6 style=\"text-align: center;\">O Voice Commerce \u00e9 a pr\u00f3xima tend\u00eancia do com\u00e9rcio online<\/h6>\n<p>O com\u00e9rcio por voz, v-commerce ou voice commerce como \u00e9 mais conhecido, pode at\u00e9 ser uma novidade em quest\u00f5es de neg\u00f3cios aqui no Brasil, mas n\u00e3o no mercado americano.<\/p>\n<p>Mais de 45 milh\u00f5es de norte-americanos j\u00e1 possuem um recurso deste tipo. Al\u00e9m disso, o\u00a0<strong>Google<\/strong>\u00a0afirma que cerca de 20% de todas as buscas no site j\u00e1 s\u00e3o pesquisas por voz.<\/p>\n<p>De acordo com a\u00a0<strong>Gartner<\/strong>, ainda em 2020, cerca de\u00a0<strong>30% de toda a navega\u00e7\u00e3o na web ser\u00e1 feita sem uma tela\u00a0<\/strong>e utilizar\u00e1 apenas comandos de voz. Al\u00e9m disso, de acordo com a\u00a0<strong>comScore<\/strong>,\u00a0<strong>50% das buscas em sites de pesquisa ser\u00e3o feitas apenas com comandos de voz<\/strong>.<\/p>\n<p>Por se tratar de uma tecnologia nova, \u00e9 muito natural que o varejista pense que o custo necess\u00e1rio para desenvolver e implement\u00e1-la esteja muito fora da sua realidade financeira, mas n\u00e3o \u00e9 bem assim.<\/p>\n<p>A tecnologia dos Assistentes Pessoais \u00e9 derivada dos Assistentes Virtuais, que fazem com que a base para o seu desenvolvimento j\u00e1 exista, o que acaba reduzindo o tempo e valores de investimento necess\u00e1rios na adapta\u00e7\u00e3o e implementa\u00e7\u00e3o desta nova interface.<\/p>\n<h2>Por que construir Alexa Skills?<\/h2>\n<p style=\"text-align: left;\"><strong>Encante Clientes:<\/strong>\u00a0a voz \u00e9 a interface mais natural do usu\u00e1rio. Permita que os clientes usem suas vozes para acessar facilmente seu conte\u00fado, dispositivos e servi\u00e7os, onde quer que estejam e o que quer que estejam fazendo.<\/p>\n<p style=\"text-align: left;\"><strong>Fa\u00e7a seu neg\u00f3cio crescer:<\/strong>\u00a0expanda seu alcance atrav\u00e9s de milh\u00f5es de dispositivos habilitados para Alexa em todo o mundo, use a voz para diminuir a dist\u00e2ncia entre sua marca e seus clientes e ganhe dinheiro comercializando experi\u00eancias e produtos f\u00edsicos.<\/p>\n<p>\t\t\t\t\t<a href=\"#\" role=\"button\"><br \/>\n\t\t\t\t\t\t\t\t\t\t\t\t\tQUERO FALAR COM UM CONSULTOR<br \/>\n\t\t\t\t\t\t\t\t<\/a><\/p>\n<h2>Roberto Eckersdorff, CEO na aunica Interactive Marketing<\/h2>\n<p>\t\t\t\t\t\t\t\t\t\t\t\t\t\t\t<img width=\"300\" height=\"300\" src=\"https:\/\/www.aunica.com\/wp-content\/uploads\/2023\/09\/Roberto_Eckersdorff_aunica-300x300-1.jpg\" alt=\"\" loading=\"lazy\" srcset=\"https:\/\/www.aunica.com\/wp-content\/uploads\/2023\/09\/Roberto_Eckersdorff_aunica-300x300-1.jpg 300w, https:\/\/www.aunica.com\/wp-content\/uploads\/2023\/09\/Roberto_Eckersdorff_aunica-300x300-1-150x150.jpg 150w, https:\/\/www.aunica.com\/wp-content\/uploads\/2023\/09\/Roberto_Eckersdorff_aunica-300x300-1-200x200.jpg 200w\" sizes=\"(max-width: 300px) 100vw, 300px\" \/>\t\t\t\t\t\t\t\t\t\t\t\t\t\t\t<\/p>\n<p style=\"text-align: left;\"><em>\u201cDe olho no futuro, criamos um N\u00facleo de Inova\u00e7\u00e3o para buscar formas de melhorar a experi\u00eancia nos canais digitais de nossos clientes. E um dos primeiros projetos \u00e9 o desenvolvimento de solu\u00e7\u00f5es e skills para assistentes pessoais com Alexa. Nosso trabalho junto com a Amazon, nos EUA, est\u00e1 nos proporcionando uma vis\u00e3o antecipada de como este novo canal j\u00e1 \u00e9 realidade e vai expandir muito sua presen\u00e7a no Brasil e em todo mundo.\u201d<\/em><\/p>\n<h2>Ricardo Junior, Diretor de Inova\u00e7\u00e3o na aunica Interactive Marketing<\/h2>\n<p>\t\t\t\t\t\t\t\t\t\t\t\t\t\t\t<img width=\"300\" height=\"300\" src=\"https:\/\/www.aunica.com\/wp-content\/uploads\/2023\/09\/Ricardo-Junior-Diretor-aunica-300x300-1.jpg\" alt=\"\" loading=\"lazy\" srcset=\"https:\/\/www.aunica.com\/wp-content\/uploads\/2023\/09\/Ricardo-Junior-Diretor-aunica-300x300-1.jpg 300w, https:\/\/www.aunica.com\/wp-content\/uploads\/2023\/09\/Ricardo-Junior-Diretor-aunica-300x300-1-150x150.jpg 150w, https:\/\/www.aunica.com\/wp-content\/uploads\/2023\/09\/Ricardo-Junior-Diretor-aunica-300x300-1-200x200.jpg 200w\" sizes=\"(max-width: 300px) 100vw, 300px\" \/>\t\t\t\t\t\t\t\t\t\t\t\t\t\t\t<\/p>\n<p style=\"text-align: left;\"><em>\u201cA forma como os consumidores se relacionam com as empresas est\u00e1 evoluindo de forma acelerada, e n\u00f3s identificamos que o uso dos assistentes pessoais \u00e9 uma das principais tend\u00eancias do mercado. J\u00e1 estamos trabalhando projetos inovadores com grandes clientes e em breve podermos divulgar e dividir essas e tantas outras novidades que teremos at\u00e9 o final deste ano.\u201d<\/em><\/p>\n<h2>aunica Interactive Marketing<\/h2>\n<p>\t\t\t\t\t\t\t\t\t\t\t\t\t\t\t<img width=\"1024\" height=\"441\" src=\"https:\/\/www.aunica.com\/wp-content\/uploads\/2023\/09\/header_institucional-1024x441-1.png\" alt=\"\" loading=\"lazy\" srcset=\"https:\/\/www.aunica.com\/wp-content\/uploads\/2023\/09\/header_institucional-1024x441-1.png 1024w, https:\/\/www.aunica.com\/wp-content\/uploads\/2023\/09\/header_institucional-1024x441-1-300x129.png 300w, https:\/\/www.aunica.com\/wp-content\/uploads\/2023\/09\/header_institucional-1024x441-1-768x331.png 768w, https:\/\/www.aunica.com\/wp-content\/uploads\/2023\/09\/header_institucional-1024x441-1-200x86.png 200w\" sizes=\"(max-width: 1024px) 100vw, 1024px\" \/>\t\t\t\t\t\t\t\t\t\t\t\t\t\t\t<\/p>\n<h2 style=\"overflow-wrap: break-word; font-size: 2rem; text-align: center; letter-spacing: 1px; font-weight: 500; color: rgb(48, 48, 48); background-image: initial; background-position: 0px 0px; background-size: initial; background-repeat: initial; background-attachment: initial; background-origin: initial; background-clip: initial; border: 0px; margin-bottom: 0.5rem; vertical-align: baseline; outline: 0px; line-height: 1.2; font-family: -apple-system, BlinkMacSystemFont, &quot;Segoe UI&quot;, Roboto, &quot;Helvetica Neue&quot;, Arial, &quot;Noto Sans&quot;, sans-serif, &quot;Apple Color Emoji&quot;, &quot;Segoe UI Emoji&quot;, &quot;Segoe UI Symbol&quot;, &quot;Noto Color Emoji&quot;;\">Novidade na&nbsp;aunica! A consultoria passa a oferecer para o mercado o desenvolvimento de solu\u00e7\u00f5es e skills para assistentes pessoais com Alexa.<\/h2>\n<p style=\"overflow-wrap: break-word; margin-bottom: 1rem; background-image: initial; background-position: 0px 0px; background-size: initial; background-repeat: initial; background-attachment: initial; background-origin: initial; background-clip: initial; border: 0px; padding: 0px; vertical-align: baseline; outline: 0px; font-family: -apple-system, BlinkMacSystemFont, &quot;Segoe UI&quot;, Roboto, &quot;Helvetica Neue&quot;, Arial, &quot;Noto Sans&quot;, sans-serif, &quot;Apple Color Emoji&quot;, &quot;Segoe UI Emoji&quot;, &quot;Segoe UI Symbol&quot;, &quot;Noto Color Emoji&quot;;\">Com mais de 16 anos de tradi\u00e7\u00e3o e sucesso, a&nbsp;<a href=\"https:\/\/www.aunica.com\/#hs-chat-open\" target=\"_blank\" rel=\"noopener noreferrer\" style=\"color: rgb(48, 48, 48); background: 0px 0px transparent; border: 0px; margin: 0px; padding: 0px; vertical-align: baseline; outline: 0px; cursor: pointer;\">aunica<\/a>&nbsp;\u00e9 uma das pioneiras no uso de inova\u00e7\u00f5es tecnol\u00f3gicas, tendo se tornado refer\u00eancia em&nbsp;<a href=\"https:\/\/www.aunica.com\/consultoria-marketing-digital\/\" target=\"_blank\" rel=\"noopener noreferrer\" style=\"color: rgb(48, 48, 48); background: 0px 0px transparent; border: 0px; margin: 0px; padding: 0px; vertical-align: baseline; outline: 0px; cursor: pointer;\">Data Driven Marketing<\/a>. Nossa metodologia une o melhor da an\u00e1lise de dados e da criatividade para criar estrat\u00e9gias que impulsionam os resultados das empresas (confira alguns cases clicando&nbsp;<a href=\"https:\/\/www.aunica.com\/cases\" style=\"background-image: initial; background-position: 0px 0px; background-size: initial; background-repeat: initial; background-attachment: initial; background-origin: initial; background-clip: initial; margin: 0px; vertical-align: baseline; outline: 0px; cursor: pointer; color: rgb(33, 37, 41) !important; background-color: transparent !important; border: none !important; padding: 0px !important; text-decoration-line: underline !important;\">aqui<\/a>).<\/p>\n<p style=\"overflow-wrap: break-word; margin-bottom: 1rem; background-image: initial; background-position: 0px 0px; background-size: initial; background-repeat: initial; background-attachment: initial; background-origin: initial; background-clip: initial; border: 0px; padding: 0px; vertical-align: baseline; outline: 0px; font-family: -apple-system, BlinkMacSystemFont, &quot;Segoe UI&quot;, Roboto, &quot;Helvetica Neue&quot;, Arial, &quot;Noto Sans&quot;, sans-serif, &quot;Apple Color Emoji&quot;, &quot;Segoe UI Emoji&quot;, &quot;Segoe UI Symbol&quot;, &quot;Noto Color Emoji&quot;;\">Acreditamos que tecnologias de voz representam uma inova\u00e7\u00e3o disruptiva, capaz de alterar profundamente a forma como as pessoas se relacionar\u00e3o com as empresas.<\/p>\n<p style=\"overflow-wrap: break-word; margin-bottom: 0px; background-image: initial; background-position: 0px 0px; background-size: initial; background-repeat: initial; background-attachment: initial; background-origin: initial; background-clip: initial; border: 0px; padding: 0px; vertical-align: baseline; outline: 0px; font-family: -apple-system, BlinkMacSystemFont, &quot;Segoe UI&quot;, Roboto, &quot;Helvetica Neue&quot;, Arial, &quot;Noto Sans&quot;, sans-serif, &quot;Apple Color Emoji&quot;, &quot;Segoe UI Emoji&quot;, &quot;Segoe UI Symbol&quot;, &quot;Noto Color Emoji&quot;;\">Entre em contato com um de nossos especialistas e saiba como explorar todo o potencial deste novo canal para gerar novos neg\u00f3cios e estreitar o relacionamento com seus clientes.<\/p>\n<p>\t\t\t\t\t<a href=\"#\" role=\"button\"><br \/>\n\t\t\t\t\t\t\t\t\t\t\t\t\tQUERO SABER MAIS SOBRE A AUNICA<br \/>\n\t\t\t\t\t\t\t\t<\/a><\/p>\n<p><a href=\"https:\/\/www.aunica.com\/marketing-de-dados\/vantagens-empresas-estrutura-avancada-de-data-analytics\/#hs-chat-open\" target=\"_blank\" rel=\"noopener noreferrer\">5 vantagens competitivas de empresas com estrutura avan\u00e7ada de Data Analytics<\/a><\/p>\n<p><a href=\"https:\/\/www.aunica.com\/marketing-de-dados\/governanca-de-dados-retorno-de-investimento\/\" target=\"_blank\" rel=\"noopener noreferrer\">Governan\u00e7a de dados garante at\u00e9 432% de retorno de investimento<\/a><\/p>\n<p><a href=\"https:\/\/www.aunica.com\/artigos\/domo\/infografico-dados-gerados-domo\/\" target=\"_blank\" rel=\"noopener noreferrer\">Voc\u00ea sabe qual \u00e9 a quantidade de dados gerados a cada minuto?<\/a><\/p>\n","protected":false},"excerpt":{"rendered":"<p>As marcas precisam conversar e engajar com seus clientes e, para auxiliar neste processo, a aunica agora oferece Desenvolvimento de Solu\u00e7\u00f5es e Skills para Assistentes Pessoais com Alexa. Conforme aumenta a necessidade de estabelecer um v\u00ednculo mais forte e duradouro entre marcas e seus p\u00fablicos, aumenta tamb\u00e9m a import\u00e2ncia das marcas se tornarem cada vez [&hellip;]<\/p>\n","protected":false},"author":5,"featured_media":0,"parent":0,"menu_order":7,"comment_status":"closed","ping_status":"closed","template":"","meta":{"content-type":""},"acf":[],"yoast_head":"<!-- This site is optimized with the Yoast SEO plugin v19.8 - https:\/\/yoast.com\/wordpress\/plugins\/seo\/ -->\n<title>Desenvolvimento solucoes skills assistente pessoal alexa - aunica Interactive Marketing | Since 2004<\/title>\n<meta name=\"robots\" content=\"index, follow, max-snippet:-1, max-image-preview:large, max-video-preview:-1\" \/>\n<meta property=\"og:locale\" content=\"en_US\" \/>\n<meta property=\"og:type\" content=\"article\" \/>\n<meta property=\"og:title\" content=\"Desenvolvimento solucoes skills assistente pessoal alexa - aunica Interactive Marketing | Since 2004\" \/>\n<meta property=\"og:description\" content=\"As marcas precisam conversar e engajar com seus clientes e, para auxiliar neste processo, a aunica agora oferece Desenvolvimento de Solu\u00e7\u00f5es e Skills para Assistentes Pessoais com Alexa. Conforme aumenta a necessidade de estabelecer um v\u00ednculo mais forte e duradouro entre marcas e seus p\u00fablicos, aumenta tamb\u00e9m a import\u00e2ncia das marcas se tornarem cada vez [&hellip;]\" \/>\n<meta property=\"og:url\" content=\"https:\/\/www.aunica.com\/en\/desenvolvimento-solucoes-skills-assistente-pessoal-alexa\/\" \/>\n<meta property=\"og:site_name\" content=\"aunica Interactive Marketing | Since 2004\" \/>\n<meta property=\"og:image\" content=\"https:\/\/www.aunica.com\/wp-content\/uploads\/2023\/09\/aunica_VUI-1024x474-1.png\" \/>\n<meta name=\"twitter:card\" content=\"summary_large_image\" \/>\n<meta name=\"twitter:label1\" content=\"Est. reading time\" \/>\n\t<meta name=\"twitter:data1\" content=\"5 minutes\" \/>\n<script type=\"application\/ld+json\" class=\"yoast-schema-graph\">{\"@context\":\"https:\/\/schema.org\",\"@graph\":[{\"@type\":\"WebPage\",\"@id\":\"https:\/\/www.aunica.com\/en\/desenvolvimento-solucoes-skills-assistente-pessoal-alexa\/\",\"url\":\"https:\/\/www.aunica.com\/en\/desenvolvimento-solucoes-skills-assistente-pessoal-alexa\/\",\"name\":\"Desenvolvimento solucoes skills assistente pessoal alexa - aunica Interactive Marketing | Since 2004\",\"isPartOf\":{\"@id\":\"https:\/\/www.aunica.com\/#website\"},\"datePublished\":\"2023-09-14T14:14:28+00:00\",\"dateModified\":\"2023-09-14T14:14:28+00:00\",\"breadcrumb\":{\"@id\":\"https:\/\/www.aunica.com\/en\/desenvolvimento-solucoes-skills-assistente-pessoal-alexa\/#breadcrumb\"},\"inLanguage\":\"en-US\",\"potentialAction\":[{\"@type\":\"ReadAction\",\"target\":[\"https:\/\/www.aunica.com\/en\/desenvolvimento-solucoes-skills-assistente-pessoal-alexa\/\"]}]},{\"@type\":\"BreadcrumbList\",\"@id\":\"https:\/\/www.aunica.com\/en\/desenvolvimento-solucoes-skills-assistente-pessoal-alexa\/#breadcrumb\",\"itemListElement\":[{\"@type\":\"ListItem\",\"position\":1,\"name\":\"Home\",\"item\":\"https:\/\/www.aunica.com\/en\/\"},{\"@type\":\"ListItem\",\"position\":2,\"name\":\"Desenvolvimento solucoes skills assistente pessoal alexa\"}]},{\"@type\":\"WebSite\",\"@id\":\"https:\/\/www.aunica.com\/#website\",\"url\":\"https:\/\/www.aunica.com\/\",\"name\":\"aunica Interactive Marketing | Since 2004\",\"description\":\"Especialistas em Data Driven Marketing\",\"potentialAction\":[{\"@type\":\"SearchAction\",\"target\":{\"@type\":\"EntryPoint\",\"urlTemplate\":\"https:\/\/www.aunica.com\/?s={search_term_string}\"},\"query-input\":\"required name=search_term_string\"}],\"inLanguage\":\"en-US\"}]}<\/script>\n<!-- \/ Yoast SEO plugin. -->","yoast_head_json":{"title":"Desenvolvimento solucoes skills assistente pessoal alexa - aunica Interactive Marketing | Since 2004","robots":{"index":"index","follow":"follow","max-snippet":"max-snippet:-1","max-image-preview":"max-image-preview:large","max-video-preview":"max-video-preview:-1"},"og_locale":"en_US","og_type":"article","og_title":"Desenvolvimento solucoes skills assistente pessoal alexa - aunica Interactive Marketing | Since 2004","og_description":"As marcas precisam conversar e engajar com seus clientes e, para auxiliar neste processo, a aunica agora oferece Desenvolvimento de Solu\u00e7\u00f5es e Skills para Assistentes Pessoais com Alexa. Conforme aumenta a necessidade de estabelecer um v\u00ednculo mais forte e duradouro entre marcas e seus p\u00fablicos, aumenta tamb\u00e9m a import\u00e2ncia das marcas se tornarem cada vez [&hellip;]","og_url":"https:\/\/www.aunica.com\/en\/desenvolvimento-solucoes-skills-assistente-pessoal-alexa\/","og_site_name":"aunica Interactive Marketing | Since 2004","og_image":[{"url":"https:\/\/www.aunica.com\/wp-content\/uploads\/2023\/09\/aunica_VUI-1024x474-1.png"}],"twitter_card":"summary_large_image","twitter_misc":{"Est. reading time":"5 minutes"},"schema":{"@context":"https:\/\/schema.org","@graph":[{"@type":"WebPage","@id":"https:\/\/www.aunica.com\/en\/desenvolvimento-solucoes-skills-assistente-pessoal-alexa\/","url":"https:\/\/www.aunica.com\/en\/desenvolvimento-solucoes-skills-assistente-pessoal-alexa\/","name":"Desenvolvimento solucoes skills assistente pessoal alexa - aunica Interactive Marketing | Since 2004","isPartOf":{"@id":"https:\/\/www.aunica.com\/#website"},"datePublished":"2023-09-14T14:14:28+00:00","dateModified":"2023-09-14T14:14:28+00:00","breadcrumb":{"@id":"https:\/\/www.aunica.com\/en\/desenvolvimento-solucoes-skills-assistente-pessoal-alexa\/#breadcrumb"},"inLanguage":"en-US","potentialAction":[{"@type":"ReadAction","target":["https:\/\/www.aunica.com\/en\/desenvolvimento-solucoes-skills-assistente-pessoal-alexa\/"]}]},{"@type":"BreadcrumbList","@id":"https:\/\/www.aunica.com\/en\/desenvolvimento-solucoes-skills-assistente-pessoal-alexa\/#breadcrumb","itemListElement":[{"@type":"ListItem","position":1,"name":"Home","item":"https:\/\/www.aunica.com\/en\/"},{"@type":"ListItem","position":2,"name":"Desenvolvimento solucoes skills assistente pessoal alexa"}]},{"@type":"WebSite","@id":"https:\/\/www.aunica.com\/#website","url":"https:\/\/www.aunica.com\/","name":"aunica Interactive Marketing | Since 2004","description":"Especialistas em Data Driven Marketing","potentialAction":[{"@type":"SearchAction","target":{"@type":"EntryPoint","urlTemplate":"https:\/\/www.aunica.com\/?s={search_term_string}"},"query-input":"required name=search_term_string"}],"inLanguage":"en-US"}]}},"_links":{"self":[{"href":"https:\/\/www.aunica.com\/en\/wp-json\/wp\/v2\/pages\/85594"}],"collection":[{"href":"https:\/\/www.aunica.com\/en\/wp-json\/wp\/v2\/pages"}],"about":[{"href":"https:\/\/www.aunica.com\/en\/wp-json\/wp\/v2\/types\/page"}],"author":[{"embeddable":true,"href":"https:\/\/www.aunica.com\/en\/wp-json\/wp\/v2\/users\/5"}],"replies":[{"embeddable":true,"href":"https:\/\/www.aunica.com\/en\/wp-json\/wp\/v2\/comments?post=85594"}],"version-history":[{"count":0,"href":"https:\/\/www.aunica.com\/en\/wp-json\/wp\/v2\/pages\/85594\/revisions"}],"wp:attachment":[{"href":"https:\/\/www.aunica.com\/en\/wp-json\/wp\/v2\/media?parent=85594"}],"curies":[{"name":"wp","href":"https:\/\/api.w.org\/{rel}","templated":true}]}}