{"id":85597,"date":"2023-09-14T13:20:13","date_gmt":"2023-09-14T13:20:13","guid":{"rendered":"https:\/\/www.aunica.com\/consultoria-data-intelligence\/"},"modified":"2023-09-14T13:20:13","modified_gmt":"2023-09-14T13:20:13","slug":"consultoria-data-intelligence","status":"publish","type":"page","link":"https:\/\/www.aunica.com\/en\/consultoria-data-intelligence\/","title":{"rendered":"Consultoria data intelligence"},"content":{"rendered":"<style>\/*! elementor - v3.7.8 - 02-10-2022 *\/\n.elementor-heading-title{padding:0;margin:0;line-height:1}.elementor-widget-heading .elementor-heading-title[class*=elementor-size-]>a{color:inherit;font-size:inherit;line-height:inherit}.elementor-widget-heading .elementor-heading-title.elementor-size-small{font-size:15px}.elementor-widget-heading .elementor-heading-title.elementor-size-medium{font-size:19px}.elementor-widget-heading .elementor-heading-title.elementor-size-large{font-size:29px}.elementor-widget-heading .elementor-heading-title.elementor-size-xl{font-size:39px}.elementor-widget-heading .elementor-heading-title.elementor-size-xxl{font-size:59px}<\/style>\n<h2>Era do 1st Party Data: voc\u00ea est\u00e1 pronto para dar o pr\u00f3ximo passo?<\/h2>\n<style>\/*! elementor - v3.7.8 - 02-10-2022 *\/\n.elementor-widget-image{text-align:center}.elementor-widget-image a{display:inline-block}.elementor-widget-image a img[src$=\".svg\"]{width:48px}.elementor-widget-image img{vertical-align:middle;display:inline-block}<\/style>\n<p>\t\t\t\t\t\t\t\t\t\t\t\t<img width=\"1024\" height=\"576\" src=\"https:\/\/www.aunica.com\/wp-content\/uploads\/2023\/09\/1-1-1024x576-1.jpg\" alt=\"\" loading=\"lazy\" srcset=\"https:\/\/www.aunica.com\/wp-content\/uploads\/2023\/09\/1-1-1024x576-1.jpg 1024w, https:\/\/www.aunica.com\/wp-content\/uploads\/2023\/09\/1-1-1024x576-1-300x169.jpg 300w, https:\/\/www.aunica.com\/wp-content\/uploads\/2023\/09\/1-1-1024x576-1-768x432.jpg 768w, https:\/\/www.aunica.com\/wp-content\/uploads\/2023\/09\/1-1-1024x576-1-200x113.jpg 200w\" sizes=\"(max-width: 1024px) 100vw, 1024px\" \/><br \/>\n\t\t\t\t\t<a href=\"#\" role=\"button\"><br \/>\n\t\t\t\t\t\t\t\t\t\t\t\t\tQUERO DAR O PR\u00d3XIMO PASSO<br \/>\n\t\t\t\t\t\t\t\t<\/a><\/p>\n","protected":false},"excerpt":{"rendered":"<p>Era do 1st Party Data: voc\u00ea est\u00e1 pronto para dar o pr\u00f3ximo passo? QUERO DAR O PR\u00d3XIMO PASSO<\/p>\n","protected":false},"author":5,"featured_media":0,"parent":0,"menu_order":7,"comment_status":"closed","ping_status":"closed","template":"","meta":{"content-type":""},"acf":[],"yoast_head":"<!-- This site is optimized with the Yoast SEO plugin v19.8 - https:\/\/yoast.com\/wordpress\/plugins\/seo\/ -->\n<title>Consultoria data intelligence - aunica Interactive Marketing | Since 2004<\/title>\n<meta name=\"robots\" content=\"index, follow, max-snippet:-1, max-image-preview:large, max-video-preview:-1\" \/>\n<meta property=\"og:locale\" content=\"en_US\" \/>\n<meta property=\"og:type\" content=\"article\" \/>\n<meta property=\"og:title\" content=\"Consultoria data intelligence - aunica Interactive Marketing | Since 2004\" \/>\n<meta property=\"og:description\" content=\"Era do 1st Party Data: voc\u00ea est\u00e1 pronto para dar o pr\u00f3ximo passo? QUERO DAR O PR\u00d3XIMO PASSO\" \/>\n<meta property=\"og:url\" content=\"https:\/\/www.aunica.com\/en\/consultoria-data-intelligence\/\" \/>\n<meta property=\"og:site_name\" content=\"aunica Interactive Marketing | Since 2004\" \/>\n<meta property=\"og:image\" content=\"https:\/\/www.aunica.com\/wp-content\/uploads\/2023\/09\/1-1-1024x576-1.jpg\" \/>\n<meta name=\"twitter:card\" content=\"summary_large_image\" \/>\n<script type=\"application\/ld+json\" class=\"yoast-schema-graph\">{\"@context\":\"https:\/\/schema.org\",\"@graph\":[{\"@type\":\"WebPage\",\"@id\":\"https:\/\/www.aunica.com\/en\/consultoria-data-intelligence\/\",\"url\":\"https:\/\/www.aunica.com\/en\/consultoria-data-intelligence\/\",\"name\":\"Consultoria data intelligence - aunica Interactive Marketing | Since 2004\",\"isPartOf\":{\"@id\":\"https:\/\/www.aunica.com\/#website\"},\"datePublished\":\"2023-09-14T13:20:13+00:00\",\"dateModified\":\"2023-09-14T13:20:13+00:00\",\"breadcrumb\":{\"@id\":\"https:\/\/www.aunica.com\/en\/consultoria-data-intelligence\/#breadcrumb\"},\"inLanguage\":\"en-US\",\"potentialAction\":[{\"@type\":\"ReadAction\",\"target\":[\"https:\/\/www.aunica.com\/en\/consultoria-data-intelligence\/\"]}]},{\"@type\":\"BreadcrumbList\",\"@id\":\"https:\/\/www.aunica.com\/en\/consultoria-data-intelligence\/#breadcrumb\",\"itemListElement\":[{\"@type\":\"ListItem\",\"position\":1,\"name\":\"Home\",\"item\":\"https:\/\/www.aunica.com\/en\/\"},{\"@type\":\"ListItem\",\"position\":2,\"name\":\"Consultoria data intelligence\"}]},{\"@type\":\"WebSite\",\"@id\":\"https:\/\/www.aunica.com\/#website\",\"url\":\"https:\/\/www.aunica.com\/\",\"name\":\"aunica Interactive Marketing | Since 2004\",\"description\":\"Especialistas em Data Driven Marketing\",\"potentialAction\":[{\"@type\":\"SearchAction\",\"target\":{\"@type\":\"EntryPoint\",\"urlTemplate\":\"https:\/\/www.aunica.com\/?s={search_term_string}\"},\"query-input\":\"required name=search_term_string\"}],\"inLanguage\":\"en-US\"}]}<\/script>\n<!-- \/ Yoast SEO plugin. -->","yoast_head_json":{"title":"Consultoria data intelligence - aunica Interactive Marketing | Since 2004","robots":{"index":"index","follow":"follow","max-snippet":"max-snippet:-1","max-image-preview":"max-image-preview:large","max-video-preview":"max-video-preview:-1"},"og_locale":"en_US","og_type":"article","og_title":"Consultoria data intelligence - aunica Interactive Marketing | Since 2004","og_description":"Era do 1st Party Data: voc\u00ea est\u00e1 pronto para dar o pr\u00f3ximo passo? QUERO DAR O PR\u00d3XIMO PASSO","og_url":"https:\/\/www.aunica.com\/en\/consultoria-data-intelligence\/","og_site_name":"aunica Interactive Marketing | Since 2004","og_image":[{"url":"https:\/\/www.aunica.com\/wp-content\/uploads\/2023\/09\/1-1-1024x576-1.jpg"}],"twitter_card":"summary_large_image","schema":{"@context":"https:\/\/schema.org","@graph":[{"@type":"WebPage","@id":"https:\/\/www.aunica.com\/en\/consultoria-data-intelligence\/","url":"https:\/\/www.aunica.com\/en\/consultoria-data-intelligence\/","name":"Consultoria data intelligence - aunica Interactive Marketing | Since 2004","isPartOf":{"@id":"https:\/\/www.aunica.com\/#website"},"datePublished":"2023-09-14T13:20:13+00:00","dateModified":"2023-09-14T13:20:13+00:00","breadcrumb":{"@id":"https:\/\/www.aunica.com\/en\/consultoria-data-intelligence\/#breadcrumb"},"inLanguage":"en-US","potentialAction":[{"@type":"ReadAction","target":["https:\/\/www.aunica.com\/en\/consultoria-data-intelligence\/"]}]},{"@type":"BreadcrumbList","@id":"https:\/\/www.aunica.com\/en\/consultoria-data-intelligence\/#breadcrumb","itemListElement":[{"@type":"ListItem","position":1,"name":"Home","item":"https:\/\/www.aunica.com\/en\/"},{"@type":"ListItem","position":2,"name":"Consultoria data intelligence"}]},{"@type":"WebSite","@id":"https:\/\/www.aunica.com\/#website","url":"https:\/\/www.aunica.com\/","name":"aunica Interactive Marketing | Since 2004","description":"Especialistas em Data Driven Marketing","potentialAction":[{"@type":"SearchAction","target":{"@type":"EntryPoint","urlTemplate":"https:\/\/www.aunica.com\/?s={search_term_string}"},"query-input":"required name=search_term_string"}],"inLanguage":"en-US"}]}},"_links":{"self":[{"href":"https:\/\/www.aunica.com\/en\/wp-json\/wp\/v2\/pages\/85597"}],"collection":[{"href":"https:\/\/www.aunica.com\/en\/wp-json\/wp\/v2\/pages"}],"about":[{"href":"https:\/\/www.aunica.com\/en\/wp-json\/wp\/v2\/types\/page"}],"author":[{"embeddable":true,"href":"https:\/\/www.aunica.com\/en\/wp-json\/wp\/v2\/users\/5"}],"replies":[{"embeddable":true,"href":"https:\/\/www.aunica.com\/en\/wp-json\/wp\/v2\/comments?post=85597"}],"version-history":[{"count":0,"href":"https:\/\/www.aunica.com\/en\/wp-json\/wp\/v2\/pages\/85597\/revisions"}],"wp:attachment":[{"href":"https:\/\/www.aunica.com\/en\/wp-json\/wp\/v2\/media?parent=85597"}],"curies":[{"name":"wp","href":"https:\/\/api.w.org\/{rel}","templated":true}]}}