{"id":85598,"date":"2023-09-14T13:16:35","date_gmt":"2023-09-14T13:16:35","guid":{"rendered":"https:\/\/www.aunica.com\/adobe-marketo-engage-experiencia-cliente-fortalece-sua-marca\/"},"modified":"2023-09-14T13:16:35","modified_gmt":"2023-09-14T13:16:35","slug":"adobe-marketo-engage-experiencia-cliente-fortalece-sua-marca","status":"publish","type":"page","link":"https:\/\/www.aunica.com\/en\/adobe-marketo-engage-experiencia-cliente-fortalece-sua-marca\/","title":{"rendered":"Adobe marketo engage experiencia cliente fortalece sua marca"},"content":{"rendered":"<style>\/*! elementor - v3.7.8 - 02-10-2022 *\/\n.elementor-heading-title{padding:0;margin:0;line-height:1}.elementor-widget-heading .elementor-heading-title[class*=elementor-size-]>a{color:inherit;font-size:inherit;line-height:inherit}.elementor-widget-heading .elementor-heading-title.elementor-size-small{font-size:15px}.elementor-widget-heading .elementor-heading-title.elementor-size-medium{font-size:19px}.elementor-widget-heading .elementor-heading-title.elementor-size-large{font-size:29px}.elementor-widget-heading .elementor-heading-title.elementor-size-xl{font-size:39px}.elementor-widget-heading .elementor-heading-title.elementor-size-xxl{font-size:59px}<\/style>\n<h2>Adobe Marketo Engage: gerenciar a experi\u00eancia do cliente fortalece sua marca.<\/h2>\n<p style=\"overflow-wrap: break-word; margin-bottom: 1rem; background-image: initial; background-position: 0px 0px; background-size: initial; background-repeat: initial; background-attachment: initial; background-origin: initial; background-clip: initial; border: 0px; padding: 0px; vertical-align: baseline; outline: 0px; font-family: -apple-system, BlinkMacSystemFont, 'Segoe UI', Roboto, 'Helvetica Neue', Arial, 'Noto Sans', sans-serif, 'Apple Color Emoji', 'Segoe UI Emoji', 'Segoe UI Symbol', 'Noto Color Emoji';\">Os\u00a0consumidores est\u00e3o cada vez mais exigentes e realizar apenas um bom atendimento n\u00e3o \u00e9 mais suficiente para diferenciar sua empresa em rela\u00e7\u00e3o \u00e0 sua concorr\u00eancia. Na verdade, oferecer experi\u00eancias excepcionais ao cliente \u00e9 a forma mais eficiente de garantir uma diferencia\u00e7\u00e3o competitiva. Com foco em oferecer uma experi\u00eancia do cliente avan\u00e7ada, a Adobe adquiriu a Marketo e agora oferece uma das plataformas mais completas para relacionamento em toda a jornada de convers\u00e3o. Saiba mais sobre a\u00a0<strong>Adobe Marketo Engage<\/strong>\u00a0e veja como gerenciar a experi\u00eancia do cliente fortalece sua marca.<\/p>\n<h2>M\u00eddia Performance e Customer Experience<\/h2>\n<p>A\u00a0<strong>Marketo Engage da Adobe<\/strong>\u00a0oferece uma visibilidade sem precedentes em todas as intera\u00e7\u00f5es na jornada do comprador, com modelos de atribui\u00e7\u00e3o flex\u00edveis e personalizados.<\/p>\n<p><strong>Nutri\u00e7\u00e3o e Gerenciamento de Leads:\u00a0<\/strong>incentive poss\u00edveis clientes, da consulta ao fechamento do neg\u00f3cio, por meio do gerenciamento de leads e contas estrat\u00e9gicas com fluxos de jornada autom\u00e1ticos e integra\u00e7\u00f5es de CRM;<\/p>\n<p><strong>Personaliza\u00e7\u00e3o:<\/strong>\u00a0utilize o aprendizado de m\u00e1quina e a an\u00e1lise preditiva para colocar automaticamente o conte\u00fado mais relevante na frente de cada comprador em todos os canais;<\/p>\n<p><strong>Ativa\u00e7\u00e3o Omnichannel:<\/strong>\u00a0interaja com seus leads e contas, entregando mensagens personalizadas e conte\u00fado em todos os canais, incluindo email, publica\u00e7\u00e3o de conte\u00fado para dispositivos m\u00f3veis e muito mais;<\/p>\n<p><strong>Medi\u00e7\u00e3o e Atribui\u00e7\u00e3o de Marketing:<\/strong>\u00a0entenda, comprove e otimize o impacto do marketing com o desempenho abrangente da campanha e a an\u00e1lise de receita atribu\u00edda.<\/p>\n<h2>Confira quais s\u00e3o as principais vantagens do Customer Experience.<br \/>\n<\/h2>\n<style>\/*! elementor - v3.7.8 - 02-10-2022 *\/\n.elementor-widget-image{text-align:center}.elementor-widget-image a{display:inline-block}.elementor-widget-image a img[src$=\".svg\"]{width:48px}.elementor-widget-image img{vertical-align:middle;display:inline-block}<\/style>\n<p>\t\t\t\t\t\t\t\t\t\t\t\t<img width=\"820\" height=\"312\" src=\"https:\/\/www.aunica.com\/wp-content\/uploads\/2023\/09\/CX_aunica_Adobe_Marketo_Engage.jpg\" alt=\"\" loading=\"lazy\" srcset=\"https:\/\/www.aunica.com\/wp-content\/uploads\/2023\/09\/CX_aunica_Adobe_Marketo_Engage.jpg 820w, https:\/\/www.aunica.com\/wp-content\/uploads\/2023\/09\/CX_aunica_Adobe_Marketo_Engage-300x114.jpg 300w, https:\/\/www.aunica.com\/wp-content\/uploads\/2023\/09\/CX_aunica_Adobe_Marketo_Engage-768x292.jpg 768w, https:\/\/www.aunica.com\/wp-content\/uploads\/2023\/09\/CX_aunica_Adobe_Marketo_Engage-200x76.jpg 200w\" sizes=\"(max-width: 820px) 100vw, 820px\" \/>\t\t\t\t\t\t\t\t\t\t\t\t\t\t\t<\/p>\n<p><strong>Credibilidade:\u00a0<\/strong>clientes que t\u00eam uma boa percep\u00e7\u00e3o em rela\u00e7\u00e3o \u00e0 sua marca s\u00e3o mais inclinados a transmitir uma imagem positiva da empresa para pessoas pr\u00f3ximas, agregando confiabilidade \u00e0 marca. Portanto, investir em Experi\u00eancia do Cliente focando os servi\u00e7os personalizados e a satisfa\u00e7\u00e3o do consumidor \u00e9 um excelente apoio para as estrat\u00e9gias de marketing. Isso ajuda a captar novos p\u00fablicos e, ao mesmo tempo, aumenta a taxa de reten\u00e7\u00e3o de compradores antigos.<\/p>\n<p><strong>Diferencial Competitivo:\u00a0<\/strong>empresas que ainda guiam as suas vendas considerando exclusivamente o produto, sem pensar em agregar valor para seus clientes, est\u00e3o ficando cada vez mais para tr\u00e1s no mercado. Afinal, produtos ou servi\u00e7os praticamente iguais podem ser encontrados na concorr\u00eancia. Investir em uma experi\u00eancia de compra diferenciada para o p\u00fablico, portanto, \u00e9 um grande diferencial da sua empresa em rela\u00e7\u00e3o aos competidores, fortalecendo a sua reputa\u00e7\u00e3o.<\/p>\n<p><strong>Otimiza\u00e7\u00e3o de Investimentos e Redu\u00e7\u00e3o de Custos:\u00a0<\/strong>\u00e9 comum empresas que trabalham bem a Experi\u00eancia do Cliente obterem redu\u00e7\u00f5es de custos e otimiza\u00e7\u00e3o de iniciativas de marketing relevantes. O processo de automa\u00e7\u00e3o dos fluxos na jornada reduz os valores investidos, otimiza a verba investida em m\u00eddia paga e aumenta a receita.<\/p>\n<p><strong>Relacionamento Omnichannel:\u00a0<\/strong>todas as formas de comunica\u00e7\u00e3o da empresa, como aplicativos, chats, site e m\u00eddias sociais, estar\u00e3o integradas, transmitindo ao p\u00fablico uma sensa\u00e7\u00e3o de ser bem atendido em todos os canais.<\/p>\n<h2>Fim dos Cookies e LGPD refor\u00e7am a import\u00e2ncia da Experi\u00eancia do Cliente.<\/h2>\n<p>Al\u00e9m disso, com as mudan\u00e7as promovidas pelo fim dos cookies e a nova regulamenta\u00e7\u00e3o da LGPD, a experi\u00eancia do cliente ganha ainda vez mais relev\u00e2ncia na estrat\u00e9gia de marketing digital. Para proporcionar uma experi\u00eancia incr\u00edvel voc\u00ea vai precisar de um time multidisciplinar e uma plataforma robusta que seja capaz de organizar todo processo de gest\u00e3o dos dados de ponta a ponta, focada na coleta, padroniza\u00e7\u00e3o, transforma\u00e7\u00e3o e ativa\u00e7\u00e3o dos dados First-Party.<\/p>\n<ul>\n<li><a href=\"https:\/\/www.aunica.com\/marketing-de-dados\/como-preparar-fim-cookies-lgpd\/\">Leia tamb\u00e9m: Como se preparar para o Fim dos Cookies e se adequar \u00e0 LGPD<\/a><\/li>\n<\/ul>\n<h2>Adobe Experience Cloud<br \/>\nGerenciar a experi\u00eancia do cliente fortalece sua marca<br \/>\n<\/h2>\n<p>\t\t\t\t\t\t\t\t\t\t\t\t\t\t\t<img width=\"1024\" height=\"374\" src=\"https:\/\/www.aunica.com\/wp-content\/uploads\/2023\/09\/Adobe_Experience_Cloud_aunica_partner-e1615842264418-1024x374-1.jpg\" alt=\"\" loading=\"lazy\" srcset=\"https:\/\/www.aunica.com\/wp-content\/uploads\/2023\/09\/Adobe_Experience_Cloud_aunica_partner-e1615842264418-1024x374-1.jpg 1024w, https:\/\/www.aunica.com\/wp-content\/uploads\/2023\/09\/Adobe_Experience_Cloud_aunica_partner-e1615842264418-1024x374-1-300x110.jpg 300w, https:\/\/www.aunica.com\/wp-content\/uploads\/2023\/09\/Adobe_Experience_Cloud_aunica_partner-e1615842264418-1024x374-1-768x281.jpg 768w, https:\/\/www.aunica.com\/wp-content\/uploads\/2023\/09\/Adobe_Experience_Cloud_aunica_partner-e1615842264418-1024x374-1-200x73.jpg 200w\" sizes=\"(max-width: 1024px) 100vw, 1024px\" \/>\t\t\t\t\t\t\t\t\t\t\t\t\t\t\t<\/p>\n<p>A\u00a0<a href=\"https:\/\/www.adobe.com\/br\/what-is-adobe-experience-cloud.html\" target=\"_blank\" rel=\"noopener noreferrer\"><strong>Adobe Experience Cloud<\/strong><\/a>\u00a0\u00e9 uma cole\u00e7\u00e3o de aplicativos e servi\u00e7os integrados na primeira plataforma projetada especificamente para experi\u00eancias de cliente inigual\u00e1veis, oferecendo as ferramentas mais abrangentes para insights, conte\u00fado, engajamento e muito mais.<\/p>\n<p><strong><a href=\"https:\/\/www.adobe.com\/br\/analytics\/adobe-analytics.html\" target=\"_blank\" rel=\"noopener noreferrer\">Adobe Analytics<\/a>:<\/strong>\u00a0permite mesclar, combinar e analisar dados de qualquer lugar na jornada do cliente. E mais, tenha relat\u00f3rios vers\u00e1teis, intelig\u00eancia preditiva e muito mais.<\/p>\n<p><strong><a href=\"https:\/\/www.adobe.com\/br\/analytics\/audience-manager.html\" target=\"_blank\" rel=\"noopener noreferrer\">Adobe Audience Manager<\/a>:<\/strong>\u00a0pode criar e ativar os melhores p\u00fablicos em qualquer canal ou dispositivo com esta impressionante plataforma de gerenciamento de dados.<\/p>\n<p><strong><a href=\"https:\/\/www.adobe.com\/br\/marketing\/campaign.html\" target=\"_blank\" rel=\"noopener noreferrer\">Adobe Campaign<\/a>:<\/strong>\u00a0pode usar dados avan\u00e7ados dos clientes para criar, coordenar e fornecer as campanhas din\u00e2micas que eles realmente desejam \u2014 por meio de email, dispositivos m\u00f3veis, canais offline e muito mais.<\/p>\n<p><strong><a href=\"https:\/\/www.adobe.com\/br\/experience-platform\/customer-journey-analytics.html\" target=\"_blank\" rel=\"noopener noreferrer\">Adobe Customer Journey Analytics<\/a>:<\/strong>\u00a0servi\u00e7o criado para a Adobe Experience Platform que permite reunir os dados de todos os seus canais em apenas uma interface para an\u00e1lise e visualiza\u00e7\u00e3o de todos os canais em tempo real, permitindo que voc\u00ea tome decis\u00f5es mais bem informadas com uma vis\u00e3o integral da empresa e do contexto por tr\u00e1s de cada a\u00e7\u00e3o do cliente.<\/p>\n<p><strong><a href=\"https:\/\/www.adobe.com\/br\/marketing\/experience-manager.html\" target=\"_blank\" rel=\"noopener noreferrer\">Adobe Experience Manager<\/a>:\u00a0<\/strong>combina o gerenciamento de ativos digitais com a pot\u00eancia de um sistema de gerenciamento de conte\u00fado para dar mais agilidade no oferecimento de experi\u00eancias personalizadas e orientadas por conte\u00fado.<\/p>\n<p><strong><a href=\"https:\/\/www.adobe.com\/br\/experience-platform\/journey-orchestration.html\" target=\"_blank\" rel=\"noopener noreferrer\">Adobe Journey Orchestration<\/a>:<\/strong>\u00a0servi\u00e7o criado na Adobe Experience Platform que permite personalizar jornadas individuais para cada cliente, com base em seu comportamento anterior e prefer\u00eancias.<\/p>\n<p><strong><a href=\"https:\/\/www.adobe.com\/br\/marketing\/marketo.html\" target=\"_blank\" rel=\"noopener noreferrer\">Adobe Marketo Engage<\/a>:<\/strong>\u00a0l\u00edder no aux\u00edlio a empresas para cria\u00e7\u00e3o, gerenciamento e engajamento de clientes a fim de impulsionar o crescimento da receita nos casos de uso de B2B e B2C em todos os setores.<\/p>\n<p><strong><a href=\"https:\/\/www.adobe.com\/br\/real-time-customer-data-platform.html\" target=\"_blank\" rel=\"noopener noreferrer\">Adobe Real-Time Customer Data Platform<\/a>:<\/strong>\u00a0colete e normalize todos os dados conhecidos e desconhecidos em perfis de cliente avan\u00e7ados em tempo real que os profissionais de marketing podem usar para criar experi\u00eancias personalizadas e em grande escala em diferentes canais.<\/p>\n<p>Fale agora com um de nossos especialistas e saiba como podemos ajudar voc\u00ea a realizar experi\u00eancias incr\u00edveis para seus clientes.<\/p>\n<p>\t\t\t\t\t<a href=\"#\" role=\"button\"><br \/>\n\t\t\t\t\t\t\t\t\t\t\t\t\tAGENDAR AGORA<br \/>\n\t\t\t\t\t\t\t\t<\/a><\/p>\n<p><strong>Saiba mais:<\/strong><\/p>\n<ul>\n<li><a href=\"https:\/\/www.adobe.com\/br\/advertising\/adobe-advertising-cloud.html\">Publicidade \u2013 Adobe Advertising Cloud<\/a><\/li>\n<li><a href=\"https:\/\/www.adobe.com\/br\/commerce\/magento.html\">Com\u00e9rcio eletr\u00f4nico | Magent<\/a><a href=\"https:\/\/www.adobe.com\/br\/commerce\/magento.html\">o Commerce<\/a><\/li>\n<\/ul>\n<p><strong>Leia tamb\u00e9m:<\/strong><\/p>\n<ul>\n<li><a href=\"https:\/\/adnews.com.br\/por-que-precisamos-de-uma-customer-data-platform\/\">Por que precisamos de uma Customer Data Platform? \u2013 ADNEWS<\/a><\/li>\n<li><a href=\"https:\/\/adnews.com.br\/na-guerra-90-do-sucesso-e-informacao\/\">\u201cNa Guerra, 90% do sucesso \u00e9 informa\u00e7\u00e3o.\u201d \u2013 ADNEWS<\/a><\/li>\n<\/ul>\n","protected":false},"excerpt":{"rendered":"<p>Adobe Marketo Engage: gerenciar a experi\u00eancia do cliente fortalece sua marca. Os\u00a0consumidores est\u00e3o cada vez mais exigentes e realizar apenas um bom atendimento n\u00e3o \u00e9 mais suficiente para diferenciar sua empresa em rela\u00e7\u00e3o \u00e0 sua concorr\u00eancia. Na verdade, oferecer experi\u00eancias excepcionais ao cliente \u00e9 a forma mais eficiente de garantir uma diferencia\u00e7\u00e3o competitiva. Com foco [&hellip;]<\/p>\n","protected":false},"author":5,"featured_media":0,"parent":0,"menu_order":7,"comment_status":"closed","ping_status":"closed","template":"","meta":{"content-type":""},"acf":[],"yoast_head":"<!-- This site is optimized with the Yoast SEO plugin v19.8 - https:\/\/yoast.com\/wordpress\/plugins\/seo\/ -->\n<title>Adobe marketo engage experiencia cliente fortalece sua marca - aunica Interactive Marketing | Since 2004<\/title>\n<meta name=\"robots\" content=\"index, follow, max-snippet:-1, max-image-preview:large, max-video-preview:-1\" \/>\n<meta property=\"og:locale\" content=\"en_US\" \/>\n<meta property=\"og:type\" content=\"article\" \/>\n<meta property=\"og:title\" content=\"Adobe marketo engage experiencia cliente fortalece sua marca - aunica Interactive Marketing | Since 2004\" \/>\n<meta property=\"og:description\" content=\"Adobe Marketo Engage: gerenciar a experi\u00eancia do cliente fortalece sua marca. Os\u00a0consumidores est\u00e3o cada vez mais exigentes e realizar apenas um bom atendimento n\u00e3o \u00e9 mais suficiente para diferenciar sua empresa em rela\u00e7\u00e3o \u00e0 sua concorr\u00eancia. Na verdade, oferecer experi\u00eancias excepcionais ao cliente \u00e9 a forma mais eficiente de garantir uma diferencia\u00e7\u00e3o competitiva. Com foco [&hellip;]\" \/>\n<meta property=\"og:url\" content=\"https:\/\/www.aunica.com\/en\/adobe-marketo-engage-experiencia-cliente-fortalece-sua-marca\/\" \/>\n<meta property=\"og:site_name\" content=\"aunica Interactive Marketing | Since 2004\" \/>\n<meta property=\"og:image\" content=\"https:\/\/www.aunica.com\/wp-content\/uploads\/2023\/09\/CX_aunica_Adobe_Marketo_Engage.jpg\" \/>\n<meta name=\"twitter:card\" content=\"summary_large_image\" \/>\n<meta name=\"twitter:label1\" content=\"Est. reading time\" \/>\n\t<meta name=\"twitter:data1\" content=\"5 minutes\" \/>\n<script type=\"application\/ld+json\" class=\"yoast-schema-graph\">{\"@context\":\"https:\/\/schema.org\",\"@graph\":[{\"@type\":\"WebPage\",\"@id\":\"https:\/\/www.aunica.com\/en\/adobe-marketo-engage-experiencia-cliente-fortalece-sua-marca\/\",\"url\":\"https:\/\/www.aunica.com\/en\/adobe-marketo-engage-experiencia-cliente-fortalece-sua-marca\/\",\"name\":\"Adobe marketo engage experiencia cliente fortalece sua marca - aunica Interactive Marketing | Since 2004\",\"isPartOf\":{\"@id\":\"https:\/\/www.aunica.com\/#website\"},\"datePublished\":\"2023-09-14T13:16:35+00:00\",\"dateModified\":\"2023-09-14T13:16:35+00:00\",\"breadcrumb\":{\"@id\":\"https:\/\/www.aunica.com\/en\/adobe-marketo-engage-experiencia-cliente-fortalece-sua-marca\/#breadcrumb\"},\"inLanguage\":\"en-US\",\"potentialAction\":[{\"@type\":\"ReadAction\",\"target\":[\"https:\/\/www.aunica.com\/en\/adobe-marketo-engage-experiencia-cliente-fortalece-sua-marca\/\"]}]},{\"@type\":\"BreadcrumbList\",\"@id\":\"https:\/\/www.aunica.com\/en\/adobe-marketo-engage-experiencia-cliente-fortalece-sua-marca\/#breadcrumb\",\"itemListElement\":[{\"@type\":\"ListItem\",\"position\":1,\"name\":\"Home\",\"item\":\"https:\/\/www.aunica.com\/en\/\"},{\"@type\":\"ListItem\",\"position\":2,\"name\":\"Adobe marketo engage experiencia cliente fortalece sua marca\"}]},{\"@type\":\"WebSite\",\"@id\":\"https:\/\/www.aunica.com\/#website\",\"url\":\"https:\/\/www.aunica.com\/\",\"name\":\"aunica Interactive Marketing | Since 2004\",\"description\":\"Especialistas em Data Driven Marketing\",\"potentialAction\":[{\"@type\":\"SearchAction\",\"target\":{\"@type\":\"EntryPoint\",\"urlTemplate\":\"https:\/\/www.aunica.com\/?s={search_term_string}\"},\"query-input\":\"required name=search_term_string\"}],\"inLanguage\":\"en-US\"}]}<\/script>\n<!-- \/ Yoast SEO plugin. -->","yoast_head_json":{"title":"Adobe marketo engage experiencia cliente fortalece sua marca - aunica Interactive Marketing | Since 2004","robots":{"index":"index","follow":"follow","max-snippet":"max-snippet:-1","max-image-preview":"max-image-preview:large","max-video-preview":"max-video-preview:-1"},"og_locale":"en_US","og_type":"article","og_title":"Adobe marketo engage experiencia cliente fortalece sua marca - aunica Interactive Marketing | Since 2004","og_description":"Adobe Marketo Engage: gerenciar a experi\u00eancia do cliente fortalece sua marca. Os\u00a0consumidores est\u00e3o cada vez mais exigentes e realizar apenas um bom atendimento n\u00e3o \u00e9 mais suficiente para diferenciar sua empresa em rela\u00e7\u00e3o \u00e0 sua concorr\u00eancia. Na verdade, oferecer experi\u00eancias excepcionais ao cliente \u00e9 a forma mais eficiente de garantir uma diferencia\u00e7\u00e3o competitiva. Com foco [&hellip;]","og_url":"https:\/\/www.aunica.com\/en\/adobe-marketo-engage-experiencia-cliente-fortalece-sua-marca\/","og_site_name":"aunica Interactive Marketing | Since 2004","og_image":[{"url":"https:\/\/www.aunica.com\/wp-content\/uploads\/2023\/09\/CX_aunica_Adobe_Marketo_Engage.jpg"}],"twitter_card":"summary_large_image","twitter_misc":{"Est. reading time":"5 minutes"},"schema":{"@context":"https:\/\/schema.org","@graph":[{"@type":"WebPage","@id":"https:\/\/www.aunica.com\/en\/adobe-marketo-engage-experiencia-cliente-fortalece-sua-marca\/","url":"https:\/\/www.aunica.com\/en\/adobe-marketo-engage-experiencia-cliente-fortalece-sua-marca\/","name":"Adobe marketo engage experiencia cliente fortalece sua marca - aunica Interactive Marketing | Since 2004","isPartOf":{"@id":"https:\/\/www.aunica.com\/#website"},"datePublished":"2023-09-14T13:16:35+00:00","dateModified":"2023-09-14T13:16:35+00:00","breadcrumb":{"@id":"https:\/\/www.aunica.com\/en\/adobe-marketo-engage-experiencia-cliente-fortalece-sua-marca\/#breadcrumb"},"inLanguage":"en-US","potentialAction":[{"@type":"ReadAction","target":["https:\/\/www.aunica.com\/en\/adobe-marketo-engage-experiencia-cliente-fortalece-sua-marca\/"]}]},{"@type":"BreadcrumbList","@id":"https:\/\/www.aunica.com\/en\/adobe-marketo-engage-experiencia-cliente-fortalece-sua-marca\/#breadcrumb","itemListElement":[{"@type":"ListItem","position":1,"name":"Home","item":"https:\/\/www.aunica.com\/en\/"},{"@type":"ListItem","position":2,"name":"Adobe marketo engage experiencia cliente fortalece sua marca"}]},{"@type":"WebSite","@id":"https:\/\/www.aunica.com\/#website","url":"https:\/\/www.aunica.com\/","name":"aunica Interactive Marketing | Since 2004","description":"Especialistas em Data Driven Marketing","potentialAction":[{"@type":"SearchAction","target":{"@type":"EntryPoint","urlTemplate":"https:\/\/www.aunica.com\/?s={search_term_string}"},"query-input":"required name=search_term_string"}],"inLanguage":"en-US"}]}},"_links":{"self":[{"href":"https:\/\/www.aunica.com\/en\/wp-json\/wp\/v2\/pages\/85598"}],"collection":[{"href":"https:\/\/www.aunica.com\/en\/wp-json\/wp\/v2\/pages"}],"about":[{"href":"https:\/\/www.aunica.com\/en\/wp-json\/wp\/v2\/types\/page"}],"author":[{"embeddable":true,"href":"https:\/\/www.aunica.com\/en\/wp-json\/wp\/v2\/users\/5"}],"replies":[{"embeddable":true,"href":"https:\/\/www.aunica.com\/en\/wp-json\/wp\/v2\/comments?post=85598"}],"version-history":[{"count":0,"href":"https:\/\/www.aunica.com\/en\/wp-json\/wp\/v2\/pages\/85598\/revisions"}],"wp:attachment":[{"href":"https:\/\/www.aunica.com\/en\/wp-json\/wp\/v2\/media?parent=85598"}],"curies":[{"name":"wp","href":"https:\/\/api.w.org\/{rel}","templated":true}]}}