{"id":85601,"date":"2023-09-12T18:25:39","date_gmt":"2023-09-12T18:25:39","guid":{"rendered":"https:\/\/www.aunica.com\/adobe-target-round-table-vivo-serasa-experian\/"},"modified":"2023-09-12T18:25:39","modified_gmt":"2023-09-12T18:25:39","slug":"adobe-target-round-table-vivo-serasa-experian","status":"publish","type":"page","link":"https:\/\/www.aunica.com\/en\/adobe-target-round-table-vivo-serasa-experian\/","title":{"rendered":"Adobe target round table vivo serasa experian"},"content":{"rendered":"<style>\/*! elementor - v3.7.8 - 02-10-2022 *\/\n.elementor-heading-title{padding:0;margin:0;line-height:1}.elementor-widget-heading .elementor-heading-title[class*=elementor-size-]>a{color:inherit;font-size:inherit;line-height:inherit}.elementor-widget-heading .elementor-heading-title.elementor-size-small{font-size:15px}.elementor-widget-heading .elementor-heading-title.elementor-size-medium{font-size:19px}.elementor-widget-heading .elementor-heading-title.elementor-size-large{font-size:29px}.elementor-widget-heading .elementor-heading-title.elementor-size-xl{font-size:39px}.elementor-widget-heading .elementor-heading-title.elementor-size-xxl{font-size:59px}<\/style>\n<h2>Confira como a Vivo e a Serasa Experian est\u00e3o se destacando no mundo digital.<\/h2>\n<style>\/*! elementor - v3.7.8 - 02-10-2022 *\/\n.elementor-widget-image{text-align:center}.elementor-widget-image a{display:inline-block}.elementor-widget-image a img[src$=\".svg\"]{width:48px}.elementor-widget-image img{vertical-align:middle;display:inline-block}<\/style>\n<p>\t\t\t\t\t\t\t\t\t\t\t\t<img width=\"1000\" height=\"500\" src=\"https:\/\/www.aunica.com\/wp-content\/uploads\/2023\/09\/amigos-pipoca-filminho.-1000x500-1.jpg\" alt=\"\" loading=\"lazy\" srcset=\"https:\/\/www.aunica.com\/wp-content\/uploads\/2023\/09\/amigos-pipoca-filminho.-1000x500-1.jpg 1000w, https:\/\/www.aunica.com\/wp-content\/uploads\/2023\/09\/amigos-pipoca-filminho.-1000x500-1-300x150.jpg 300w, https:\/\/www.aunica.com\/wp-content\/uploads\/2023\/09\/amigos-pipoca-filminho.-1000x500-1-768x384.jpg 768w, https:\/\/www.aunica.com\/wp-content\/uploads\/2023\/09\/amigos-pipoca-filminho.-1000x500-1-200x100.jpg 200w\" sizes=\"(max-width: 1000px) 100vw, 1000px\" \/>\t\t\t\t\t\t\t\t\t\t\t\t\t\t\t<\/p>\n<p>Voc\u00ea sabe o que as grandes marcas fazem para se destacar no mundo digital, aumentar a receita, taxas de convers\u00e3o, otimizar processos e entregar \u00f3timas experi\u00eancias aos clientes? Esses s\u00e3o alguns dos artif\u00edcios que diferem grandes marcas da concorr\u00eancia.\u00a0<\/p>\n<p>Com o\u00a0<b>Adobe Target<\/b>\u00a0voc\u00ea usa dados para obter o m\u00e1ximo de intera\u00e7\u00f5es com os clientes em qualquer ponto de contato da marca. E, ningu\u00e9m melhor para falar sobre essa plataforma do que quem a usa no dia a dia.\u00a0<\/p>\n<p>Em uma mesa redonda, no dia\u00a0<b>17 de fevereiro, \u00e0s 10h<\/b>, voc\u00ea ter\u00e1 a oportunidade de conhecer a experi\u00eancia da\u00a0<b>Vivo<\/b>\u00a0e do\u00a0<b>Serasa Experian<\/b>\u00a0com a plataforma e ver como o Adobe Target funciona na pr\u00e1tica.\u00a0<\/p>\n<p><strong>Quem estar\u00e1 conosco?\u00a0<\/strong><\/p>\n<ul>\n<li>Lucas Pafume, Consultor de transforma\u00e7\u00e3o Digital na Vivo;<\/li>\n<li>Pablo Sandri, Coordenador de Digital Analytics na Serasa Experian;<\/li>\n<li>Douglas da Silva, Multi solutions Consulting na Adobe;<\/li>\n<li>Adriana\u00a0Silva,\u00a0Mediadora (ASN.Rocks).<\/li>\n<\/ul>\n<p><strong>Inscreva-se agora mesmo!\u00a0<\/strong><\/p>\n<p role=\"status\" aria-live=\"polite\" aria-atomic=\"true\">\n<ul><\/ul>\n<form action=\"\/wp-admin\/admin-ajax.php#wpcf7-f76791-o1\" method=\"post\" novalidate=\"novalidate\" data-status=\"init\">\n<input type=\"hidden\" name=\"_wpcf7\" value=\"76791\" \/><br \/>\n<input type=\"hidden\" name=\"_wpcf7_version\" value=\"5.6.4\" \/><br \/>\n<input type=\"hidden\" name=\"_wpcf7_locale\" value=\"pt_BR\" \/><br \/>\n<input type=\"hidden\" name=\"_wpcf7_unit_tag\" value=\"wpcf7-f76791-o1\" \/><br \/>\n<input type=\"hidden\" name=\"_wpcf7_container_post\" value=\"0\" \/><br \/>\n<input type=\"hidden\" name=\"_wpcf7_posted_data_hash\" value=\"\" \/><br \/>\n<input type=\"text\" name=\"your-name\" value=\"\" size=\"40\" aria-required=\"true\" aria-invalid=\"false\" placeholder=\"Nome:*\" \/><input type=\"email\" name=\"your-email-address\" value=\"\" size=\"40\" aria-required=\"true\" aria-invalid=\"false\" placeholder=\"E -mail:*\" \/><input type=\"text\" name=\"your-mobile\" value=\"\" size=\"40\" aria-required=\"true\" aria-invalid=\"false\" placeholder=\"Telefone:*\" \/><input type=\"text\" name=\"linkedin\" value=\"\" size=\"40\" aria-required=\"true\" aria-invalid=\"false\" placeholder=\"Linkedin:*\" \/><textarea name=\"your-message\" cols=\"40\" rows=\"4\" aria-invalid=\"false\" placeholder=\"Mensagem:\"><\/textarea><input type=\"submit\" value=\"Enviar\" \/><\/p>\n<p><input type=\"reset\" id=\"reset\" style=\"display: none;\"><\/p>\n<\/form>\n<style>\/*! elementor - v3.7.8 - 02-10-2022 *\/\n.elementor-widget-divider{--divider-border-style:none;--divider-border-width:1px;--divider-color:#2c2c2c;--divider-icon-size:20px;--divider-element-spacing:10px;--divider-pattern-height:24px;--divider-pattern-size:20px;--divider-pattern-url:none;--divider-pattern-repeat:repeat-x}.elementor-widget-divider .elementor-divider{display:-webkit-box;display:-ms-flexbox;display:flex}.elementor-widget-divider .elementor-divider__text{font-size:15px;line-height:1;max-width:95%}.elementor-widget-divider .elementor-divider__element{margin:0 var(--divider-element-spacing);-ms-flex-negative:0;flex-shrink:0}.elementor-widget-divider .elementor-icon{font-size:var(--divider-icon-size)}.elementor-widget-divider .elementor-divider-separator{display:-webkit-box;display:-ms-flexbox;display:flex;margin:0;direction:ltr}.elementor-widget-divider--view-line_icon .elementor-divider-separator,.elementor-widget-divider--view-line_text .elementor-divider-separator{-webkit-box-align:center;-ms-flex-align:center;align-items:center}.elementor-widget-divider--view-line_icon .elementor-divider-separator:after,.elementor-widget-divider--view-line_icon .elementor-divider-separator:before,.elementor-widget-divider--view-line_text .elementor-divider-separator:after,.elementor-widget-divider--view-line_text .elementor-divider-separator:before{display:block;content:\"\";border-bottom:0;-webkit-box-flex:1;-ms-flex-positive:1;flex-grow:1;border-top:var(--divider-border-width) var(--divider-border-style) var(--divider-color)}.elementor-widget-divider--element-align-left .elementor-divider .elementor-divider-separator>.elementor-divider__svg:first-of-type{-webkit-box-flex:0;-ms-flex-positive:0;flex-grow:0;-ms-flex-negative:100;flex-shrink:100}.elementor-widget-divider--element-align-left .elementor-divider-separator:before{content:none}.elementor-widget-divider--element-align-left .elementor-divider__element{margin-left:0}.elementor-widget-divider--element-align-right .elementor-divider .elementor-divider-separator>.elementor-divider__svg:last-of-type{-webkit-box-flex:0;-ms-flex-positive:0;flex-grow:0;-ms-flex-negative:100;flex-shrink:100}.elementor-widget-divider--element-align-right .elementor-divider-separator:after{content:none}.elementor-widget-divider--element-align-right .elementor-divider__element{margin-right:0}.elementor-widget-divider:not(.elementor-widget-divider--view-line_text):not(.elementor-widget-divider--view-line_icon) .elementor-divider-separator{border-top:var(--divider-border-width) var(--divider-border-style) var(--divider-color)}.elementor-widget-divider--separator-type-pattern{--divider-border-style:none}.elementor-widget-divider--separator-type-pattern.elementor-widget-divider--view-line .elementor-divider-separator,.elementor-widget-divider--separator-type-pattern:not(.elementor-widget-divider--view-line) .elementor-divider-separator:after,.elementor-widget-divider--separator-type-pattern:not(.elementor-widget-divider--view-line) .elementor-divider-separator:before,.elementor-widget-divider--separator-type-pattern:not([class*=elementor-widget-divider--view]) .elementor-divider-separator{width:100%;min-height:var(--divider-pattern-height);-webkit-mask-size:var(--divider-pattern-size) 100%;mask-size:var(--divider-pattern-size) 100%;-webkit-mask-repeat:var(--divider-pattern-repeat);mask-repeat:var(--divider-pattern-repeat);background-color:var(--divider-color);-webkit-mask-image:var(--divider-pattern-url);mask-image:var(--divider-pattern-url)}.elementor-widget-divider--no-spacing{--divider-pattern-size:auto}.elementor-widget-divider--bg-round{--divider-pattern-repeat:round}.rtl .elementor-widget-divider .elementor-divider__text{direction:rtl}.e-container>.elementor-widget-divider{width:var(--container-widget-width,100%);--flex-grow:var(--container-widget-flex-grow,0)}<\/style>\n<p>\t\t\t\t\t\t\t\t\t\t\t\t\t\t\t<img width=\"1057\" height=\"214\" src=\"https:\/\/www.aunica.com\/wp-content\/uploads\/2023\/09\/header_institucional-1-e1603289042533.png\" alt=\"\" loading=\"lazy\" srcset=\"https:\/\/www.aunica.com\/wp-content\/uploads\/2023\/09\/header_institucional-1-e1603289042533.png 1057w, https:\/\/www.aunica.com\/wp-content\/uploads\/2023\/09\/header_institucional-1-e1603289042533-300x61.png 300w, https:\/\/www.aunica.com\/wp-content\/uploads\/2023\/09\/header_institucional-1-e1603289042533-1024x207.png 1024w, https:\/\/www.aunica.com\/wp-content\/uploads\/2023\/09\/header_institucional-1-e1603289042533-768x155.png 768w, https:\/\/www.aunica.com\/wp-content\/uploads\/2023\/09\/header_institucional-1-e1603289042533-200x40.png 200w\" sizes=\"(max-width: 1057px) 100vw, 1057px\" \/>\t\t\t\t\t\t\t\t\t\t\t\t\t\t\t<\/p>\n<p><strong>Parceira Oficial Adobe Experience Cloud<\/strong><\/p>\n<p>Uma das pioneiras no uso de inova\u00e7\u00f5es tecnol\u00f3gicas em campanhas de marketing digital no mercado brasileiro, a\u00a0<a href=\"https:\/\/www.aunica.com\/\" rel=\"noopener\"><strong>aunica Interactive Marketing<\/strong><\/a>\u00a0\u00e9 refer\u00eancia em Data Driven Marketing e Marketing Digital.<\/p>\n<p>Com mais de 18 anos e hist\u00f3rico comprovado com cases de sucesso, somos\u00a0<a href=\"https:\/\/www.aunica.com\/adobe\/\" rel=\"noopener\">parceiros da Adobe desde 2007<\/a>.<\/p>\n<p><strong>Quer saber mais sobre como as ferramentas da Adobe podem melhorar a performance nos canais digitais? Entre em contato com um de nossos especialistas.<\/strong><\/p>\n<p>\u00a0<br \/>\n\t\t\t\t\t<a href=\"#\" role=\"button\"><br \/>\n\t\t\t\t\t\t\t\t\t\t\t\t\tQUERO FALAR COM UM ESPECIALISTA<br \/>\n\t\t\t\t\t\t\t\t<\/a><\/p>\n<h2>Assine nossa Newsletter<\/h2>\n<p role=\"status\" aria-live=\"polite\" aria-atomic=\"true\">\n<ul><\/ul>\n<form action=\"\/wp-admin\/admin-ajax.php#wpcf7-f77602-o2\" method=\"post\" novalidate=\"novalidate\" data-status=\"init\">\n<input type=\"hidden\" name=\"_wpcf7\" value=\"77602\" \/><br \/>\n<input type=\"hidden\" name=\"_wpcf7_version\" value=\"5.6.4\" \/><br \/>\n<input type=\"hidden\" name=\"_wpcf7_locale\" value=\"pt_BR\" \/><br \/>\n<input type=\"hidden\" name=\"_wpcf7_unit_tag\" value=\"wpcf7-f77602-o2\" \/><br \/>\n<input type=\"hidden\" name=\"_wpcf7_container_post\" value=\"0\" \/><br \/>\n<input type=\"hidden\" name=\"_wpcf7_posted_data_hash\" value=\"\" \/><\/p>\n<p><label> Nome: <input type=\"text\" name=\"your-name\" value=\"\" size=\"40\" aria-required=\"true\" aria-invalid=\"false\" \/> <\/label><\/p>\n<p><label> E-mail: <input type=\"email\" name=\"your-email\" value=\"\" size=\"40\" aria-required=\"true\" aria-invalid=\"false\" \/> <\/label><\/p>\n<p><input type=\"submit\" value=\"Enviar\" \/><\/p>\n<\/form>\n","protected":false},"excerpt":{"rendered":"<p>Confira como a Vivo e a Serasa Experian est\u00e3o se destacando no mundo digital. Voc\u00ea sabe o que as grandes marcas fazem para se destacar no mundo digital, aumentar a receita, taxas de convers\u00e3o, otimizar processos e entregar \u00f3timas experi\u00eancias aos clientes? Esses s\u00e3o alguns dos artif\u00edcios que diferem grandes marcas da concorr\u00eancia.\u00a0 Com o\u00a0Adobe [&hellip;]<\/p>\n","protected":false},"author":5,"featured_media":0,"parent":0,"menu_order":7,"comment_status":"closed","ping_status":"closed","template":"","meta":{"content-type":""},"acf":[],"yoast_head":"<!-- This site is optimized with the Yoast SEO plugin v19.8 - https:\/\/yoast.com\/wordpress\/plugins\/seo\/ -->\n<title>Adobe target round table vivo serasa experian - aunica Interactive Marketing | Since 2004<\/title>\n<meta name=\"robots\" content=\"index, follow, max-snippet:-1, max-image-preview:large, max-video-preview:-1\" \/>\n<meta property=\"og:locale\" content=\"en_US\" \/>\n<meta property=\"og:type\" content=\"article\" \/>\n<meta property=\"og:title\" content=\"Adobe target round table vivo serasa experian - aunica Interactive Marketing | Since 2004\" \/>\n<meta property=\"og:description\" content=\"Confira como a Vivo e a Serasa Experian est\u00e3o se destacando no mundo digital. Voc\u00ea sabe o que as grandes marcas fazem para se destacar no mundo digital, aumentar a receita, taxas de convers\u00e3o, otimizar processos e entregar \u00f3timas experi\u00eancias aos clientes? Esses s\u00e3o alguns dos artif\u00edcios que diferem grandes marcas da concorr\u00eancia.\u00a0 Com o\u00a0Adobe [&hellip;]\" \/>\n<meta property=\"og:url\" content=\"https:\/\/www.aunica.com\/en\/adobe-target-round-table-vivo-serasa-experian\/\" \/>\n<meta property=\"og:site_name\" content=\"aunica Interactive Marketing | Since 2004\" \/>\n<meta property=\"og:image\" content=\"https:\/\/www.aunica.com\/wp-content\/uploads\/2023\/09\/amigos-pipoca-filminho.-1000x500-1.jpg\" \/>\n<meta name=\"twitter:card\" content=\"summary_large_image\" \/>\n<meta name=\"twitter:label1\" content=\"Est. reading time\" \/>\n\t<meta name=\"twitter:data1\" content=\"1 minute\" \/>\n<script type=\"application\/ld+json\" class=\"yoast-schema-graph\">{\"@context\":\"https:\/\/schema.org\",\"@graph\":[{\"@type\":\"WebPage\",\"@id\":\"https:\/\/www.aunica.com\/en\/adobe-target-round-table-vivo-serasa-experian\/\",\"url\":\"https:\/\/www.aunica.com\/en\/adobe-target-round-table-vivo-serasa-experian\/\",\"name\":\"Adobe target round table vivo serasa experian - aunica Interactive Marketing | Since 2004\",\"isPartOf\":{\"@id\":\"https:\/\/www.aunica.com\/#website\"},\"datePublished\":\"2023-09-12T18:25:39+00:00\",\"dateModified\":\"2023-09-12T18:25:39+00:00\",\"breadcrumb\":{\"@id\":\"https:\/\/www.aunica.com\/en\/adobe-target-round-table-vivo-serasa-experian\/#breadcrumb\"},\"inLanguage\":\"en-US\",\"potentialAction\":[{\"@type\":\"ReadAction\",\"target\":[\"https:\/\/www.aunica.com\/en\/adobe-target-round-table-vivo-serasa-experian\/\"]}]},{\"@type\":\"BreadcrumbList\",\"@id\":\"https:\/\/www.aunica.com\/en\/adobe-target-round-table-vivo-serasa-experian\/#breadcrumb\",\"itemListElement\":[{\"@type\":\"ListItem\",\"position\":1,\"name\":\"Home\",\"item\":\"https:\/\/www.aunica.com\/en\/\"},{\"@type\":\"ListItem\",\"position\":2,\"name\":\"Adobe target round table vivo serasa experian\"}]},{\"@type\":\"WebSite\",\"@id\":\"https:\/\/www.aunica.com\/#website\",\"url\":\"https:\/\/www.aunica.com\/\",\"name\":\"aunica Interactive Marketing | Since 2004\",\"description\":\"Especialistas em Data Driven Marketing\",\"potentialAction\":[{\"@type\":\"SearchAction\",\"target\":{\"@type\":\"EntryPoint\",\"urlTemplate\":\"https:\/\/www.aunica.com\/?s={search_term_string}\"},\"query-input\":\"required name=search_term_string\"}],\"inLanguage\":\"en-US\"}]}<\/script>\n<!-- \/ Yoast SEO plugin. -->","yoast_head_json":{"title":"Adobe target round table vivo serasa experian - aunica Interactive Marketing | Since 2004","robots":{"index":"index","follow":"follow","max-snippet":"max-snippet:-1","max-image-preview":"max-image-preview:large","max-video-preview":"max-video-preview:-1"},"og_locale":"en_US","og_type":"article","og_title":"Adobe target round table vivo serasa experian - aunica Interactive Marketing | Since 2004","og_description":"Confira como a Vivo e a Serasa Experian est\u00e3o se destacando no mundo digital. Voc\u00ea sabe o que as grandes marcas fazem para se destacar no mundo digital, aumentar a receita, taxas de convers\u00e3o, otimizar processos e entregar \u00f3timas experi\u00eancias aos clientes? Esses s\u00e3o alguns dos artif\u00edcios que diferem grandes marcas da concorr\u00eancia.\u00a0 Com o\u00a0Adobe [&hellip;]","og_url":"https:\/\/www.aunica.com\/en\/adobe-target-round-table-vivo-serasa-experian\/","og_site_name":"aunica Interactive Marketing | Since 2004","og_image":[{"url":"https:\/\/www.aunica.com\/wp-content\/uploads\/2023\/09\/amigos-pipoca-filminho.-1000x500-1.jpg"}],"twitter_card":"summary_large_image","twitter_misc":{"Est. reading time":"1 minute"},"schema":{"@context":"https:\/\/schema.org","@graph":[{"@type":"WebPage","@id":"https:\/\/www.aunica.com\/en\/adobe-target-round-table-vivo-serasa-experian\/","url":"https:\/\/www.aunica.com\/en\/adobe-target-round-table-vivo-serasa-experian\/","name":"Adobe target round table vivo serasa experian - aunica Interactive Marketing | Since 2004","isPartOf":{"@id":"https:\/\/www.aunica.com\/#website"},"datePublished":"2023-09-12T18:25:39+00:00","dateModified":"2023-09-12T18:25:39+00:00","breadcrumb":{"@id":"https:\/\/www.aunica.com\/en\/adobe-target-round-table-vivo-serasa-experian\/#breadcrumb"},"inLanguage":"en-US","potentialAction":[{"@type":"ReadAction","target":["https:\/\/www.aunica.com\/en\/adobe-target-round-table-vivo-serasa-experian\/"]}]},{"@type":"BreadcrumbList","@id":"https:\/\/www.aunica.com\/en\/adobe-target-round-table-vivo-serasa-experian\/#breadcrumb","itemListElement":[{"@type":"ListItem","position":1,"name":"Home","item":"https:\/\/www.aunica.com\/en\/"},{"@type":"ListItem","position":2,"name":"Adobe target round table vivo serasa experian"}]},{"@type":"WebSite","@id":"https:\/\/www.aunica.com\/#website","url":"https:\/\/www.aunica.com\/","name":"aunica Interactive Marketing | Since 2004","description":"Especialistas em Data Driven Marketing","potentialAction":[{"@type":"SearchAction","target":{"@type":"EntryPoint","urlTemplate":"https:\/\/www.aunica.com\/?s={search_term_string}"},"query-input":"required name=search_term_string"}],"inLanguage":"en-US"}]}},"_links":{"self":[{"href":"https:\/\/www.aunica.com\/en\/wp-json\/wp\/v2\/pages\/85601"}],"collection":[{"href":"https:\/\/www.aunica.com\/en\/wp-json\/wp\/v2\/pages"}],"about":[{"href":"https:\/\/www.aunica.com\/en\/wp-json\/wp\/v2\/types\/page"}],"author":[{"embeddable":true,"href":"https:\/\/www.aunica.com\/en\/wp-json\/wp\/v2\/users\/5"}],"replies":[{"embeddable":true,"href":"https:\/\/www.aunica.com\/en\/wp-json\/wp\/v2\/comments?post=85601"}],"version-history":[{"count":0,"href":"https:\/\/www.aunica.com\/en\/wp-json\/wp\/v2\/pages\/85601\/revisions"}],"wp:attachment":[{"href":"https:\/\/www.aunica.com\/en\/wp-json\/wp\/v2\/media?parent=85601"}],"curies":[{"name":"wp","href":"https:\/\/api.w.org\/{rel}","templated":true}]}}