{"id":85602,"date":"2023-09-12T17:36:17","date_gmt":"2023-09-12T17:36:17","guid":{"rendered":"https:\/\/www.aunica.com\/domo-vs-microsoft-power-bi\/"},"modified":"2023-09-12T17:36:17","modified_gmt":"2023-09-12T17:36:17","slug":"domo-vs-microsoft-power-bi","status":"publish","type":"page","link":"https:\/\/www.aunica.com\/en\/domo-vs-microsoft-power-bi\/","title":{"rendered":"Domo vs Microsoft Power Bi"},"content":{"rendered":"<style>\/*! elementor - v3.7.8 - 02-10-2022 *\/\n.elementor-heading-title{padding:0;margin:0;line-height:1}.elementor-widget-heading .elementor-heading-title[class*=elementor-size-]>a{color:inherit;font-size:inherit;line-height:inherit}.elementor-widget-heading .elementor-heading-title.elementor-size-small{font-size:15px}.elementor-widget-heading .elementor-heading-title.elementor-size-medium{font-size:19px}.elementor-widget-heading .elementor-heading-title.elementor-size-large{font-size:29px}.elementor-widget-heading .elementor-heading-title.elementor-size-xl{font-size:39px}.elementor-widget-heading .elementor-heading-title.elementor-size-xxl{font-size:59px}<\/style>\n<h2>Avaliando ferramentas de BI no mercado?<\/h2>\n<p>Voc\u00ea acredita que o Power BI<br \/>\u00e9 a melhor op\u00e7\u00e3o?<\/p>\n<p>Conhe\u00e7a todo o poder da plataforma Domo <br \/>antes de tomar sua decis\u00e3o.<\/p>\n<p>Fale com a aunica e saiba mais!<\/p>\n<h2>Considerando o Power BI?<\/h2>\n<p><strong>Antes de decidir, conhe\u00e7a o poder da plataforma Domo.<\/strong><\/p>\n<p>O mercado de tecnologia est\u00e1 inundado por solu\u00e7\u00f5es de\u00a0<em>B<\/em><i>usiness Intelligence<\/i>\u00a0de nicho, como o Power BI, que prometem resolver problemas espec\u00edficos e transformar grandes volumes de dados em tabelas e gr\u00e1ficos, mas:<\/p>\n<ul>\n<li>Isso \u00e9 o suficiente para atender as necessidades de neg\u00f3cios da sua empresa?<\/li>\n<li>E se houvesse uma ferramenta de\u00a0<em>Business Intelligence<\/em>\u00a0que entregasse mais do que tabelas e gr\u00e1ficos bonitos?<\/li>\n<\/ul>\n<p>A resposta para essas quest\u00f5es \u00e9 simples. A <strong>plataforma\u00a0<a href=\"https:\/\/www.aunica.com\/domo\/\">Domo<\/a><\/strong>\u00a0\u00e9 uma solu\u00e7\u00e3o completa, que vai al\u00e9m da visualiza\u00e7\u00e3o de dados do Excel.<\/p>\n<p><strong>Com a plataforma Domo, voc\u00ea pode:<\/strong><\/p>\n<ul>\n<li>Reunir e integrar todos os dados em uma \u00fanica plataforma;<\/li>\n<li>Analisar e combinar dados complexos sem um especialista em TI;<\/li>\n<li>Ir al\u00e9m dos relat\u00f3rios pr\u00e9-definidos e visualizar dados personalizados;<\/li>\n<li>Criar hist\u00f3rias\u00a0com o seus dados e aplicativos incr\u00edveis;<\/li>\n<li>Acabar com lacunas\/silos entre as \u00e1reas e agilizar a dissemina\u00e7\u00e3o da informa\u00e7\u00e3o;<\/li>\n<li>Tomar decis\u00f5es r\u00e1pidas em equipe com ferramentas de\u00a0<strong>Share<\/strong>,\u00a0<strong>Colabora\u00e7\u00e3o<\/strong>\u00a0e\u00a0<strong>Chat<\/strong>;<\/li>\n<li>Definir alertas para rastrear metas de desempenho e identificar anomalias;<\/li>\n<li>Acompanhar dados relevantes da sua empresa que seus colegas utilizam.<\/li>\n<\/ul>\n<h2>Domo versus Microsoft Power BI:<\/h2>\n<style>\/*! elementor - v3.7.8 - 02-10-2022 *\/\n.elementor-widget-image{text-align:center}.elementor-widget-image a{display:inline-block}.elementor-widget-image a img[src$=\".svg\"]{width:48px}.elementor-widget-image img{vertical-align:middle;display:inline-block}<\/style>\n<p>\t\t\t\t\t\t\t\t\t\t\t\t<img width=\"674\" height=\"447\" src=\"https:\/\/www.aunica.com\/wp-content\/uploads\/2023\/09\/TABELA_POWER-VS-DOMO-1.png\" alt=\"\" loading=\"lazy\" srcset=\"https:\/\/www.aunica.com\/wp-content\/uploads\/2023\/09\/TABELA_POWER-VS-DOMO-1.png 674w, https:\/\/www.aunica.com\/wp-content\/uploads\/2023\/09\/TABELA_POWER-VS-DOMO-1-300x199.png 300w, https:\/\/www.aunica.com\/wp-content\/uploads\/2023\/09\/TABELA_POWER-VS-DOMO-1-200x133.png 200w\" sizes=\"(max-width: 674px) 100vw, 674px\" \/><br \/>\n\t\t<strong>Solicite agora uma demonstra\u00e7\u00e3o <br \/>\u00a0Preencha nosso formul\u00e1rio.<\/strong>\t\t<\/p>\n<p role=\"status\" aria-live=\"polite\" aria-atomic=\"true\">\n<ul><\/ul>\n<form action=\"\/wp-admin\/admin-ajax.php#wpcf7-f77371-o1\" method=\"post\" novalidate=\"novalidate\" data-status=\"init\">\n<input type=\"hidden\" name=\"_wpcf7\" value=\"77371\" \/><br \/>\n<input type=\"hidden\" name=\"_wpcf7_version\" value=\"5.6.4\" \/><br \/>\n<input type=\"hidden\" name=\"_wpcf7_locale\" value=\"en_US\" \/><br \/>\n<input type=\"hidden\" name=\"_wpcf7_unit_tag\" value=\"wpcf7-f77371-o1\" \/><br \/>\n<input type=\"hidden\" name=\"_wpcf7_container_post\" value=\"0\" \/><br \/>\n<input type=\"hidden\" name=\"_wpcf7_posted_data_hash\" value=\"\" \/><\/p>\n<p><label for=\"fullName\">Nome*<\/label><br \/>\n<input type=\"text\" name=\"fullName\" value=\"\" size=\"40\" aria-required=\"true\" aria-invalid=\"false\" \/><\/p>\n<p><label for=\"phone\">Telefone*<\/label><br \/>\n<input type=\"text\" name=\"phone\" value=\"\" size=\"40\" aria-required=\"true\" aria-invalid=\"false\" \/><\/p>\n<p><label for=\"company\">Empresa*<\/label><br \/>\n<input type=\"text\" name=\"company\" value=\"\" size=\"40\" aria-required=\"true\" aria-invalid=\"false\" \/><\/p>\n<p><label for=\"role\">Cargo<\/label><br \/>\n<input type=\"text\" name=\"role\" value=\"\" size=\"40\" aria-invalid=\"false\" \/><\/p>\n<p><label for=\"email\">Email*<\/label><br \/>\n<input type=\"email\" name=\"email\" value=\"\" size=\"40\" aria-required=\"true\" aria-invalid=\"false\" \/><\/p>\n<p><input type=\"submit\" value=\"Enviar\" \/><\/p>\n<\/form>\n<p><strong>A Domo ajuda empresas de todos os tamanhos, em todos os setores:<\/strong><\/p>\n<p>\u00a0<br \/>\n\t\t\t\t\t\t\t\t\t\t\t\t<img src=\"https:\/\/www.aunica.com\/wp-content\/uploads\/2023\/09\/cisco-@2x-1.png\" alt=\"cisco-@2x-1\"  srcset=\"https:\/\/www.aunica.com\/wp-content\/uploads\/2023\/09\/cisco-@2x-1.png 468w, https:\/\/www.aunica.com\/wp-content\/uploads\/2023\/09\/cisco-@2x-1-300x187.png 300w, https:\/\/www.aunica.com\/wp-content\/uploads\/2023\/09\/cisco-@2x-1-200x125.png 200w\" sizes=\"(max-width: 468px) 100vw, 468px\" \/><br \/>\n\t\t\t\t\t\t\t\t\t\t\t\t<img src=\"https:\/\/www.aunica.com\/wp-content\/uploads\/2023\/09\/dhl-1.png\" alt=\"dhl-1\"  srcset=\"https:\/\/www.aunica.com\/wp-content\/uploads\/2023\/09\/dhl-1.png 468w, https:\/\/www.aunica.com\/wp-content\/uploads\/2023\/09\/dhl-1-300x187.png 300w, https:\/\/www.aunica.com\/wp-content\/uploads\/2023\/09\/dhl-1-200x125.png 200w\" sizes=\"(max-width: 468px) 100vw, 468px\" \/><br \/>\n\t\t\t\t\t\t\t\t\t\t\t\t<img src=\"https:\/\/www.aunica.com\/wp-content\/uploads\/2023\/09\/drconsulta-1.png\" alt=\"drconsulta-1\"  srcset=\"https:\/\/www.aunica.com\/wp-content\/uploads\/2023\/09\/drconsulta-1.png 468w, https:\/\/www.aunica.com\/wp-content\/uploads\/2023\/09\/drconsulta-1-300x187.png 300w, https:\/\/www.aunica.com\/wp-content\/uploads\/2023\/09\/drconsulta-1-200x125.png 200w\" sizes=\"(max-width: 468px) 100vw, 468px\" \/><br \/>\n\t\t\t\t\t\t\t\t\t\t\t\t<img src=\"https:\/\/www.aunica.com\/wp-content\/uploads\/2023\/09\/zillow-@2x-1.png\" alt=\"zillow-@2x-1\"  srcset=\"https:\/\/www.aunica.com\/wp-content\/uploads\/2023\/09\/zillow-@2x-1.png 468w, https:\/\/www.aunica.com\/wp-content\/uploads\/2023\/09\/zillow-@2x-1-300x187.png 300w, https:\/\/www.aunica.com\/wp-content\/uploads\/2023\/09\/zillow-@2x-1-200x125.png 200w\" sizes=\"(max-width: 468px) 100vw, 468px\" \/><br \/>\n\t\t\t\t\t\t\t\t\t\t\t\t<img src=\"https:\/\/www.aunica.com\/wp-content\/uploads\/2023\/09\/ESPN@2x.png\" alt=\"ESPN@2x\"  srcset=\"https:\/\/www.aunica.com\/wp-content\/uploads\/2023\/09\/ESPN@2x.png 468w, https:\/\/www.aunica.com\/wp-content\/uploads\/2023\/09\/ESPN@2x-300x187.png 300w, https:\/\/www.aunica.com\/wp-content\/uploads\/2023\/09\/ESPN@2x-200x125.png 200w\" sizes=\"(max-width: 468px) 100vw, 468px\" \/><br \/>\n\t\t\t\t\t\t\t\t\t\t\t\t\t\t\t\tPrevious<br \/>\n\t\t\t\t\t\t\t\t\t\t\t\t\t\t\t\tNext<\/p>\n","protected":false},"excerpt":{"rendered":"<p>Avaliando ferramentas de BI no mercado? Voc\u00ea acredita que o Power BI\u00e9 a melhor op\u00e7\u00e3o? Conhe\u00e7a todo o poder da plataforma Domo antes de tomar sua decis\u00e3o. Fale com a aunica e saiba mais! Considerando o Power BI? Antes de decidir, conhe\u00e7a o poder da plataforma Domo. O mercado de tecnologia est\u00e1 inundado por solu\u00e7\u00f5es [&hellip;]<\/p>\n","protected":false},"author":5,"featured_media":0,"parent":0,"menu_order":7,"comment_status":"closed","ping_status":"closed","template":"","meta":{"content-type":""},"acf":[],"yoast_head":"<!-- This site is optimized with the Yoast SEO plugin v19.8 - https:\/\/yoast.com\/wordpress\/plugins\/seo\/ -->\n<title>Domo vs Microsoft Power Bi - aunica Interactive Marketing | Since 2004<\/title>\n<meta name=\"robots\" content=\"index, follow, max-snippet:-1, max-image-preview:large, max-video-preview:-1\" \/>\n<meta property=\"og:locale\" content=\"en_US\" \/>\n<meta property=\"og:type\" content=\"article\" \/>\n<meta property=\"og:title\" content=\"Domo vs Microsoft Power Bi - aunica Interactive Marketing | Since 2004\" \/>\n<meta property=\"og:description\" content=\"Avaliando ferramentas de BI no mercado? Voc\u00ea acredita que o Power BI\u00e9 a melhor op\u00e7\u00e3o? Conhe\u00e7a todo o poder da plataforma Domo antes de tomar sua decis\u00e3o. Fale com a aunica e saiba mais! Considerando o Power BI? Antes de decidir, conhe\u00e7a o poder da plataforma Domo. O mercado de tecnologia est\u00e1 inundado por solu\u00e7\u00f5es [&hellip;]\" \/>\n<meta property=\"og:url\" content=\"https:\/\/www.aunica.com\/en\/domo-vs-microsoft-power-bi\/\" \/>\n<meta property=\"og:site_name\" content=\"aunica Interactive Marketing | Since 2004\" \/>\n<meta property=\"og:image\" content=\"https:\/\/www.aunica.com\/wp-content\/uploads\/2023\/09\/TABELA_POWER-VS-DOMO-1.png\" \/>\n<meta name=\"twitter:card\" content=\"summary_large_image\" \/>\n<meta name=\"twitter:label1\" content=\"Est. reading time\" \/>\n\t<meta name=\"twitter:data1\" content=\"1 minute\" \/>\n<script type=\"application\/ld+json\" class=\"yoast-schema-graph\">{\"@context\":\"https:\/\/schema.org\",\"@graph\":[{\"@type\":\"WebPage\",\"@id\":\"https:\/\/www.aunica.com\/en\/domo-vs-microsoft-power-bi\/\",\"url\":\"https:\/\/www.aunica.com\/en\/domo-vs-microsoft-power-bi\/\",\"name\":\"Domo vs Microsoft Power Bi - aunica Interactive Marketing | Since 2004\",\"isPartOf\":{\"@id\":\"https:\/\/www.aunica.com\/#website\"},\"datePublished\":\"2023-09-12T17:36:17+00:00\",\"dateModified\":\"2023-09-12T17:36:17+00:00\",\"breadcrumb\":{\"@id\":\"https:\/\/www.aunica.com\/en\/domo-vs-microsoft-power-bi\/#breadcrumb\"},\"inLanguage\":\"en-US\",\"potentialAction\":[{\"@type\":\"ReadAction\",\"target\":[\"https:\/\/www.aunica.com\/en\/domo-vs-microsoft-power-bi\/\"]}]},{\"@type\":\"BreadcrumbList\",\"@id\":\"https:\/\/www.aunica.com\/en\/domo-vs-microsoft-power-bi\/#breadcrumb\",\"itemListElement\":[{\"@type\":\"ListItem\",\"position\":1,\"name\":\"Home\",\"item\":\"https:\/\/www.aunica.com\/en\/\"},{\"@type\":\"ListItem\",\"position\":2,\"name\":\"Domo vs Microsoft Power Bi\"}]},{\"@type\":\"WebSite\",\"@id\":\"https:\/\/www.aunica.com\/#website\",\"url\":\"https:\/\/www.aunica.com\/\",\"name\":\"aunica Interactive Marketing | Since 2004\",\"description\":\"Especialistas em Data Driven Marketing\",\"potentialAction\":[{\"@type\":\"SearchAction\",\"target\":{\"@type\":\"EntryPoint\",\"urlTemplate\":\"https:\/\/www.aunica.com\/?s={search_term_string}\"},\"query-input\":\"required name=search_term_string\"}],\"inLanguage\":\"en-US\"}]}<\/script>\n<!-- \/ Yoast SEO plugin. -->","yoast_head_json":{"title":"Domo vs Microsoft Power Bi - aunica Interactive Marketing | Since 2004","robots":{"index":"index","follow":"follow","max-snippet":"max-snippet:-1","max-image-preview":"max-image-preview:large","max-video-preview":"max-video-preview:-1"},"og_locale":"en_US","og_type":"article","og_title":"Domo vs Microsoft Power Bi - aunica Interactive Marketing | Since 2004","og_description":"Avaliando ferramentas de BI no mercado? Voc\u00ea acredita que o Power BI\u00e9 a melhor op\u00e7\u00e3o? Conhe\u00e7a todo o poder da plataforma Domo antes de tomar sua decis\u00e3o. Fale com a aunica e saiba mais! Considerando o Power BI? Antes de decidir, conhe\u00e7a o poder da plataforma Domo. O mercado de tecnologia est\u00e1 inundado por solu\u00e7\u00f5es [&hellip;]","og_url":"https:\/\/www.aunica.com\/en\/domo-vs-microsoft-power-bi\/","og_site_name":"aunica Interactive Marketing | Since 2004","og_image":[{"url":"https:\/\/www.aunica.com\/wp-content\/uploads\/2023\/09\/TABELA_POWER-VS-DOMO-1.png"}],"twitter_card":"summary_large_image","twitter_misc":{"Est. reading time":"1 minute"},"schema":{"@context":"https:\/\/schema.org","@graph":[{"@type":"WebPage","@id":"https:\/\/www.aunica.com\/en\/domo-vs-microsoft-power-bi\/","url":"https:\/\/www.aunica.com\/en\/domo-vs-microsoft-power-bi\/","name":"Domo vs Microsoft Power Bi - aunica Interactive Marketing | Since 2004","isPartOf":{"@id":"https:\/\/www.aunica.com\/#website"},"datePublished":"2023-09-12T17:36:17+00:00","dateModified":"2023-09-12T17:36:17+00:00","breadcrumb":{"@id":"https:\/\/www.aunica.com\/en\/domo-vs-microsoft-power-bi\/#breadcrumb"},"inLanguage":"en-US","potentialAction":[{"@type":"ReadAction","target":["https:\/\/www.aunica.com\/en\/domo-vs-microsoft-power-bi\/"]}]},{"@type":"BreadcrumbList","@id":"https:\/\/www.aunica.com\/en\/domo-vs-microsoft-power-bi\/#breadcrumb","itemListElement":[{"@type":"ListItem","position":1,"name":"Home","item":"https:\/\/www.aunica.com\/en\/"},{"@type":"ListItem","position":2,"name":"Domo vs Microsoft Power Bi"}]},{"@type":"WebSite","@id":"https:\/\/www.aunica.com\/#website","url":"https:\/\/www.aunica.com\/","name":"aunica Interactive Marketing | Since 2004","description":"Especialistas em Data Driven Marketing","potentialAction":[{"@type":"SearchAction","target":{"@type":"EntryPoint","urlTemplate":"https:\/\/www.aunica.com\/?s={search_term_string}"},"query-input":"required name=search_term_string"}],"inLanguage":"en-US"}]}},"_links":{"self":[{"href":"https:\/\/www.aunica.com\/en\/wp-json\/wp\/v2\/pages\/85602"}],"collection":[{"href":"https:\/\/www.aunica.com\/en\/wp-json\/wp\/v2\/pages"}],"about":[{"href":"https:\/\/www.aunica.com\/en\/wp-json\/wp\/v2\/types\/page"}],"author":[{"embeddable":true,"href":"https:\/\/www.aunica.com\/en\/wp-json\/wp\/v2\/users\/5"}],"replies":[{"embeddable":true,"href":"https:\/\/www.aunica.com\/en\/wp-json\/wp\/v2\/comments?post=85602"}],"version-history":[{"count":0,"href":"https:\/\/www.aunica.com\/en\/wp-json\/wp\/v2\/pages\/85602\/revisions"}],"wp:attachment":[{"href":"https:\/\/www.aunica.com\/en\/wp-json\/wp\/v2\/media?parent=85602"}],"curies":[{"name":"wp","href":"https:\/\/api.w.org\/{rel}","templated":true}]}}