{"id":85603,"date":"2023-09-12T14:08:25","date_gmt":"2023-09-12T14:08:25","guid":{"rendered":"https:\/\/www.aunica.com\/adobe\/"},"modified":"2023-09-12T14:08:25","modified_gmt":"2023-09-12T14:08:25","slug":"adobe","status":"publish","type":"page","link":"https:\/\/www.aunica.com\/en\/adobe\/","title":{"rendered":"Adobe"},"content":{"rendered":"<style>\/*! elementor - v3.7.8 - 02-10-2022 *\/\n.elementor-heading-title{padding:0;margin:0;line-height:1}.elementor-widget-heading .elementor-heading-title[class*=elementor-size-]>a{color:inherit;font-size:inherit;line-height:inherit}.elementor-widget-heading .elementor-heading-title.elementor-size-small{font-size:15px}.elementor-widget-heading .elementor-heading-title.elementor-size-medium{font-size:19px}.elementor-widget-heading .elementor-heading-title.elementor-size-large{font-size:29px}.elementor-widget-heading .elementor-heading-title.elementor-size-xl{font-size:39px}.elementor-widget-heading .elementor-heading-title.elementor-size-xxl{font-size:59px}<\/style>\n<h2>Impulsione o seu <br \/>\nCustomer Experience<\/h2>\n<style>\/*! elementor - v3.7.8 - 02-10-2022 *\/\n.elementor-widget-image{text-align:center}.elementor-widget-image a{display:inline-block}.elementor-widget-image a img[src$=\".svg\"]{width:48px}.elementor-widget-image img{vertical-align:middle;display:inline-block}<\/style>\n<p>\t\t\t\t\t\t\t\t\t\t\t\t<img width=\"869\" height=\"384\" src=\"https:\/\/www.aunica.com\/wp-content\/uploads\/2023\/09\/adobe-banner-logo.png\" alt=\"\" loading=\"lazy\" srcset=\"https:\/\/www.aunica.com\/wp-content\/uploads\/2023\/09\/adobe-banner-logo.png 869w, https:\/\/www.aunica.com\/wp-content\/uploads\/2023\/09\/adobe-banner-logo-300x133.png 300w, https:\/\/www.aunica.com\/wp-content\/uploads\/2023\/09\/adobe-banner-logo-768x339.png 768w, https:\/\/www.aunica.com\/wp-content\/uploads\/2023\/09\/adobe-banner-logo-200x88.png 200w\" sizes=\"(max-width: 869px) 100vw, 869px\" \/>\t\t\t\t\t\t\t\t\t\t\t\t\t\t\t<\/p>\n<p>Otimize suas a\u00e7\u00f5es de marketing digital com uma plataforma completa e unificada com as melhores solu\u00e7\u00f5es de tecnologia de marketing do mercado. Com a ajuda de um ecossistema aberto, a metodologia da aunica e as solu\u00e7\u00f5es Adobe se conectam para criar experi\u00eancias complexas e aprimoradas para seus clientes.<\/p>\n<p>\t\t\t\t\t<a href=\"#\" role=\"button\"><br \/>\n\t\t\t\t\t\t\t\t\t\t\t\t\tFale com um especialista<br \/>\n\t\t\t\t\t\t\t\t<\/a><\/p>\n<h2>Adobe Experience Cloud<\/h2>\n<p>\t\t\t\t\t\t\t\t\t\t\t\t\t\t\t<img width=\"1242\" height=\"711\" src=\"https:\/\/www.aunica.com\/wp-content\/uploads\/2023\/09\/adobe-people.jpg\" alt=\"\" loading=\"lazy\" srcset=\"https:\/\/www.aunica.com\/wp-content\/uploads\/2023\/09\/adobe-people.jpg 1242w, https:\/\/www.aunica.com\/wp-content\/uploads\/2023\/09\/adobe-people-300x172.jpg 300w, https:\/\/www.aunica.com\/wp-content\/uploads\/2023\/09\/adobe-people-1024x586.jpg 1024w, https:\/\/www.aunica.com\/wp-content\/uploads\/2023\/09\/adobe-people-768x440.jpg 768w, https:\/\/www.aunica.com\/wp-content\/uploads\/2023\/09\/adobe-people-200x114.jpg 200w\" sizes=\"(max-width: 1242px) 100vw, 1242px\" \/>\t\t\t\t\t\t\t\t\t\t\t\t\t\t\t<\/p>\n<p>Este \u00e9 o momento de impulsionar suas vendas com a melhora da experi\u00eancia do seu usu\u00e1rio com base em dados analisados em tempo real.<\/p>\n<p>A Adobe Experience Cloud oferece um conjunto completo de solu\u00e7\u00f5es anal\u00edticas, sociais e publicit\u00e1rias, com segmenta\u00e7\u00e3o e gerenciamento da experi\u00eancia online do consumidor.<\/p>\n<p>\t\t\t\t\t\t\t\t\t\t\t\t<img src=\"https:\/\/www.aunica.com\/wp-content\/uploads\/2023\/09\/adobe-2-150x150.jpg\" alt=\"adobe-2\"  srcset=\"https:\/\/www.aunica.com\/wp-content\/uploads\/2023\/09\/adobe-2-150x150.jpg 150w, https:\/\/www.aunica.com\/wp-content\/uploads\/2023\/09\/adobe-2-300x300.jpg 300w, https:\/\/www.aunica.com\/wp-content\/uploads\/2023\/09\/adobe-2-200x200.jpg 200w, https:\/\/www.aunica.com\/wp-content\/uploads\/2023\/09\/adobe-2.jpg 425w\" sizes=\"(max-width: 150px) 100vw, 150px\" \/><\/p>\n<h3>Adobe Audience Manager<br \/>\n\t\t\t\t\t\t\t\t<\/h3>\n<p>Re\u00fane todos os dados de clientes de qualquer origem em um \u00fanico lugar para criar p\u00fablicos espec\u00edficos para a\u00e7\u00f5es imediatas.<\/p>\n<p>\t\t\t\t\t\t\t\t\t\t\t\t<img src=\"https:\/\/www.aunica.com\/wp-content\/uploads\/2023\/09\/adobe-3-150x150.jpg\" alt=\"adobe-3\"  srcset=\"https:\/\/www.aunica.com\/wp-content\/uploads\/2023\/09\/adobe-3-150x150.jpg 150w, https:\/\/www.aunica.com\/wp-content\/uploads\/2023\/09\/adobe-3-300x300.jpg 300w, https:\/\/www.aunica.com\/wp-content\/uploads\/2023\/09\/adobe-3-200x200.jpg 200w, https:\/\/www.aunica.com\/wp-content\/uploads\/2023\/09\/adobe-3.jpg 425w\" sizes=\"(max-width: 150px) 100vw, 150px\" \/><\/p>\n<h3>Adobe Target<br \/>\n\t\t\t\t\t\t\t\t<\/h3>\n<p>Solu\u00e7\u00e3o de personaliza\u00e7\u00e3o da experi\u00eancia do consumidor que permite testar e otimizar a\u00e7\u00f5es usando aprendizado automatizado. <\/p>\n<p>\t\t\t\t\t\t\t\t\t\t\t\t<img src=\"https:\/\/www.aunica.com\/wp-content\/uploads\/2023\/09\/adobe-4-150x150.jpg\" alt=\"adobe-4\"  srcset=\"https:\/\/www.aunica.com\/wp-content\/uploads\/2023\/09\/adobe-4-150x150.jpg 150w, https:\/\/www.aunica.com\/wp-content\/uploads\/2023\/09\/adobe-4-300x300.jpg 300w, https:\/\/www.aunica.com\/wp-content\/uploads\/2023\/09\/adobe-4-200x200.jpg 200w, https:\/\/www.aunica.com\/wp-content\/uploads\/2023\/09\/adobe-4.jpg 425w\" sizes=\"(max-width: 150px) 100vw, 150px\" \/><\/p>\n<h3>Adobe Campaign<br \/>\n\t\t\t\t\t\t\t\t<\/h3>\n<p>Faz o gerenciamento e automatiza\u00e7\u00e3o de e-mails marketing, an\u00fancios e campanhas de marketing omnichannel.\n        <\/p>\n<p>\t\t\t\t\t\t\t\t\t\t\t\t<img src=\"https:\/\/www.aunica.com\/wp-content\/uploads\/2023\/09\/adobe-5-150x150.jpg\" alt=\"adobe-5\"  srcset=\"https:\/\/www.aunica.com\/wp-content\/uploads\/2023\/09\/adobe-5-150x150.jpg 150w, https:\/\/www.aunica.com\/wp-content\/uploads\/2023\/09\/adobe-5-300x300.jpg 300w, https:\/\/www.aunica.com\/wp-content\/uploads\/2023\/09\/adobe-5-200x200.jpg 200w, https:\/\/www.aunica.com\/wp-content\/uploads\/2023\/09\/adobe-5.jpg 425w\" sizes=\"(max-width: 150px) 100vw, 150px\" \/><\/p>\n<h3>Adobe Experience Manager<br \/>\n\t\t\t\t\t\t\t\t<\/h3>\n<p>Gerencia de maneira simples e din\u00e2mica conte\u00fados e ativos digitais.\n        <\/p>\n<p>\t\t\t\t\t\t\t\t\t\t\t\t<img src=\"https:\/\/www.aunica.com\/wp-content\/uploads\/2023\/09\/adobe-6-150x150.jpg\" alt=\"adobe-6\"  srcset=\"https:\/\/www.aunica.com\/wp-content\/uploads\/2023\/09\/adobe-6-150x150.jpg 150w, https:\/\/www.aunica.com\/wp-content\/uploads\/2023\/09\/adobe-6-300x300.jpg 300w, https:\/\/www.aunica.com\/wp-content\/uploads\/2023\/09\/adobe-6-200x200.jpg 200w, https:\/\/www.aunica.com\/wp-content\/uploads\/2023\/09\/adobe-6.jpg 425w\" sizes=\"(max-width: 150px) 100vw, 150px\" \/><\/p>\n<h3>Adobe Advertising Cloud<br \/>\n\t\t\t\t\t\t\t\t<\/h3>\n<p>Unifica e automatiza todas a compra e m\u00eddia, incluindo TV e pesquisa de m\u00eddias sociais em uma \u00fanica plataforma independente.\n        <\/p>\n<p>\t\t\t\t\t\t\t\t\t\t\t\t<img src=\"https:\/\/www.aunica.com\/wp-content\/uploads\/2023\/09\/adobe-7-150x150.jpg\" alt=\"adobe-7\"  srcset=\"https:\/\/www.aunica.com\/wp-content\/uploads\/2023\/09\/adobe-7-150x150.jpg 150w, https:\/\/www.aunica.com\/wp-content\/uploads\/2023\/09\/adobe-7-300x300.jpg 300w, https:\/\/www.aunica.com\/wp-content\/uploads\/2023\/09\/adobe-7-200x200.jpg 200w, https:\/\/www.aunica.com\/wp-content\/uploads\/2023\/09\/adobe-7.jpg 425w\" sizes=\"(max-width: 150px) 100vw, 150px\" \/><\/p>\n<h3>Marketo Engage<br \/>\n\t\t\t\t\t\t\t\t<\/h3>\n<p>Simplifica o planejamento, prepara\u00e7\u00e3o e avalia\u00e7\u00e3o do engajamento dos clientes em cada est\u00e1gio da experi\u00eancia de compra. <\/p>\n<p>\t\t\t\t\t\t\t\t\t\t\t\t<img src=\"https:\/\/www.aunica.com\/wp-content\/uploads\/2023\/09\/adobe-1-150x150.jpg\" alt=\"adobe-1\"  \/><\/p>\n<h3>Adobe Analytics<br \/>\n\t\t\t\t\t\t\t\t<\/h3>\n<p>Permite fazer a an\u00e1lise completa de dados do perfil do seu cliente para insights em tempo real. <\/p>\n<p>\t\t\t\t\t\t\t\t\t\t\t\t<img src=\"https:\/\/www.aunica.com\/wp-content\/uploads\/2023\/09\/adobe-8-150x150.jpg\" alt=\"adobe-8\"  \/><\/p>\n<h3>Magento Commerce<br \/>\n\t\t\t\t\t\t\t\t<\/h3>\n<p>Cria experi\u00eancias de compra e vitrines digitais sem complica\u00e7\u00f5es, e com experi\u00eancias omnichanel de maneira unificada. <\/p>\n<p>\t\t\t\t\t\t\t\t\t\t\t\t\t\t\t\tPrevious<br \/>\n\t\t\t\t\t\t\t\t\t\t\t\t\t\t\t\tNext<\/p>\n<p>A aunica \u00e9 parceira oficial e certificada da Adobe no Brasil, com profissionais preparados para impulsionar as estrat\u00e9gias de marketing da sua empresa explorando todo o potencial da Adobe Experience Cloud.<\/p>\n<p>Confira cases com a aplica\u00e7\u00e3o da ferramenta:<\/p>\n<p>\t\t\t\t\t\t\t\t\t\t\t\t\t\t\t<img width=\"500\" height=\"500\" src=\"https:\/\/www.aunica.com\/wp-content\/uploads\/2023\/09\/case-azul-2-1.png\" alt=\"\" loading=\"lazy\" srcset=\"https:\/\/www.aunica.com\/wp-content\/uploads\/2023\/09\/case-azul-2-1.png 500w, https:\/\/www.aunica.com\/wp-content\/uploads\/2023\/09\/case-azul-2-1-300x300.png 300w, https:\/\/www.aunica.com\/wp-content\/uploads\/2023\/09\/case-azul-2-1-150x150.png 150w, https:\/\/www.aunica.com\/wp-content\/uploads\/2023\/09\/case-azul-2-1-200x200.png 200w\" sizes=\"(max-width: 500px) 100vw, 500px\" \/>\t\t\t\t\t\t\t\t\t\t\t\t\t\t\t<\/p>\n<p><strong>Azul Linhas A\u00e9reas<\/strong><\/p>\n<p>Com a otimiza\u00e7\u00e3o de a\u00e7\u00f5es, foi poss\u00edvel aplicar regras de neg\u00f3cio de acordo com o comportamento dos clientes e a sazonalidade de acesso ao site.<\/p>\n<p>\t\t\t\t\t<a href=\"#\" role=\"button\"><br \/>\n\t\t\t\t\t\t\t\t\t\t\t\t\tBaixar Case<br \/>\n\t\t\t\t\t\t\t\t<\/a><br \/>\n\t\t\t\t\t\t\t\t\t\t\t\t\t\t\t<img width=\"500\" height=\"500\" src=\"https:\/\/www.aunica.com\/wp-content\/uploads\/2023\/09\/case-casasbahia.png\" alt=\"\" loading=\"lazy\" srcset=\"https:\/\/www.aunica.com\/wp-content\/uploads\/2023\/09\/case-casasbahia.png 500w, https:\/\/www.aunica.com\/wp-content\/uploads\/2023\/09\/case-casasbahia-300x300.png 300w, https:\/\/www.aunica.com\/wp-content\/uploads\/2023\/09\/case-casasbahia-150x150.png 150w, https:\/\/www.aunica.com\/wp-content\/uploads\/2023\/09\/case-casasbahia-200x200.png 200w\" sizes=\"(max-width: 500px) 100vw, 500px\" \/>\t\t\t\t\t\t\t\t\t\t\t\t\t\t\t<\/p>\n<p><strong>Azul Linhas A\u00e9reas<\/strong><\/p>\n<p>Com a otimiza\u00e7\u00e3o de a\u00e7\u00f5es, foi poss\u00edvel aplicar regras de neg\u00f3cio de acordo com o comportamento dos clientes e a sazonalidade de acesso ao site.<\/p>\n<p>\t\t\t\t\t<a href=\"#\" role=\"button\"><br \/>\n\t\t\t\t\t\t\t\t\t\t\t\t\tBaixar Case<br \/>\n\t\t\t\t\t\t\t\t<\/a><\/p>\n<p>Voc\u00ea tamb\u00e9m pode falar com um especialista\u00a0clicando aqui.<\/p>\n<h2>aunica Interactive Marketing<\/h2>\n<p>\t\t\t\t\t\t\t\t\t\t\t\t\t\t\t<img width=\"540\" height=\"310\" src=\"https:\/\/www.aunica.com\/wp-content\/uploads\/2023\/09\/banner-aunica.jpg\" alt=\"\" loading=\"lazy\" srcset=\"https:\/\/www.aunica.com\/wp-content\/uploads\/2023\/09\/banner-aunica.jpg 540w, https:\/\/www.aunica.com\/wp-content\/uploads\/2023\/09\/banner-aunica-300x172.jpg 300w, https:\/\/www.aunica.com\/wp-content\/uploads\/2023\/09\/banner-aunica-200x115.jpg 200w\" sizes=\"(max-width: 540px) 100vw, 540px\" \/>\t\t\t\t\t\t\t\t\t\t\t\t\t\t\t<\/p>\n<section id=\"servicos\">\n<p>Uma das pioneiras no uso de inova\u00e7\u00f5es tecnol\u00f3gicas em campanhas de\u00a0<a href=\"https:\/\/www.aunica.com\/artigos\/dados-criatividade-marketing\/\">marketing digital<\/a>\u00a0no mercado brasileiro, a\u00a0<a href=\"https:\/\/www.aunica.com\/\">aunica Interactive Marketing<\/a>\u00a0\u00e9 refer\u00eancia em Data Driven Marketing e Marketing Digital.<\/p>\n<p>Parceira oficial e certificada Adobe, nossa hist\u00f3ria juntos remonta a 2007, quando a aunica trouxe ao Brasil o primeiro sistema de Web Analytics em tempo real e segmentado do mundo, a Websidestory\/HBX, que mais tarde seria adquirida pela Omniture e ent\u00e3o pela Adobe.<\/p>\n<p>Nosso objetivo em 15 anos de tradi\u00e7\u00e3o \u00e9 ajudar outras companhias a criar valor em intera\u00e7\u00f5es com os consumidores de maneira rent\u00e1vel usando estrat\u00e9gia, dados, tecnologia e criatividade para alcan\u00e7ar objetivos no meio digital com foco em inova\u00e7\u00e3o e performance.<\/p>\n<p>Conhe\u00e7a nossos principais\u00a0<a href=\"https:\/\/www.aunica.com\/servicos\/\">servi\u00e7os<\/a>:<\/p>\n<\/section>\n<p>\t\t\t\t\t\t\t\t\t\t\t\t<img src=\"https:\/\/www.aunica.com\/wp-content\/uploads\/2023\/09\/square-branding.jpg\" alt=\"square-branding\"  srcset=\"https:\/\/www.aunica.com\/wp-content\/uploads\/2023\/09\/square-branding.jpg 916w, https:\/\/www.aunica.com\/wp-content\/uploads\/2023\/09\/square-branding-300x300.jpg 300w, https:\/\/www.aunica.com\/wp-content\/uploads\/2023\/09\/square-branding-150x150.jpg 150w, https:\/\/www.aunica.com\/wp-content\/uploads\/2023\/09\/square-branding-768x768.jpg 768w, https:\/\/www.aunica.com\/wp-content\/uploads\/2023\/09\/square-branding-200x200.jpg 200w\" sizes=\"(max-width: 916px) 100vw, 916px\" \/><br \/>\n\t\t\t\t\t\t\t\t\t\t\t\t<img src=\"https:\/\/www.aunica.com\/wp-content\/uploads\/2023\/09\/square-arquitetura.jpg\" alt=\"square-arquitetura\"  srcset=\"https:\/\/www.aunica.com\/wp-content\/uploads\/2023\/09\/square-arquitetura.jpg 916w, https:\/\/www.aunica.com\/wp-content\/uploads\/2023\/09\/square-arquitetura-300x300.jpg 300w, https:\/\/www.aunica.com\/wp-content\/uploads\/2023\/09\/square-arquitetura-150x150.jpg 150w, https:\/\/www.aunica.com\/wp-content\/uploads\/2023\/09\/square-arquitetura-768x768.jpg 768w, https:\/\/www.aunica.com\/wp-content\/uploads\/2023\/09\/square-arquitetura-200x200.jpg 200w\" sizes=\"(max-width: 916px) 100vw, 916px\" \/><br \/>\n\t\t\t\t\t\t\t\t\t\t\t\t<img src=\"https:\/\/www.aunica.com\/wp-content\/uploads\/2023\/09\/governanca.png\" alt=\"governanca\"  srcset=\"https:\/\/www.aunica.com\/wp-content\/uploads\/2023\/09\/governanca.png 912w, https:\/\/www.aunica.com\/wp-content\/uploads\/2023\/09\/governanca-300x300.png 300w, https:\/\/www.aunica.com\/wp-content\/uploads\/2023\/09\/governanca-150x150.png 150w, https:\/\/www.aunica.com\/wp-content\/uploads\/2023\/09\/governanca-768x768.png 768w, https:\/\/www.aunica.com\/wp-content\/uploads\/2023\/09\/governanca-200x200.png 200w\" sizes=\"(max-width: 912px) 100vw, 912px\" \/><br \/>\n\t\t\t\t\t\t\t\t\t\t\t\t<img src=\"https:\/\/www.aunica.com\/wp-content\/uploads\/2023\/09\/data-viz.jpg\" alt=\"data-viz\"  srcset=\"https:\/\/www.aunica.com\/wp-content\/uploads\/2023\/09\/data-viz.jpg 916w, https:\/\/www.aunica.com\/wp-content\/uploads\/2023\/09\/data-viz-300x300.jpg 300w, https:\/\/www.aunica.com\/wp-content\/uploads\/2023\/09\/data-viz-150x150.jpg 150w, https:\/\/www.aunica.com\/wp-content\/uploads\/2023\/09\/data-viz-768x768.jpg 768w, https:\/\/www.aunica.com\/wp-content\/uploads\/2023\/09\/data-viz-200x200.jpg 200w\" sizes=\"(max-width: 916px) 100vw, 916px\" \/><br \/>\n\t\t\t\t\t\t\t\t\t\t\t\t<img src=\"https:\/\/www.aunica.com\/wp-content\/uploads\/2023\/09\/square-data-driven.jpg\" alt=\"square-data-driven\"  srcset=\"https:\/\/www.aunica.com\/wp-content\/uploads\/2023\/09\/square-data-driven.jpg 916w, https:\/\/www.aunica.com\/wp-content\/uploads\/2023\/09\/square-data-driven-300x300.jpg 300w, https:\/\/www.aunica.com\/wp-content\/uploads\/2023\/09\/square-data-driven-150x150.jpg 150w, https:\/\/www.aunica.com\/wp-content\/uploads\/2023\/09\/square-data-driven-768x768.jpg 768w, https:\/\/www.aunica.com\/wp-content\/uploads\/2023\/09\/square-data-driven-200x200.jpg 200w\" sizes=\"(max-width: 916px) 100vw, 916px\" \/><br \/>\n\t\t\t\t\t\t\t\t\t\t\t\t<img src=\"https:\/\/www.aunica.com\/wp-content\/uploads\/2023\/09\/square-seo.jpg\" alt=\"square-seo\"  srcset=\"https:\/\/www.aunica.com\/wp-content\/uploads\/2023\/09\/square-seo.jpg 916w, https:\/\/www.aunica.com\/wp-content\/uploads\/2023\/09\/square-seo-300x300.jpg 300w, https:\/\/www.aunica.com\/wp-content\/uploads\/2023\/09\/square-seo-150x150.jpg 150w, https:\/\/www.aunica.com\/wp-content\/uploads\/2023\/09\/square-seo-768x768.jpg 768w, https:\/\/www.aunica.com\/wp-content\/uploads\/2023\/09\/square-seo-200x200.jpg 200w\" sizes=\"(max-width: 916px) 100vw, 916px\" \/><br \/>\n\t\t\t\t\t\t\t\t\t\t\t\t<img src=\"https:\/\/www.aunica.com\/wp-content\/uploads\/2023\/09\/ux.jpg\" alt=\"ux\"  srcset=\"https:\/\/www.aunica.com\/wp-content\/uploads\/2023\/09\/ux.jpg 916w, https:\/\/www.aunica.com\/wp-content\/uploads\/2023\/09\/ux-300x300.jpg 300w, https:\/\/www.aunica.com\/wp-content\/uploads\/2023\/09\/ux-150x150.jpg 150w, https:\/\/www.aunica.com\/wp-content\/uploads\/2023\/09\/ux-768x768.jpg 768w, https:\/\/www.aunica.com\/wp-content\/uploads\/2023\/09\/ux-200x200.jpg 200w\" sizes=\"(max-width: 916px) 100vw, 916px\" \/><br \/>\n\t\t\t\t\t\t\t\t\t\t\t\t<img src=\"https:\/\/www.aunica.com\/wp-content\/uploads\/2023\/09\/front.jpg\" alt=\"front\"  srcset=\"https:\/\/www.aunica.com\/wp-content\/uploads\/2023\/09\/front.jpg 916w, https:\/\/www.aunica.com\/wp-content\/uploads\/2023\/09\/front-300x300.jpg 300w, https:\/\/www.aunica.com\/wp-content\/uploads\/2023\/09\/front-150x150.jpg 150w, https:\/\/www.aunica.com\/wp-content\/uploads\/2023\/09\/front-768x768.jpg 768w, https:\/\/www.aunica.com\/wp-content\/uploads\/2023\/09\/front-200x200.jpg 200w\" sizes=\"(max-width: 916px) 100vw, 916px\" \/><br \/>\n\t\t\t\t\t\t\t\t\t\t\t\t<img src=\"https:\/\/www.aunica.com\/wp-content\/uploads\/2023\/09\/square-branded-content.jpg\" alt=\"square-branded-content\"  srcset=\"https:\/\/www.aunica.com\/wp-content\/uploads\/2023\/09\/square-branded-content.jpg 916w, https:\/\/www.aunica.com\/wp-content\/uploads\/2023\/09\/square-branded-content-300x300.jpg 300w, https:\/\/www.aunica.com\/wp-content\/uploads\/2023\/09\/square-branded-content-150x150.jpg 150w, https:\/\/www.aunica.com\/wp-content\/uploads\/2023\/09\/square-branded-content-768x768.jpg 768w, https:\/\/www.aunica.com\/wp-content\/uploads\/2023\/09\/square-branded-content-200x200.jpg 200w\" sizes=\"(max-width: 916px) 100vw, 916px\" \/><br \/>\n\t\t\t\t\t\t\t\t\t\t\t\t<img src=\"https:\/\/www.aunica.com\/wp-content\/uploads\/2023\/09\/square-marketing-performance.jpg\" alt=\"square-marketing-performance\"  srcset=\"https:\/\/www.aunica.com\/wp-content\/uploads\/2023\/09\/square-marketing-performance.jpg 916w, https:\/\/www.aunica.com\/wp-content\/uploads\/2023\/09\/square-marketing-performance-300x300.jpg 300w, https:\/\/www.aunica.com\/wp-content\/uploads\/2023\/09\/square-marketing-performance-150x150.jpg 150w, https:\/\/www.aunica.com\/wp-content\/uploads\/2023\/09\/square-marketing-performance-768x768.jpg 768w, https:\/\/www.aunica.com\/wp-content\/uploads\/2023\/09\/square-marketing-performance-200x200.jpg 200w\" sizes=\"(max-width: 916px) 100vw, 916px\" \/><br \/>\n\t\t\t\t\t\t\t\t\t\t\t\t<img src=\"https:\/\/www.aunica.com\/wp-content\/uploads\/2023\/09\/square-midia.jpg\" alt=\"square-midia\"  srcset=\"https:\/\/www.aunica.com\/wp-content\/uploads\/2023\/09\/square-midia.jpg 916w, https:\/\/www.aunica.com\/wp-content\/uploads\/2023\/09\/square-midia-300x300.jpg 300w, https:\/\/www.aunica.com\/wp-content\/uploads\/2023\/09\/square-midia-150x150.jpg 150w, https:\/\/www.aunica.com\/wp-content\/uploads\/2023\/09\/square-midia-768x768.jpg 768w, https:\/\/www.aunica.com\/wp-content\/uploads\/2023\/09\/square-midia-200x200.jpg 200w\" sizes=\"(max-width: 916px) 100vw, 916px\" \/><br \/>\n\t\t\t\t\t\t\t\t\t\t\t\t\t\t\t\tPrevious<br \/>\n\t\t\t\t\t\t\t\t\t\t\t\t\t\t\t\tNext<\/p>\n<section id=\"servicos\">\n<p>Fale com um de nossos especialistas e pe\u00e7a uma avalia\u00e7\u00e3o agora mesmo.<\/p>\n<\/section>\n<p>\t\t\t\t\t<a href=\"#\" role=\"button\"><br \/>\n\t\t\t\t\t\t\t\t\t\t\t\t\tFale Conosco<br \/>\n\t\t\t\t\t\t\t\t<\/a><\/p>\n","protected":false},"excerpt":{"rendered":"<p>Impulsione o seu Customer Experience Otimize suas a\u00e7\u00f5es de marketing digital com uma plataforma completa e unificada com as melhores solu\u00e7\u00f5es de tecnologia de marketing do mercado. Com a ajuda de um ecossistema aberto, a metodologia da aunica e as solu\u00e7\u00f5es Adobe se conectam para criar experi\u00eancias complexas e aprimoradas para seus clientes. Fale com [&hellip;]<\/p>\n","protected":false},"author":5,"featured_media":0,"parent":0,"menu_order":7,"comment_status":"closed","ping_status":"closed","template":"","meta":{"content-type":""},"acf":[],"yoast_head":"<!-- This site is optimized with the Yoast SEO plugin v19.8 - https:\/\/yoast.com\/wordpress\/plugins\/seo\/ -->\n<title>Adobe - aunica Interactive Marketing | Since 2004<\/title>\n<meta name=\"robots\" content=\"index, follow, max-snippet:-1, max-image-preview:large, max-video-preview:-1\" \/>\n<meta property=\"og:locale\" content=\"en_US\" \/>\n<meta property=\"og:type\" content=\"article\" \/>\n<meta property=\"og:title\" content=\"Adobe - aunica Interactive Marketing | Since 2004\" \/>\n<meta property=\"og:description\" content=\"Impulsione o seu Customer Experience Otimize suas a\u00e7\u00f5es de marketing digital com uma plataforma completa e unificada com as melhores solu\u00e7\u00f5es de tecnologia de marketing do mercado. Com a ajuda de um ecossistema aberto, a metodologia da aunica e as solu\u00e7\u00f5es Adobe se conectam para criar experi\u00eancias complexas e aprimoradas para seus clientes. Fale com [&hellip;]\" \/>\n<meta property=\"og:url\" content=\"https:\/\/www.aunica.com\/en\/adobe\/\" \/>\n<meta property=\"og:site_name\" content=\"aunica Interactive Marketing | Since 2004\" \/>\n<meta property=\"og:image\" content=\"https:\/\/www.aunica.com\/wp-content\/uploads\/2023\/09\/adobe-banner-logo.png\" \/>\n<meta name=\"twitter:card\" content=\"summary_large_image\" \/>\n<meta name=\"twitter:label1\" content=\"Est. reading time\" \/>\n\t<meta name=\"twitter:data1\" content=\"3 minutes\" \/>\n<script type=\"application\/ld+json\" class=\"yoast-schema-graph\">{\"@context\":\"https:\/\/schema.org\",\"@graph\":[{\"@type\":\"WebPage\",\"@id\":\"https:\/\/www.aunica.com\/en\/adobe\/\",\"url\":\"https:\/\/www.aunica.com\/en\/adobe\/\",\"name\":\"Adobe - aunica Interactive Marketing | Since 2004\",\"isPartOf\":{\"@id\":\"https:\/\/www.aunica.com\/#website\"},\"datePublished\":\"2023-09-12T14:08:25+00:00\",\"dateModified\":\"2023-09-12T14:08:25+00:00\",\"breadcrumb\":{\"@id\":\"https:\/\/www.aunica.com\/en\/adobe\/#breadcrumb\"},\"inLanguage\":\"en-US\",\"potentialAction\":[{\"@type\":\"ReadAction\",\"target\":[\"https:\/\/www.aunica.com\/en\/adobe\/\"]}]},{\"@type\":\"BreadcrumbList\",\"@id\":\"https:\/\/www.aunica.com\/en\/adobe\/#breadcrumb\",\"itemListElement\":[{\"@type\":\"ListItem\",\"position\":1,\"name\":\"Home\",\"item\":\"https:\/\/www.aunica.com\/en\/\"},{\"@type\":\"ListItem\",\"position\":2,\"name\":\"Adobe\"}]},{\"@type\":\"WebSite\",\"@id\":\"https:\/\/www.aunica.com\/#website\",\"url\":\"https:\/\/www.aunica.com\/\",\"name\":\"aunica Interactive Marketing | Since 2004\",\"description\":\"Especialistas em Data Driven Marketing\",\"potentialAction\":[{\"@type\":\"SearchAction\",\"target\":{\"@type\":\"EntryPoint\",\"urlTemplate\":\"https:\/\/www.aunica.com\/?s={search_term_string}\"},\"query-input\":\"required name=search_term_string\"}],\"inLanguage\":\"en-US\"}]}<\/script>\n<!-- \/ Yoast SEO plugin. -->","yoast_head_json":{"title":"Adobe - aunica Interactive Marketing | Since 2004","robots":{"index":"index","follow":"follow","max-snippet":"max-snippet:-1","max-image-preview":"max-image-preview:large","max-video-preview":"max-video-preview:-1"},"og_locale":"en_US","og_type":"article","og_title":"Adobe - aunica Interactive Marketing | Since 2004","og_description":"Impulsione o seu Customer Experience Otimize suas a\u00e7\u00f5es de marketing digital com uma plataforma completa e unificada com as melhores solu\u00e7\u00f5es de tecnologia de marketing do mercado. Com a ajuda de um ecossistema aberto, a metodologia da aunica e as solu\u00e7\u00f5es Adobe se conectam para criar experi\u00eancias complexas e aprimoradas para seus clientes. Fale com [&hellip;]","og_url":"https:\/\/www.aunica.com\/en\/adobe\/","og_site_name":"aunica Interactive Marketing | Since 2004","og_image":[{"url":"https:\/\/www.aunica.com\/wp-content\/uploads\/2023\/09\/adobe-banner-logo.png"}],"twitter_card":"summary_large_image","twitter_misc":{"Est. reading time":"3 minutes"},"schema":{"@context":"https:\/\/schema.org","@graph":[{"@type":"WebPage","@id":"https:\/\/www.aunica.com\/en\/adobe\/","url":"https:\/\/www.aunica.com\/en\/adobe\/","name":"Adobe - aunica Interactive Marketing | Since 2004","isPartOf":{"@id":"https:\/\/www.aunica.com\/#website"},"datePublished":"2023-09-12T14:08:25+00:00","dateModified":"2023-09-12T14:08:25+00:00","breadcrumb":{"@id":"https:\/\/www.aunica.com\/en\/adobe\/#breadcrumb"},"inLanguage":"en-US","potentialAction":[{"@type":"ReadAction","target":["https:\/\/www.aunica.com\/en\/adobe\/"]}]},{"@type":"BreadcrumbList","@id":"https:\/\/www.aunica.com\/en\/adobe\/#breadcrumb","itemListElement":[{"@type":"ListItem","position":1,"name":"Home","item":"https:\/\/www.aunica.com\/en\/"},{"@type":"ListItem","position":2,"name":"Adobe"}]},{"@type":"WebSite","@id":"https:\/\/www.aunica.com\/#website","url":"https:\/\/www.aunica.com\/","name":"aunica Interactive Marketing | Since 2004","description":"Especialistas em Data Driven Marketing","potentialAction":[{"@type":"SearchAction","target":{"@type":"EntryPoint","urlTemplate":"https:\/\/www.aunica.com\/?s={search_term_string}"},"query-input":"required name=search_term_string"}],"inLanguage":"en-US"}]}},"_links":{"self":[{"href":"https:\/\/www.aunica.com\/en\/wp-json\/wp\/v2\/pages\/85603"}],"collection":[{"href":"https:\/\/www.aunica.com\/en\/wp-json\/wp\/v2\/pages"}],"about":[{"href":"https:\/\/www.aunica.com\/en\/wp-json\/wp\/v2\/types\/page"}],"author":[{"embeddable":true,"href":"https:\/\/www.aunica.com\/en\/wp-json\/wp\/v2\/users\/5"}],"replies":[{"embeddable":true,"href":"https:\/\/www.aunica.com\/en\/wp-json\/wp\/v2\/comments?post=85603"}],"version-history":[{"count":0,"href":"https:\/\/www.aunica.com\/en\/wp-json\/wp\/v2\/pages\/85603\/revisions"}],"wp:attachment":[{"href":"https:\/\/www.aunica.com\/en\/wp-json\/wp\/v2\/media?parent=85603"}],"curies":[{"name":"wp","href":"https:\/\/api.w.org\/{rel}","templated":true}]}}