{"id":85604,"date":"2023-09-12T00:46:45","date_gmt":"2023-09-12T00:46:45","guid":{"rendered":"https:\/\/www.aunica.com\/estudo-impacto-economico-plataforma-domo\/"},"modified":"2023-09-12T00:46:45","modified_gmt":"2023-09-12T00:46:45","slug":"estudo-impacto-economico-plataforma-domo","status":"publish","type":"page","link":"https:\/\/www.aunica.com\/en\/estudo-impacto-economico-plataforma-domo\/","title":{"rendered":"Estudo impacto economico plataforma domo"},"content":{"rendered":"<style>\/*! elementor - v3.7.8 - 02-10-2022 *\/\n.elementor-heading-title{padding:0;margin:0;line-height:1}.elementor-widget-heading .elementor-heading-title[class*=elementor-size-]>a{color:inherit;font-size:inherit;line-height:inherit}.elementor-widget-heading .elementor-heading-title.elementor-size-small{font-size:15px}.elementor-widget-heading .elementor-heading-title.elementor-size-medium{font-size:19px}.elementor-widget-heading .elementor-heading-title.elementor-size-large{font-size:29px}.elementor-widget-heading .elementor-heading-title.elementor-size-xl{font-size:39px}.elementor-widget-heading .elementor-heading-title.elementor-size-xxl{font-size:59px}<\/style>\n<h2>Confira estudo exclusivo da Forrester Consulting sobre o Impacto Econ\u00f4mico que a Plataforma Domo pode promover em seu neg\u00f3cio.<\/h2>\n<p>Quando se trata de novas tecnologias, voc\u00ea deseja saber rapidamente se seu investimento valeu o tempo e o custo necess\u00e1rios para implementar. Por isso, a Plataforma Domo contratou a Forrester Consulting para conduzir um estudo avaliando o impacto econ\u00f4mico total que Domo pode ter no seu neg\u00f3cio.<\/p>\n<p>\u2022 Aumento do lucro a partir de decis\u00f5es tomadas pelos gestores do neg\u00f3cio e que s\u00f3 foram poss\u00edveis com Domo: US $ 5,3 milh\u00f5es;<br \/>\u2022 Custos reduzidos de horas extras: US $ 1,1 milh\u00e3o;<br \/>\u2022 Realoca\u00e7\u00e3o de funcion\u00e1rios: US $ 5,3 milh\u00f5es.<\/p>\n<p>Fa\u00e7a o download gr\u00e1tis se cadastrando no formul\u00e1rio!<\/p>\n<p role=\"status\" aria-live=\"polite\" aria-atomic=\"true\">\n<ul><\/ul>\n<form action=\"\/wp-admin\/admin-ajax.php#wpcf7-f83290-o1\" method=\"post\" novalidate=\"novalidate\" data-status=\"init\">\n<input type=\"hidden\" name=\"_wpcf7\" value=\"83290\" \/><br \/>\n<input type=\"hidden\" name=\"_wpcf7_version\" value=\"5.6.4\" \/><br \/>\n<input type=\"hidden\" name=\"_wpcf7_locale\" value=\"pt_BR\" \/><br \/>\n<input type=\"hidden\" name=\"_wpcf7_unit_tag\" value=\"wpcf7-f83290-o1\" \/><br \/>\n<input type=\"hidden\" name=\"_wpcf7_container_post\" value=\"0\" \/><br \/>\n<input type=\"hidden\" name=\"_wpcf7_posted_data_hash\" value=\"\" \/><\/p>\n<h6 style=\"color: #333; font-weight: bold; margin-bottom: 16px; text-align: center; padding-top: 16px\">Fa\u00e7a download do e-book aqui.<\/h6>\n<p><label> Nome \/ Name*:<br \/>\n    <input type=\"text\" name=\"your-name\" value=\"\" size=\"40\" aria-required=\"true\" aria-invalid=\"false\" \/> <\/label><\/p>\n<p><label> E-mail*:<br \/>\n    <input type=\"email\" name=\"your-email\" value=\"\" size=\"40\" aria-required=\"true\" aria-invalid=\"false\" \/> <\/label><\/p>\n<p><label> Telefone \/ Phone *:<br \/>\n    <input type=\"text\" name=\"your-phone\" value=\"\" size=\"40\" aria-required=\"true\" aria-invalid=\"false\" \/> <\/label><\/p>\n<p> <input type=\"submit\" value=\"DOWNLOAD\" \/><\/p>\n<\/form>\n<h2>Assine nossa Newsletter<\/h2>\n<p role=\"status\" aria-live=\"polite\" aria-atomic=\"true\">\n<ul><\/ul>\n<form action=\"\/wp-admin\/admin-ajax.php#wpcf7-f77602-o2\" method=\"post\" novalidate=\"novalidate\" data-status=\"init\">\n<input type=\"hidden\" name=\"_wpcf7\" value=\"77602\" \/><br \/>\n<input type=\"hidden\" name=\"_wpcf7_version\" value=\"5.6.4\" \/><br \/>\n<input type=\"hidden\" name=\"_wpcf7_locale\" value=\"pt_BR\" \/><br \/>\n<input type=\"hidden\" name=\"_wpcf7_unit_tag\" value=\"wpcf7-f77602-o2\" \/><br \/>\n<input type=\"hidden\" name=\"_wpcf7_container_post\" value=\"0\" \/><br \/>\n<input type=\"hidden\" name=\"_wpcf7_posted_data_hash\" value=\"\" \/><\/p>\n<p><label> Nome: <input type=\"text\" name=\"your-name\" value=\"\" size=\"40\" aria-required=\"true\" aria-invalid=\"false\" \/> <\/label><\/p>\n<p><label> E-mail: <input type=\"email\" name=\"your-email\" value=\"\" size=\"40\" aria-required=\"true\" aria-invalid=\"false\" \/> <\/label><\/p>\n<p><input type=\"submit\" value=\"Enviar\" \/><\/p>\n<\/form>\n","protected":false},"excerpt":{"rendered":"<p>Confira estudo exclusivo da Forrester Consulting sobre o Impacto Econ\u00f4mico que a Plataforma Domo pode promover em seu neg\u00f3cio. Quando se trata de novas tecnologias, voc\u00ea deseja saber rapidamente se seu investimento valeu o tempo e o custo necess\u00e1rios para implementar. Por isso, a Plataforma Domo contratou a Forrester Consulting para conduzir um estudo avaliando [&hellip;]<\/p>\n","protected":false},"author":5,"featured_media":0,"parent":0,"menu_order":7,"comment_status":"closed","ping_status":"closed","template":"","meta":{"content-type":""},"acf":[],"yoast_head":"<!-- This site is optimized with the Yoast SEO plugin v19.8 - https:\/\/yoast.com\/wordpress\/plugins\/seo\/ -->\n<title>Estudo impacto economico plataforma domo - aunica Interactive Marketing | Since 2004<\/title>\n<meta name=\"robots\" content=\"index, follow, max-snippet:-1, max-image-preview:large, max-video-preview:-1\" \/>\n<meta property=\"og:locale\" content=\"en_US\" \/>\n<meta property=\"og:type\" content=\"article\" \/>\n<meta property=\"og:title\" content=\"Estudo impacto economico plataforma domo - aunica Interactive Marketing | Since 2004\" \/>\n<meta property=\"og:description\" content=\"Confira estudo exclusivo da Forrester Consulting sobre o Impacto Econ\u00f4mico que a Plataforma Domo pode promover em seu neg\u00f3cio. Quando se trata de novas tecnologias, voc\u00ea deseja saber rapidamente se seu investimento valeu o tempo e o custo necess\u00e1rios para implementar. Por isso, a Plataforma Domo contratou a Forrester Consulting para conduzir um estudo avaliando [&hellip;]\" \/>\n<meta property=\"og:url\" content=\"https:\/\/www.aunica.com\/en\/estudo-impacto-economico-plataforma-domo\/\" \/>\n<meta property=\"og:site_name\" content=\"aunica Interactive Marketing | Since 2004\" \/>\n<meta name=\"twitter:card\" content=\"summary_large_image\" \/>\n<meta name=\"twitter:label1\" content=\"Est. reading time\" \/>\n\t<meta name=\"twitter:data1\" content=\"1 minute\" \/>\n<script type=\"application\/ld+json\" class=\"yoast-schema-graph\">{\"@context\":\"https:\/\/schema.org\",\"@graph\":[{\"@type\":\"WebPage\",\"@id\":\"https:\/\/www.aunica.com\/en\/estudo-impacto-economico-plataforma-domo\/\",\"url\":\"https:\/\/www.aunica.com\/en\/estudo-impacto-economico-plataforma-domo\/\",\"name\":\"Estudo impacto economico plataforma domo - aunica Interactive Marketing | Since 2004\",\"isPartOf\":{\"@id\":\"https:\/\/www.aunica.com\/#website\"},\"datePublished\":\"2023-09-12T00:46:45+00:00\",\"dateModified\":\"2023-09-12T00:46:45+00:00\",\"breadcrumb\":{\"@id\":\"https:\/\/www.aunica.com\/en\/estudo-impacto-economico-plataforma-domo\/#breadcrumb\"},\"inLanguage\":\"en-US\",\"potentialAction\":[{\"@type\":\"ReadAction\",\"target\":[\"https:\/\/www.aunica.com\/en\/estudo-impacto-economico-plataforma-domo\/\"]}]},{\"@type\":\"BreadcrumbList\",\"@id\":\"https:\/\/www.aunica.com\/en\/estudo-impacto-economico-plataforma-domo\/#breadcrumb\",\"itemListElement\":[{\"@type\":\"ListItem\",\"position\":1,\"name\":\"Home\",\"item\":\"https:\/\/www.aunica.com\/en\/\"},{\"@type\":\"ListItem\",\"position\":2,\"name\":\"Estudo impacto economico plataforma domo\"}]},{\"@type\":\"WebSite\",\"@id\":\"https:\/\/www.aunica.com\/#website\",\"url\":\"https:\/\/www.aunica.com\/\",\"name\":\"aunica Interactive Marketing | Since 2004\",\"description\":\"Especialistas em Data Driven Marketing\",\"potentialAction\":[{\"@type\":\"SearchAction\",\"target\":{\"@type\":\"EntryPoint\",\"urlTemplate\":\"https:\/\/www.aunica.com\/?s={search_term_string}\"},\"query-input\":\"required name=search_term_string\"}],\"inLanguage\":\"en-US\"}]}<\/script>\n<!-- \/ Yoast SEO plugin. -->","yoast_head_json":{"title":"Estudo impacto economico plataforma domo - aunica Interactive Marketing | Since 2004","robots":{"index":"index","follow":"follow","max-snippet":"max-snippet:-1","max-image-preview":"max-image-preview:large","max-video-preview":"max-video-preview:-1"},"og_locale":"en_US","og_type":"article","og_title":"Estudo impacto economico plataforma domo - aunica Interactive Marketing | Since 2004","og_description":"Confira estudo exclusivo da Forrester Consulting sobre o Impacto Econ\u00f4mico que a Plataforma Domo pode promover em seu neg\u00f3cio. Quando se trata de novas tecnologias, voc\u00ea deseja saber rapidamente se seu investimento valeu o tempo e o custo necess\u00e1rios para implementar. Por isso, a Plataforma Domo contratou a Forrester Consulting para conduzir um estudo avaliando [&hellip;]","og_url":"https:\/\/www.aunica.com\/en\/estudo-impacto-economico-plataforma-domo\/","og_site_name":"aunica Interactive Marketing | Since 2004","twitter_card":"summary_large_image","twitter_misc":{"Est. reading time":"1 minute"},"schema":{"@context":"https:\/\/schema.org","@graph":[{"@type":"WebPage","@id":"https:\/\/www.aunica.com\/en\/estudo-impacto-economico-plataforma-domo\/","url":"https:\/\/www.aunica.com\/en\/estudo-impacto-economico-plataforma-domo\/","name":"Estudo impacto economico plataforma domo - aunica Interactive Marketing | Since 2004","isPartOf":{"@id":"https:\/\/www.aunica.com\/#website"},"datePublished":"2023-09-12T00:46:45+00:00","dateModified":"2023-09-12T00:46:45+00:00","breadcrumb":{"@id":"https:\/\/www.aunica.com\/en\/estudo-impacto-economico-plataforma-domo\/#breadcrumb"},"inLanguage":"en-US","potentialAction":[{"@type":"ReadAction","target":["https:\/\/www.aunica.com\/en\/estudo-impacto-economico-plataforma-domo\/"]}]},{"@type":"BreadcrumbList","@id":"https:\/\/www.aunica.com\/en\/estudo-impacto-economico-plataforma-domo\/#breadcrumb","itemListElement":[{"@type":"ListItem","position":1,"name":"Home","item":"https:\/\/www.aunica.com\/en\/"},{"@type":"ListItem","position":2,"name":"Estudo impacto economico plataforma domo"}]},{"@type":"WebSite","@id":"https:\/\/www.aunica.com\/#website","url":"https:\/\/www.aunica.com\/","name":"aunica Interactive Marketing | Since 2004","description":"Especialistas em Data Driven Marketing","potentialAction":[{"@type":"SearchAction","target":{"@type":"EntryPoint","urlTemplate":"https:\/\/www.aunica.com\/?s={search_term_string}"},"query-input":"required name=search_term_string"}],"inLanguage":"en-US"}]}},"_links":{"self":[{"href":"https:\/\/www.aunica.com\/en\/wp-json\/wp\/v2\/pages\/85604"}],"collection":[{"href":"https:\/\/www.aunica.com\/en\/wp-json\/wp\/v2\/pages"}],"about":[{"href":"https:\/\/www.aunica.com\/en\/wp-json\/wp\/v2\/types\/page"}],"author":[{"embeddable":true,"href":"https:\/\/www.aunica.com\/en\/wp-json\/wp\/v2\/users\/5"}],"replies":[{"embeddable":true,"href":"https:\/\/www.aunica.com\/en\/wp-json\/wp\/v2\/comments?post=85604"}],"version-history":[{"count":0,"href":"https:\/\/www.aunica.com\/en\/wp-json\/wp\/v2\/pages\/85604\/revisions"}],"wp:attachment":[{"href":"https:\/\/www.aunica.com\/en\/wp-json\/wp\/v2\/media?parent=85604"}],"curies":[{"name":"wp","href":"https:\/\/api.w.org\/{rel}","templated":true}]}}