{"id":85608,"date":"2023-09-10T00:16:33","date_gmt":"2023-09-10T00:16:33","guid":{"rendered":"https:\/\/www.aunica.com\/e-book-5-plataformas\/"},"modified":"2023-09-10T00:16:33","modified_gmt":"2023-09-10T00:16:33","slug":"e-book-5-plataformas","status":"publish","type":"page","link":"https:\/\/www.aunica.com\/en\/e-book-5-plataformas\/","title":{"rendered":"E-book 5 plataformas"},"content":{"rendered":"<style>\/*! elementor - v3.7.8 - 02-10-2022 *\/\n.elementor-widget-image{text-align:center}.elementor-widget-image a{display:inline-block}.elementor-widget-image a img[src$=\".svg\"]{width:48px}.elementor-widget-image img{vertical-align:middle;display:inline-block}<\/style>\n<p>\t\t\t\t\t\t\t\t\t\t\t\t<img width=\"460\" height=\"128\" src=\"https:\/\/www.aunica.com\/wp-content\/uploads\/2023\/09\/ebook-title.png\" alt=\"\" loading=\"lazy\" srcset=\"https:\/\/www.aunica.com\/wp-content\/uploads\/2023\/09\/ebook-title.png 460w, https:\/\/www.aunica.com\/wp-content\/uploads\/2023\/09\/ebook-title-300x83.png 300w, https:\/\/www.aunica.com\/wp-content\/uploads\/2023\/09\/ebook-title-200x56.png 200w\" sizes=\"(max-width: 460px) 100vw, 460px\" \/>\t\t\t\t\t\t\t\t\t\t\t\t\t\t\t<\/p>\n<p>Sua empresa tamb\u00e9m precisou se adaptar \u00e0s novas recomenda\u00e7\u00f5es de sa\u00fade? A maneira como vamos lidar com este momento vai fazer a diferen\u00e7a no futuro.<\/p>\n<p>Separamos, em um E-book gratuito, cinco plataformas que podem te ajudar a se reinventar.<\/p>\n<p>Fa\u00e7a o download gr\u00e1tis se cadastrando ao lado!<\/p>\n<p role=\"status\" aria-live=\"polite\" aria-atomic=\"true\">\n<ul><\/ul>\n<form action=\"\/wp-admin\/admin-ajax.php#wpcf7-f83290-o1\" method=\"post\" novalidate=\"novalidate\" data-status=\"init\">\n<input type=\"hidden\" name=\"_wpcf7\" value=\"83290\" \/><br \/>\n<input type=\"hidden\" name=\"_wpcf7_version\" value=\"5.6.4\" \/><br \/>\n<input type=\"hidden\" name=\"_wpcf7_locale\" value=\"pt_BR\" \/><br \/>\n<input type=\"hidden\" name=\"_wpcf7_unit_tag\" value=\"wpcf7-f83290-o1\" \/><br \/>\n<input type=\"hidden\" name=\"_wpcf7_container_post\" value=\"0\" \/><br \/>\n<input type=\"hidden\" name=\"_wpcf7_posted_data_hash\" value=\"\" \/><\/p>\n<h6 style=\"color: #333; font-weight: bold; margin-bottom: 16px; text-align: center; padding-top: 16px\">Fa\u00e7a download do e-book aqui.<\/h6>\n<p><label> Nome \/ Name*:<br \/>\n    <input type=\"text\" name=\"your-name\" value=\"\" size=\"40\" aria-required=\"true\" aria-invalid=\"false\" \/> <\/label><\/p>\n<p><label> E-mail*:<br \/>\n    <input type=\"email\" name=\"your-email\" value=\"\" size=\"40\" aria-required=\"true\" aria-invalid=\"false\" \/> <\/label><\/p>\n<p><label> Telefone \/ Phone *:<br \/>\n    <input type=\"text\" name=\"your-phone\" value=\"\" size=\"40\" aria-required=\"true\" aria-invalid=\"false\" \/> <\/label><\/p>\n<p> <input type=\"submit\" value=\"DOWNLOAD\" \/><\/p>\n<\/form>\n<style>\/*! elementor - v3.7.8 - 02-10-2022 *\/\n.elementor-heading-title{padding:0;margin:0;line-height:1}.elementor-widget-heading .elementor-heading-title[class*=elementor-size-]>a{color:inherit;font-size:inherit;line-height:inherit}.elementor-widget-heading .elementor-heading-title.elementor-size-small{font-size:15px}.elementor-widget-heading .elementor-heading-title.elementor-size-medium{font-size:19px}.elementor-widget-heading .elementor-heading-title.elementor-size-large{font-size:29px}.elementor-widget-heading .elementor-heading-title.elementor-size-xl{font-size:39px}.elementor-widget-heading .elementor-heading-title.elementor-size-xxl{font-size:59px}<\/style>\n<h2>Assine nossa Newsletter<\/h2>\n<p role=\"status\" aria-live=\"polite\" aria-atomic=\"true\">\n<ul><\/ul>\n<form action=\"\/wp-admin\/admin-ajax.php#wpcf7-f77602-o2\" method=\"post\" novalidate=\"novalidate\" data-status=\"init\">\n<input type=\"hidden\" name=\"_wpcf7\" value=\"77602\" \/><br \/>\n<input type=\"hidden\" name=\"_wpcf7_version\" value=\"5.6.4\" \/><br \/>\n<input type=\"hidden\" name=\"_wpcf7_locale\" value=\"pt_BR\" \/><br \/>\n<input type=\"hidden\" name=\"_wpcf7_unit_tag\" value=\"wpcf7-f77602-o2\" \/><br \/>\n<input type=\"hidden\" name=\"_wpcf7_container_post\" value=\"0\" \/><br \/>\n<input type=\"hidden\" name=\"_wpcf7_posted_data_hash\" value=\"\" \/><\/p>\n<p><label> Nome: <input type=\"text\" name=\"your-name\" value=\"\" size=\"40\" aria-required=\"true\" aria-invalid=\"false\" \/> <\/label><\/p>\n<p><label> E-mail: <input type=\"email\" name=\"your-email\" value=\"\" size=\"40\" aria-required=\"true\" aria-invalid=\"false\" \/> <\/label><\/p>\n<p><input type=\"submit\" value=\"Enviar\" \/><\/p>\n<\/form>\n","protected":false},"excerpt":{"rendered":"<p>Sua empresa tamb\u00e9m precisou se adaptar \u00e0s novas recomenda\u00e7\u00f5es de sa\u00fade? A maneira como vamos lidar com este momento vai fazer a diferen\u00e7a no futuro. Separamos, em um E-book gratuito, cinco plataformas que podem te ajudar a se reinventar. Fa\u00e7a o download gr\u00e1tis se cadastrando ao lado! Fa\u00e7a download do e-book aqui. Nome \/ Name*: [&hellip;]<\/p>\n","protected":false},"author":5,"featured_media":0,"parent":0,"menu_order":7,"comment_status":"closed","ping_status":"closed","template":"","meta":{"content-type":""},"acf":[],"yoast_head":"<!-- This site is optimized with the Yoast SEO plugin v19.8 - https:\/\/yoast.com\/wordpress\/plugins\/seo\/ -->\n<title>E-book 5 plataformas - aunica Interactive Marketing | Since 2004<\/title>\n<meta name=\"robots\" content=\"index, follow, max-snippet:-1, max-image-preview:large, max-video-preview:-1\" \/>\n<meta property=\"og:locale\" content=\"en_US\" \/>\n<meta property=\"og:type\" content=\"article\" \/>\n<meta property=\"og:title\" content=\"E-book 5 plataformas - aunica Interactive Marketing | Since 2004\" \/>\n<meta property=\"og:description\" content=\"Sua empresa tamb\u00e9m precisou se adaptar \u00e0s novas recomenda\u00e7\u00f5es de sa\u00fade? A maneira como vamos lidar com este momento vai fazer a diferen\u00e7a no futuro. Separamos, em um E-book gratuito, cinco plataformas que podem te ajudar a se reinventar. Fa\u00e7a o download gr\u00e1tis se cadastrando ao lado! Fa\u00e7a download do e-book aqui. Nome \/ Name*: [&hellip;]\" \/>\n<meta property=\"og:url\" content=\"https:\/\/www.aunica.com\/en\/e-book-5-plataformas\/\" \/>\n<meta property=\"og:site_name\" content=\"aunica Interactive Marketing | Since 2004\" \/>\n<meta property=\"og:image\" content=\"https:\/\/www.aunica.com\/wp-content\/uploads\/2023\/09\/ebook-title.png\" \/>\n<meta name=\"twitter:card\" content=\"summary_large_image\" \/>\n<script type=\"application\/ld+json\" class=\"yoast-schema-graph\">{\"@context\":\"https:\/\/schema.org\",\"@graph\":[{\"@type\":\"WebPage\",\"@id\":\"https:\/\/www.aunica.com\/en\/e-book-5-plataformas\/\",\"url\":\"https:\/\/www.aunica.com\/en\/e-book-5-plataformas\/\",\"name\":\"E-book 5 plataformas - aunica Interactive Marketing | Since 2004\",\"isPartOf\":{\"@id\":\"https:\/\/www.aunica.com\/#website\"},\"datePublished\":\"2023-09-10T00:16:33+00:00\",\"dateModified\":\"2023-09-10T00:16:33+00:00\",\"breadcrumb\":{\"@id\":\"https:\/\/www.aunica.com\/en\/e-book-5-plataformas\/#breadcrumb\"},\"inLanguage\":\"en-US\",\"potentialAction\":[{\"@type\":\"ReadAction\",\"target\":[\"https:\/\/www.aunica.com\/en\/e-book-5-plataformas\/\"]}]},{\"@type\":\"BreadcrumbList\",\"@id\":\"https:\/\/www.aunica.com\/en\/e-book-5-plataformas\/#breadcrumb\",\"itemListElement\":[{\"@type\":\"ListItem\",\"position\":1,\"name\":\"Home\",\"item\":\"https:\/\/www.aunica.com\/en\/\"},{\"@type\":\"ListItem\",\"position\":2,\"name\":\"E-book 5 plataformas\"}]},{\"@type\":\"WebSite\",\"@id\":\"https:\/\/www.aunica.com\/#website\",\"url\":\"https:\/\/www.aunica.com\/\",\"name\":\"aunica Interactive Marketing | Since 2004\",\"description\":\"Especialistas em Data Driven Marketing\",\"potentialAction\":[{\"@type\":\"SearchAction\",\"target\":{\"@type\":\"EntryPoint\",\"urlTemplate\":\"https:\/\/www.aunica.com\/?s={search_term_string}\"},\"query-input\":\"required name=search_term_string\"}],\"inLanguage\":\"en-US\"}]}<\/script>\n<!-- \/ Yoast SEO plugin. -->","yoast_head_json":{"title":"E-book 5 plataformas - aunica Interactive Marketing | Since 2004","robots":{"index":"index","follow":"follow","max-snippet":"max-snippet:-1","max-image-preview":"max-image-preview:large","max-video-preview":"max-video-preview:-1"},"og_locale":"en_US","og_type":"article","og_title":"E-book 5 plataformas - aunica Interactive Marketing | Since 2004","og_description":"Sua empresa tamb\u00e9m precisou se adaptar \u00e0s novas recomenda\u00e7\u00f5es de sa\u00fade? A maneira como vamos lidar com este momento vai fazer a diferen\u00e7a no futuro. Separamos, em um E-book gratuito, cinco plataformas que podem te ajudar a se reinventar. Fa\u00e7a o download gr\u00e1tis se cadastrando ao lado! Fa\u00e7a download do e-book aqui. Nome \/ Name*: [&hellip;]","og_url":"https:\/\/www.aunica.com\/en\/e-book-5-plataformas\/","og_site_name":"aunica Interactive Marketing | Since 2004","og_image":[{"url":"https:\/\/www.aunica.com\/wp-content\/uploads\/2023\/09\/ebook-title.png"}],"twitter_card":"summary_large_image","schema":{"@context":"https:\/\/schema.org","@graph":[{"@type":"WebPage","@id":"https:\/\/www.aunica.com\/en\/e-book-5-plataformas\/","url":"https:\/\/www.aunica.com\/en\/e-book-5-plataformas\/","name":"E-book 5 plataformas - aunica Interactive Marketing | Since 2004","isPartOf":{"@id":"https:\/\/www.aunica.com\/#website"},"datePublished":"2023-09-10T00:16:33+00:00","dateModified":"2023-09-10T00:16:33+00:00","breadcrumb":{"@id":"https:\/\/www.aunica.com\/en\/e-book-5-plataformas\/#breadcrumb"},"inLanguage":"en-US","potentialAction":[{"@type":"ReadAction","target":["https:\/\/www.aunica.com\/en\/e-book-5-plataformas\/"]}]},{"@type":"BreadcrumbList","@id":"https:\/\/www.aunica.com\/en\/e-book-5-plataformas\/#breadcrumb","itemListElement":[{"@type":"ListItem","position":1,"name":"Home","item":"https:\/\/www.aunica.com\/en\/"},{"@type":"ListItem","position":2,"name":"E-book 5 plataformas"}]},{"@type":"WebSite","@id":"https:\/\/www.aunica.com\/#website","url":"https:\/\/www.aunica.com\/","name":"aunica Interactive Marketing | Since 2004","description":"Especialistas em Data Driven Marketing","potentialAction":[{"@type":"SearchAction","target":{"@type":"EntryPoint","urlTemplate":"https:\/\/www.aunica.com\/?s={search_term_string}"},"query-input":"required name=search_term_string"}],"inLanguage":"en-US"}]}},"_links":{"self":[{"href":"https:\/\/www.aunica.com\/en\/wp-json\/wp\/v2\/pages\/85608"}],"collection":[{"href":"https:\/\/www.aunica.com\/en\/wp-json\/wp\/v2\/pages"}],"about":[{"href":"https:\/\/www.aunica.com\/en\/wp-json\/wp\/v2\/types\/page"}],"author":[{"embeddable":true,"href":"https:\/\/www.aunica.com\/en\/wp-json\/wp\/v2\/users\/5"}],"replies":[{"embeddable":true,"href":"https:\/\/www.aunica.com\/en\/wp-json\/wp\/v2\/comments?post=85608"}],"version-history":[{"count":0,"href":"https:\/\/www.aunica.com\/en\/wp-json\/wp\/v2\/pages\/85608\/revisions"}],"wp:attachment":[{"href":"https:\/\/www.aunica.com\/en\/wp-json\/wp\/v2\/media?parent=85608"}],"curies":[{"name":"wp","href":"https:\/\/api.w.org\/{rel}","templated":true}]}}