{"id":85609,"date":"2023-09-10T00:06:53","date_gmt":"2023-09-10T00:06:53","guid":{"rendered":"https:\/\/www.aunica.com\/maintenance\/"},"modified":"2023-09-10T00:06:53","modified_gmt":"2023-09-10T00:06:53","slug":"maintenance","status":"publish","type":"page","link":"https:\/\/www.aunica.com\/en\/maintenance\/","title":{"rendered":"Maintenance"},"content":{"rendered":"<style>\/*! elementor - v3.7.8 - 02-10-2022 *\/\n.elementor-widget-image{text-align:center}.elementor-widget-image a{display:inline-block}.elementor-widget-image a img[src$=\".svg\"]{width:48px}.elementor-widget-image img{vertical-align:middle;display:inline-block}<\/style>\n<p>\t\t\t\t\t\t\t\t\t\t\t\t<img width=\"100\" height=\"137\" src=\"https:\/\/www.aunica.com\/wp-content\/uploads\/2023\/09\/Artboard_7-8-100x137-1.png\" alt=\"\" loading=\"lazy\" \/>\t\t\t\t\t\t\t\t\t\t\t\t\t\t\t<\/p>\n<style>\/*! elementor - v3.7.8 - 02-10-2022 *\/\n.elementor-heading-title{padding:0;margin:0;line-height:1}.elementor-widget-heading .elementor-heading-title[class*=elementor-size-]>a{color:inherit;font-size:inherit;line-height:inherit}.elementor-widget-heading .elementor-heading-title.elementor-size-small{font-size:15px}.elementor-widget-heading .elementor-heading-title.elementor-size-medium{font-size:19px}.elementor-widget-heading .elementor-heading-title.elementor-size-large{font-size:29px}.elementor-widget-heading .elementor-heading-title.elementor-size-xl{font-size:39px}.elementor-widget-heading .elementor-heading-title.elementor-size-xxl{font-size:59px}<\/style>\n<h6>Estamos em manuten\u00e7\u00e3o<\/h6>\n<p style=\"text-align: center;\">Queremos sempre proporcionar a melhor experi\u00eancia para os nossos usu\u00e1rios e para que isso ocorra, nosso site ficar\u00e1 indispon\u00edvel por um tempo. Enquanto isso, voc\u00ea pode falar conosco clicando no bot\u00e3o abaixo ou conhecer nosso servi\u00e7o de Data Driven Marketing\u00a0<a href=\"https:\/\/www.aunica.com\/consultoria-marketing-digital\/\">clicando aqui<\/a>.<\/p>\n<p>\t\t\t\t\t<a href=\"#\" role=\"button\"><br \/>\n\t\t\t\t\t\t\t\t\t\t\t\t\tFale conosco<br \/>\n\t\t\t\t\t\t\t\t<\/a><\/p>\n<h2>Assine nossa Newsletter<\/h2>\n<p role=\"status\" aria-live=\"polite\" aria-atomic=\"true\">\n<ul><\/ul>\n<form action=\"\/wp-admin\/admin-ajax.php#wpcf7-f77602-o1\" method=\"post\" novalidate=\"novalidate\" data-status=\"init\">\n<input type=\"hidden\" name=\"_wpcf7\" value=\"77602\" \/><br \/>\n<input type=\"hidden\" name=\"_wpcf7_version\" value=\"5.6.4\" \/><br \/>\n<input type=\"hidden\" name=\"_wpcf7_locale\" value=\"pt_BR\" \/><br \/>\n<input type=\"hidden\" name=\"_wpcf7_unit_tag\" value=\"wpcf7-f77602-o1\" \/><br \/>\n<input type=\"hidden\" name=\"_wpcf7_container_post\" value=\"0\" \/><br \/>\n<input type=\"hidden\" name=\"_wpcf7_posted_data_hash\" value=\"\" \/><\/p>\n<p><label> Nome: <input type=\"text\" name=\"your-name\" value=\"\" size=\"40\" aria-required=\"true\" aria-invalid=\"false\" \/> <\/label><\/p>\n<p><label> E-mail: <input type=\"email\" name=\"your-email\" value=\"\" size=\"40\" aria-required=\"true\" aria-invalid=\"false\" \/> <\/label><\/p>\n<p><input type=\"submit\" value=\"Enviar\" \/><\/p>\n<\/form>\n","protected":false},"excerpt":{"rendered":"<p>Estamos em manuten\u00e7\u00e3o Queremos sempre proporcionar a melhor experi\u00eancia para os nossos usu\u00e1rios e para que isso ocorra, nosso site ficar\u00e1 indispon\u00edvel por um tempo. Enquanto isso, voc\u00ea pode falar conosco clicando no bot\u00e3o abaixo ou conhecer nosso servi\u00e7o de Data Driven Marketing\u00a0clicando aqui. Fale conosco Assine nossa Newsletter Nome: E-mail:<\/p>\n","protected":false},"author":5,"featured_media":0,"parent":0,"menu_order":7,"comment_status":"closed","ping_status":"closed","template":"","meta":{"content-type":""},"acf":[],"yoast_head":"<!-- This site is optimized with the Yoast SEO plugin v19.8 - https:\/\/yoast.com\/wordpress\/plugins\/seo\/ -->\n<title>Maintenance - aunica Interactive Marketing | Since 2004<\/title>\n<meta name=\"robots\" content=\"index, follow, max-snippet:-1, max-image-preview:large, max-video-preview:-1\" \/>\n<meta property=\"og:locale\" content=\"en_US\" \/>\n<meta property=\"og:type\" content=\"article\" \/>\n<meta property=\"og:title\" content=\"Maintenance - aunica Interactive Marketing | Since 2004\" \/>\n<meta property=\"og:description\" content=\"Estamos em manuten\u00e7\u00e3o Queremos sempre proporcionar a melhor experi\u00eancia para os nossos usu\u00e1rios e para que isso ocorra, nosso site ficar\u00e1 indispon\u00edvel por um tempo. Enquanto isso, voc\u00ea pode falar conosco clicando no bot\u00e3o abaixo ou conhecer nosso servi\u00e7o de Data Driven Marketing\u00a0clicando aqui. Fale conosco Assine nossa Newsletter Nome: E-mail:\" \/>\n<meta property=\"og:url\" content=\"https:\/\/www.aunica.com\/en\/maintenance\/\" \/>\n<meta property=\"og:site_name\" content=\"aunica Interactive Marketing | Since 2004\" \/>\n<meta property=\"og:image\" content=\"https:\/\/www.aunica.com\/wp-content\/uploads\/2023\/09\/Artboard_7-8-100x137-1.png\" \/>\n<meta name=\"twitter:card\" content=\"summary_large_image\" \/>\n<script type=\"application\/ld+json\" class=\"yoast-schema-graph\">{\"@context\":\"https:\/\/schema.org\",\"@graph\":[{\"@type\":\"WebPage\",\"@id\":\"https:\/\/www.aunica.com\/en\/maintenance\/\",\"url\":\"https:\/\/www.aunica.com\/en\/maintenance\/\",\"name\":\"Maintenance - aunica Interactive Marketing | Since 2004\",\"isPartOf\":{\"@id\":\"https:\/\/www.aunica.com\/#website\"},\"datePublished\":\"2023-09-10T00:06:53+00:00\",\"dateModified\":\"2023-09-10T00:06:53+00:00\",\"breadcrumb\":{\"@id\":\"https:\/\/www.aunica.com\/en\/maintenance\/#breadcrumb\"},\"inLanguage\":\"en-US\",\"potentialAction\":[{\"@type\":\"ReadAction\",\"target\":[\"https:\/\/www.aunica.com\/en\/maintenance\/\"]}]},{\"@type\":\"BreadcrumbList\",\"@id\":\"https:\/\/www.aunica.com\/en\/maintenance\/#breadcrumb\",\"itemListElement\":[{\"@type\":\"ListItem\",\"position\":1,\"name\":\"Home\",\"item\":\"https:\/\/www.aunica.com\/en\/\"},{\"@type\":\"ListItem\",\"position\":2,\"name\":\"Maintenance\"}]},{\"@type\":\"WebSite\",\"@id\":\"https:\/\/www.aunica.com\/#website\",\"url\":\"https:\/\/www.aunica.com\/\",\"name\":\"aunica Interactive Marketing | Since 2004\",\"description\":\"Especialistas em Data Driven Marketing\",\"potentialAction\":[{\"@type\":\"SearchAction\",\"target\":{\"@type\":\"EntryPoint\",\"urlTemplate\":\"https:\/\/www.aunica.com\/?s={search_term_string}\"},\"query-input\":\"required name=search_term_string\"}],\"inLanguage\":\"en-US\"}]}<\/script>\n<!-- \/ Yoast SEO plugin. -->","yoast_head_json":{"title":"Maintenance - aunica Interactive Marketing | Since 2004","robots":{"index":"index","follow":"follow","max-snippet":"max-snippet:-1","max-image-preview":"max-image-preview:large","max-video-preview":"max-video-preview:-1"},"og_locale":"en_US","og_type":"article","og_title":"Maintenance - aunica Interactive Marketing | Since 2004","og_description":"Estamos em manuten\u00e7\u00e3o Queremos sempre proporcionar a melhor experi\u00eancia para os nossos usu\u00e1rios e para que isso ocorra, nosso site ficar\u00e1 indispon\u00edvel por um tempo. Enquanto isso, voc\u00ea pode falar conosco clicando no bot\u00e3o abaixo ou conhecer nosso servi\u00e7o de Data Driven Marketing\u00a0clicando aqui. Fale conosco Assine nossa Newsletter Nome: E-mail:","og_url":"https:\/\/www.aunica.com\/en\/maintenance\/","og_site_name":"aunica Interactive Marketing | Since 2004","og_image":[{"url":"https:\/\/www.aunica.com\/wp-content\/uploads\/2023\/09\/Artboard_7-8-100x137-1.png"}],"twitter_card":"summary_large_image","schema":{"@context":"https:\/\/schema.org","@graph":[{"@type":"WebPage","@id":"https:\/\/www.aunica.com\/en\/maintenance\/","url":"https:\/\/www.aunica.com\/en\/maintenance\/","name":"Maintenance - aunica Interactive Marketing | Since 2004","isPartOf":{"@id":"https:\/\/www.aunica.com\/#website"},"datePublished":"2023-09-10T00:06:53+00:00","dateModified":"2023-09-10T00:06:53+00:00","breadcrumb":{"@id":"https:\/\/www.aunica.com\/en\/maintenance\/#breadcrumb"},"inLanguage":"en-US","potentialAction":[{"@type":"ReadAction","target":["https:\/\/www.aunica.com\/en\/maintenance\/"]}]},{"@type":"BreadcrumbList","@id":"https:\/\/www.aunica.com\/en\/maintenance\/#breadcrumb","itemListElement":[{"@type":"ListItem","position":1,"name":"Home","item":"https:\/\/www.aunica.com\/en\/"},{"@type":"ListItem","position":2,"name":"Maintenance"}]},{"@type":"WebSite","@id":"https:\/\/www.aunica.com\/#website","url":"https:\/\/www.aunica.com\/","name":"aunica Interactive Marketing | Since 2004","description":"Especialistas em Data Driven Marketing","potentialAction":[{"@type":"SearchAction","target":{"@type":"EntryPoint","urlTemplate":"https:\/\/www.aunica.com\/?s={search_term_string}"},"query-input":"required name=search_term_string"}],"inLanguage":"en-US"}]}},"_links":{"self":[{"href":"https:\/\/www.aunica.com\/en\/wp-json\/wp\/v2\/pages\/85609"}],"collection":[{"href":"https:\/\/www.aunica.com\/en\/wp-json\/wp\/v2\/pages"}],"about":[{"href":"https:\/\/www.aunica.com\/en\/wp-json\/wp\/v2\/types\/page"}],"author":[{"embeddable":true,"href":"https:\/\/www.aunica.com\/en\/wp-json\/wp\/v2\/users\/5"}],"replies":[{"embeddable":true,"href":"https:\/\/www.aunica.com\/en\/wp-json\/wp\/v2\/comments?post=85609"}],"version-history":[{"count":0,"href":"https:\/\/www.aunica.com\/en\/wp-json\/wp\/v2\/pages\/85609\/revisions"}],"wp:attachment":[{"href":"https:\/\/www.aunica.com\/en\/wp-json\/wp\/v2\/media?parent=85609"}],"curies":[{"name":"wp","href":"https:\/\/api.w.org\/{rel}","templated":true}]}}