{"id":85610,"date":"2023-09-09T22:23:34","date_gmt":"2023-09-09T22:23:34","guid":{"rendered":"https:\/\/www.aunica.com\/aunica15anos\/"},"modified":"2023-10-18T19:22:04","modified_gmt":"2023-10-18T19:22:04","slug":"aunica15anos","status":"publish","type":"page","link":"https:\/\/www.aunica.com\/en\/aunica15anos\/","title":{"rendered":"aunica15anos"},"content":{"rendered":"<style>\/*! elementor - v3.7.8 - 02-10-2022 *\/<br \/>\n.elementor-heading-title{padding:0;margin:0;line-height:1}.elementor-widget-heading .elementor-heading-title[class*=elementor-size-]>a{color:inherit;font-size:inherit;line-height:inherit}.elementor-widget-heading .elementor-heading-title.elementor-size-small{font-size:15px}.elementor-widget-heading .elementor-heading-title.elementor-size-medium{font-size:19px}.elementor-widget-heading .elementor-heading-title.elementor-size-large{font-size:29px}.elementor-widget-heading .elementor-heading-title.elementor-size-xl{font-size:39px}.elementor-widget-heading .elementor-heading-title.elementor-size-xxl{font-size:59px}<\/style>\n<h6>#aunica15anos<\/h6>\n<p><iframe loading=\"lazy\" title=\"Evento aunica 15 anos de Sucesso e Inova\u00e7\u00e3o!\" width=\"1170\" height=\"658\" src=\"about:blank\" frameborder=\"0\" allow=\"accelerometer; autoplay; clipboard-write; encrypted-media; gyroscope; picture-in-picture; web-share\" allowfullscreen=\"\" class=\"lazyload\" data-src=\"https:\/\/www.youtube.com\/embed\/usXsx0AD_eY?feature=oembed\"><\/iframe><\/p>\n<style>\/*! elementor - v3.7.8 - 02-10-2022 *\/<br \/>\n.elementor-widget-divider{--divider-border-style:none;--divider-border-width:1px;--divider-color:#2c2c2c;--divider-icon-size:20px;--divider-element-spacing:10px;--divider-pattern-height:24px;--divider-pattern-size:20px;--divider-pattern-url:none;--divider-pattern-repeat:repeat-x}.elementor-widget-divider .elementor-divider{display:-webkit-box;display:-ms-flexbox;display:flex}.elementor-widget-divider .elementor-divider__text{font-size:15px;line-height:1;max-width:95%}.elementor-widget-divider .elementor-divider__element{margin:0 var(--divider-element-spacing);-ms-flex-negative:0;flex-shrink:0}.elementor-widget-divider .elementor-icon{font-size:var(--divider-icon-size)}.elementor-widget-divider .elementor-divider-separator{display:-webkit-box;display:-ms-flexbox;display:flex;margin:0;direction:ltr}.elementor-widget-divider--view-line_icon .elementor-divider-separator,.elementor-widget-divider--view-line_text .elementor-divider-separator{-webkit-box-align:center;-ms-flex-align:center;align-items:center}.elementor-widget-divider--view-line_icon .elementor-divider-separator:after,.elementor-widget-divider--view-line_icon .elementor-divider-separator:before,.elementor-widget-divider--view-line_text .elementor-divider-separator:after,.elementor-widget-divider--view-line_text .elementor-divider-separator:before{display:block;content:\"\";border-bottom:0;-webkit-box-flex:1;-ms-flex-positive:1;flex-grow:1;border-top:var(--divider-border-width) var(--divider-border-style) var(--divider-color)}.elementor-widget-divider--element-align-left .elementor-divider .elementor-divider-separator>.elementor-divider__svg:first-of-type{-webkit-box-flex:0;-ms-flex-positive:0;flex-grow:0;-ms-flex-negative:100;flex-shrink:100}.elementor-widget-divider--element-align-left .elementor-divider-separator:before{content:none}.elementor-widget-divider--element-align-left .elementor-divider__element{margin-left:0}.elementor-widget-divider--element-align-right .elementor-divider .elementor-divider-separator>.elementor-divider__svg:last-of-type{-webkit-box-flex:0;-ms-flex-positive:0;flex-grow:0;-ms-flex-negative:100;flex-shrink:100}.elementor-widget-divider--element-align-right .elementor-divider-separator:after{content:none}.elementor-widget-divider--element-align-right .elementor-divider__element{margin-right:0}.elementor-widget-divider:not(.elementor-widget-divider--view-line_text):not(.elementor-widget-divider--view-line_icon) .elementor-divider-separator{border-top:var(--divider-border-width) var(--divider-border-style) var(--divider-color)}.elementor-widget-divider--separator-type-pattern{--divider-border-style:none}.elementor-widget-divider--separator-type-pattern.elementor-widget-divider--view-line .elementor-divider-separator,.elementor-widget-divider--separator-type-pattern:not(.elementor-widget-divider--view-line) .elementor-divider-separator:after,.elementor-widget-divider--separator-type-pattern:not(.elementor-widget-divider--view-line) .elementor-divider-separator:before,.elementor-widget-divider--separator-type-pattern:not([class*=elementor-widget-divider--view]) .elementor-divider-separator{width:100%;min-height:var(--divider-pattern-height);-webkit-mask-size:var(--divider-pattern-size) 100%;mask-size:var(--divider-pattern-size) 100%;-webkit-mask-repeat:var(--divider-pattern-repeat);mask-repeat:var(--divider-pattern-repeat);background-color:var(--divider-color);-webkit-mask-image:var(--divider-pattern-url);mask-image:var(--divider-pattern-url)}.elementor-widget-divider--no-spacing{--divider-pattern-size:auto}.elementor-widget-divider--bg-round{--divider-pattern-repeat:round}.rtl .elementor-widget-divider .elementor-divider__text{direction:rtl}.e-container>.elementor-widget-divider{width:var(--container-widget-width,100%);--flex-grow:var(--container-widget-flex-grow,0)}<\/style>\n<h6>Run to Innovation<\/h6>\n<p>Desde 2004 no Brasil, e 2015 nos Estados Unidos, a aunica \u00e9 refer\u00eancia em data intelligence e data driven marketing, tendo um importante papel no desenvolvimento do mercado e no pioneirismo de algumas das principais inova\u00e7\u00f5es de tecnologia e marketing digital no Brasil.<\/p>\n<style>\/*! elementor - v3.7.8 - 02-10-2022 *\/<br \/>\n.elementor-widget-image{text-align:center}.elementor-widget-image a{display:inline-block}.elementor-widget-image a img[src$=\".svg\"]{width:48px}.elementor-widget-image img{vertical-align:middle;display:inline-block}<\/style>\n<p>\t\t\t\t\t\t\t\t\t\t\t\t<img width=\"1024\" height=\"553\" src=\"https:\/\/www.aunica.com\/wp-content\/uploads\/2023\/09\/timeline-dt-3-1024x553.png\" alt=\"\" loading=\"lazy\" srcset=\"https:\/\/www.aunica.com\/wp-content\/uploads\/2023\/09\/timeline-dt-3-1024x553.png 1024w, https:\/\/www.aunica.com\/wp-content\/uploads\/2023\/09\/timeline-dt-3-300x162.png 300w, https:\/\/www.aunica.com\/wp-content\/uploads\/2023\/09\/timeline-dt-3-768x415.png 768w, https:\/\/www.aunica.com\/wp-content\/uploads\/2023\/09\/timeline-dt-3-1536x829.png 1536w, https:\/\/www.aunica.com\/wp-content\/uploads\/2023\/09\/timeline-dt-3-2048x1106.png 2048w, https:\/\/www.aunica.com\/wp-content\/uploads\/2023\/09\/timeline-dt-3-200x108.png 200w, https:\/\/www.aunica.com\/wp-content\/uploads\/2023\/09\/timeline-dt-3-1568x847.png 1568w\" sizes=\"(max-width: 1024px) 100vw, 1024px\"><br \/>\n<img width=\"301\" height=\"2560\" src=\"https:\/\/www.aunica.com\/wp-content\/uploads\/2023\/09\/timeline-mb-scaled.jpg\" alt=\"\" loading=\"lazy\" srcset=\"https:\/\/www.aunica.com\/wp-content\/uploads\/2023\/09\/timeline-mb-scaled.jpg 301w, https:\/\/www.aunica.com\/wp-content\/uploads\/2023\/09\/timeline-mb-200x1702.jpg 200w\" sizes=\"(max-width: 301px) 100vw, 301px\"><br \/>\n<iframe loading=\"lazy\" title=\"aunica 15 Years of Success and Innovation\" width=\"1170\" height=\"658\" src=\"about:blank\" frameborder=\"0\" allow=\"accelerometer; autoplay; clipboard-write; encrypted-media; gyroscope; picture-in-picture; web-share\" allowfullscreen=\"\" class=\"lazyload\" data-src=\"https:\/\/www.youtube.com\/embed\/30xfIOvb4tA?feature=oembed\"><\/iframe><\/p>\n<h6>In\u00edcio da Parceria Oficial com Domo<\/h6>\n<p><img width=\"420\" height=\"277\" src=\"https:\/\/www.aunica.com\/wp-content\/uploads\/2023\/09\/banner-domo.jpg\" alt=\"\" loading=\"lazy\" srcset=\"https:\/\/www.aunica.com\/wp-content\/uploads\/2023\/09\/banner-domo.jpg 420w, https:\/\/www.aunica.com\/wp-content\/uploads\/2023\/09\/banner-domo-300x198.jpg 300w, https:\/\/www.aunica.com\/wp-content\/uploads\/2023\/09\/banner-domo-200x132.jpg 200w\" sizes=\"(max-width: 420px) 100vw, 420px\"><\/p>\n<p style=\"overflow-wrap: break-word; font-size: 16px; margin-bottom: 1rem; background-image: initial; background-position: 0px 0px; background-size: initial; background-repeat: initial; background-attachment: initial; background-origin: initial; background-clip: initial; border: 0px; padding: 0px; vertical-align: baseline; outline: 0px; font-family: -apple-system, BlinkMacSystemFont, 'Segoe UI', Roboto, 'Helvetica Neue', Arial, 'Noto Sans', sans-serif, 'Apple Color Emoji', 'Segoe UI Emoji', 'Segoe UI Symbol', 'Noto Color Emoji';\">Fundada em 2010 nos Estados Unidos, a Domo \u00e9 uma plataforma de gest\u00e3o que est\u00e1 revolucionando a forma como os executivos gerenciam os neg\u00f3cios, equipes e processos, oferecendo o controle das informa\u00e7\u00f5es essenciais, unindo dados, sistemas e pessoas. A plataforma Domo pode ser acessada de qualquer lugar e device, e integra com mais de 700 conectores nativos (APIs) que permitem aos l\u00edderes integrar em um \u00fanico lugar e de forma homog\u00eanea e consolidada, todos os dados da empresa, sem a necessidade de alterar ou mudar as plataformas j\u00e1 existentes na empresa. Voc\u00ea pode ver alguns cases de sucesso da ferramenta&nbsp;<a style=\"background-image: initial; background-position: 0px 0px; background-size: initial; background-repeat: initial; background-attachment: initial; background-origin: initial; background-clip: initial; margin: 0px; vertical-align: baseline; outline: 0px; cursor: pointer; color: #212529 !important; background-color: transparent !important; border: none !important; padding: 0px !important; text-decoration-line: underline !important;\" href=\"https:\/\/www.aunica.com\/domo\/#anchor-aplicacoes\">clicando aqui<\/a>.<\/p>\n<p style=\"overflow-wrap: break-word; font-size: 16px; margin-bottom: 1rem; background-image: initial; background-position: 0px 0px; background-size: initial; background-repeat: initial; background-attachment: initial; background-origin: initial; background-clip: initial; border: 0px; padding: 0px; vertical-align: baseline; outline: 0px; font-family: -apple-system, BlinkMacSystemFont, 'Segoe UI', Roboto, 'Helvetica Neue', Arial, 'Noto Sans', sans-serif, 'Apple Color Emoji', 'Segoe UI Emoji', 'Segoe UI Symbol', 'Noto Color Emoji';\">Quer saber mais informa\u00e7\u00f5es sobre a plataforma&nbsp;<a style=\"background-image: initial; background-position: 0px 0px; background-size: initial; background-repeat: initial; background-attachment: initial; background-origin: initial; background-clip: initial; margin: 0px; vertical-align: baseline; outline: 0px; cursor: pointer; color: #212529 !important; background-color: transparent !important; border: none !important; padding: 0px !important; text-decoration-line: underline !important;\" href=\"https:\/\/www.aunica.com\/domo\">Domo<\/a>?<\/p>\n<p>\t\t\t\t\t<a href=\"#\" role=\"button\"><br \/>\nFale conosco<br \/>\n<\/a><\/p>\n<p style=\"overflow-wrap: break-word; font-size: 16px; margin-bottom: 1rem; background-image: initial; background-position: 0px 0px; background-size: initial; background-repeat: initial; background-attachment: initial; background-origin: initial; background-clip: initial; border: 0px; padding: 0px; vertical-align: baseline; outline: 0px; font-family: -apple-system, BlinkMacSystemFont, 'Segoe UI', Roboto, 'Helvetica Neue', Arial, 'Noto Sans', sans-serif, 'Apple Color Emoji', 'Segoe UI Emoji', 'Segoe UI Symbol', 'Noto Color Emoji';\">Ou clique aqui para agendar uma reuni\u00e3o.<\/p>\n<h6>Fa\u00e7a parte de nossa hist\u00f3ria!<\/h6>\n<p>\/wp-content\/uploads\/2019\/06\/video-aunica.mp4<\/p>\n<p>Temos muito orgulho de tudo o que constru\u00edmos nesses 15 anos de hist\u00f3ria: 30 grandes cases de sucesso, diversas parcerias inovadoras de longo prazo, mais de 5.000 profissionais engajados em praticamente todos Anunciantes, Ag\u00eancias e E-Commerce&#8217;s do Brasil, quase 130 artigos publicados, o famoso IUPD (Indice Aunica de performance Digital), as unidades de neg\u00f3cios Performa, Antecipo e a Inboxed, nossa atua\u00e7\u00e3o em 13 pa\u00edses, a 1\u00aa Galeria Criativa Digital do Brasil no Meio&amp;Mensagem, a famosa white-house, a eterna blackbox e uma rela\u00e7\u00e3o duradoura com praticamente todos os Ve\u00edculos de Comunica\u00e7\u00e3o nacionais.<\/p>\n<p>Participamos da cria\u00e7\u00e3o da AMI (Hoje IAB Brasil), da forma\u00e7\u00e3o da ABRADI e diversas outras associa\u00e7\u00f5es, como a t\u00e3o relevante ABEMD. Escrevemos nossa hist\u00f3ria tamb\u00e9m quando fomos os primeiros brasileiros em 2009 na DMEXCO e um dos primeiros em 2010 na Mobile Marketing Fair em Barcelona, quando o assunto rendia apenas uma sala no final do \u00faltimo dia no \u00faltimo stand. Hoje representa quase metade do evento.<\/p>\n<p>Tivemos ativa participa\u00e7\u00e3o em muitas inova\u00e7\u00f5es e revolu\u00e7\u00f5es que hoje fazem parte do marketing digital no Brasil, como o adserver, rich-media, v\u00eddeo online, targeting comportamental, real-time analytics e outras, como por exemplo ter apresentado ao mercado brasileiro o primeiro Marketing Cloud do mundo, a Omniture, em 2011 e que temos muito orgulho de ter sido pioneiros nesta tem\u00e1tica.<\/p>\n<p>Mais importante que tudo isso, s\u00e3o as eternas amizades e hist\u00f3rias criadas com os mais de 700 Colaboradores que voam e que j\u00e1 voaram muito mais alto do que poder\u00edamos sonhar, ao longo destes 15 anos.<\/p>\n<p>E para celebrar este momento hist\u00f3rico junto com voc\u00eas, convidamos todos nossos amigos que participaram na constru\u00e7\u00e3o dessa hist\u00f3ria, a compartilharem conosco uma foto, um fato, uma mensagem ou algo que tenha marcado essa hist\u00f3ria, com a hashtag&nbsp;<a href=\"https:\/\/www.instagram.com\/explore\/tags\/aunica15anos\/\" target=\"_blank\" rel=\"noopener\">#aunica15anos<\/a>&nbsp;e nos marcarem em suas redes sociais.<\/p>\n<p>Fa\u00e7a sua homenagem e mostre seu orgulho por fazer parte de nossa hist\u00f3ria!<\/p>\n<h6>Compartilhe seu momento inesquec\u00edvel com aunica no Instagram e apare\u00e7a em destaque no nosso carrossel<\/h6>\n<p><a href=\"https:\/\/www.aunica.com\/2023\/04\/18\/domopalloza-2023-impacto-atraves-de-dados\/\"><img width=\"1080\" height=\"1080\" src=\"https:\/\/www.aunica.com\/wp-content\/uploads\/2023\/04\/Domopalooza_2023.png\" alt=\"\" loading=\"lazy\" srcset=\"https:\/\/www.aunica.com\/wp-content\/uploads\/2023\/04\/Domopalooza_2023.png 1080w, https:\/\/www.aunica.com\/wp-content\/uploads\/2023\/04\/Domopalooza_2023-300x300.png 300w, https:\/\/www.aunica.com\/wp-content\/uploads\/2023\/04\/Domopalooza_2023-1024x1024.png 1024w, https:\/\/www.aunica.com\/wp-content\/uploads\/2023\/04\/Domopalooza_2023-150x150.png 150w, https:\/\/www.aunica.com\/wp-content\/uploads\/2023\/04\/Domopalooza_2023-768x768.png 768w, https:\/\/www.aunica.com\/wp-content\/uploads\/2023\/04\/Domopalooza_2023-200x200.png 200w\" sizes=\"(max-width: 1080px) 100vw, 1080px\"><\/a><br \/>\nBy&nbsp;<a href=\"https:\/\/www.aunica.com\/author\/aunica\/\">Marketing Aunica<\/a><br \/>\n<a href=\"https:\/\/www.aunica.com\/2023\/04\/18\/domopalloza-2023-impacto-atraves-de-dados\/\">Domopallooza 2023: inspira\u00e7\u00f5es e insights para multiplicar o impacto dos neg\u00f3cios atrav\u00e9s de dados<\/a><br \/>\n<a href=\"https:\/\/www.aunica.com\/2023\/03\/29\/customer-data-platform-whatsapp\/\"><img width=\"1080\" height=\"1080\" src=\"https:\/\/www.aunica.com\/wp-content\/uploads\/2023\/03\/Post-Instagram-Citacao-Quote-Dia-da-Astronomia.png\" alt=\"\" loading=\"lazy\" srcset=\"https:\/\/www.aunica.com\/wp-content\/uploads\/2023\/03\/Post-Instagram-Citacao-Quote-Dia-da-Astronomia.png 1080w, https:\/\/www.aunica.com\/wp-content\/uploads\/2023\/03\/Post-Instagram-Citacao-Quote-Dia-da-Astronomia-300x300.png 300w, https:\/\/www.aunica.com\/wp-content\/uploads\/2023\/03\/Post-Instagram-Citacao-Quote-Dia-da-Astronomia-1024x1024.png 1024w, https:\/\/www.aunica.com\/wp-content\/uploads\/2023\/03\/Post-Instagram-Citacao-Quote-Dia-da-Astronomia-150x150.png 150w, https:\/\/www.aunica.com\/wp-content\/uploads\/2023\/03\/Post-Instagram-Citacao-Quote-Dia-da-Astronomia-768x768.png 768w, https:\/\/www.aunica.com\/wp-content\/uploads\/2023\/03\/Post-Instagram-Citacao-Quote-Dia-da-Astronomia-200x200.png 200w\" sizes=\"(max-width: 1080px) 100vw, 1080px\"><\/a><br \/>\nBy&nbsp;<a href=\"https:\/\/www.aunica.com\/author\/aunica\/\">Marketing Aunica<\/a><br \/>\n<a href=\"https:\/\/www.aunica.com\/2023\/03\/29\/customer-data-platform-whatsapp\/\">Como uma Customer Data Platform pode incrementar o atendimento no WhatsApp<\/a><br \/>\n<a href=\"https:\/\/www.aunica.com\/2023\/02\/14\/domopalooza-2023-inovacoes-historias-de-sucesso\/\"><img width=\"1080\" height=\"1080\" src=\"https:\/\/www.aunica.com\/wp-content\/uploads\/2023\/04\/Domopalooza_2023.png\" alt=\"\" loading=\"lazy\" srcset=\"https:\/\/www.aunica.com\/wp-content\/uploads\/2023\/04\/Domopalooza_2023.png 1080w, https:\/\/www.aunica.com\/wp-content\/uploads\/2023\/04\/Domopalooza_2023-300x300.png 300w, https:\/\/www.aunica.com\/wp-content\/uploads\/2023\/04\/Domopalooza_2023-1024x1024.png 1024w, https:\/\/www.aunica.com\/wp-content\/uploads\/2023\/04\/Domopalooza_2023-150x150.png 150w, https:\/\/www.aunica.com\/wp-content\/uploads\/2023\/04\/Domopalooza_2023-768x768.png 768w, https:\/\/www.aunica.com\/wp-content\/uploads\/2023\/04\/Domopalooza_2023-200x200.png 200w\" sizes=\"(max-width: 1080px) 100vw, 1080px\"><\/a><br \/>\nBy&nbsp;<a href=\"https:\/\/www.aunica.com\/author\/aunica\/\">Marketing Aunica<\/a><br \/>\n<a href=\"https:\/\/www.aunica.com\/2023\/02\/14\/domopalooza-2023-inovacoes-historias-de-sucesso\/\">Domopalooza 2023: inova\u00e7\u00f5es e hist\u00f3rias de sucesso<\/a><br \/>\nPrevious<br \/>\nNext<\/p>\n<h2>Assine nossa Newsletter<\/h2>\n<p role=\"status\" aria-live=\"polite\" aria-atomic=\"true\">\n<ul><\/ul>\n<form action=\"\/wp-admin\/admin-ajax.php#wpcf7-f77602-o1\" method=\"post\" novalidate=\"novalidate\" data-status=\"init\">\n<input type=\"hidden\" name=\"_wpcf7\" value=\"77602\"><br \/>\n<input type=\"hidden\" name=\"_wpcf7_version\" value=\"5.6.4\"><br \/>\n<input type=\"hidden\" name=\"_wpcf7_locale\" value=\"pt_BR\"><br \/>\n<input type=\"hidden\" name=\"_wpcf7_unit_tag\" value=\"wpcf7-f77602-o1\"><br \/>\n<input type=\"hidden\" name=\"_wpcf7_container_post\" value=\"0\"><br \/>\n<input type=\"hidden\" name=\"_wpcf7_posted_data_hash\" value=\"\"><\/p>\n<p><label> Nome: <input type=\"text\" name=\"your-name\" value=\"\" size=\"40\" aria-required=\"true\" aria-invalid=\"false\"> <\/label><\/p>\n<p><label> E-mail: <input type=\"email\" name=\"your-email\" value=\"\" size=\"40\" aria-required=\"true\" aria-invalid=\"false\"> <\/label><\/p>\n<p><input type=\"submit\" value=\"Enviar\"><\/p>\n<\/form>\n","protected":false},"excerpt":{"rendered":"<p>#aunica15anos Run to Innovation Desde 2004 no Brasil, e 2015 nos Estados Unidos, a aunica \u00e9 refer\u00eancia em data intelligence e data driven marketing, tendo um importante papel no desenvolvimento do mercado e no pioneirismo de algumas das principais inova\u00e7\u00f5es de tecnologia e marketing digital no Brasil. In\u00edcio da Parceria Oficial com Domo Fundada em [&hellip;]<\/p>\n","protected":false},"author":5,"featured_media":0,"parent":0,"menu_order":7,"comment_status":"closed","ping_status":"closed","template":"","meta":{"content-type":""},"acf":[],"yoast_head":"<!-- This site is optimized with the Yoast SEO plugin v19.8 - https:\/\/yoast.com\/wordpress\/plugins\/seo\/ -->\n<title>aunica15anos - aunica Interactive Marketing | Since 2004<\/title>\n<meta name=\"robots\" content=\"index, follow, max-snippet:-1, max-image-preview:large, max-video-preview:-1\" \/>\n<meta property=\"og:locale\" content=\"en_US\" \/>\n<meta property=\"og:type\" content=\"article\" \/>\n<meta property=\"og:title\" content=\"aunica15anos - aunica Interactive Marketing | Since 2004\" \/>\n<meta property=\"og:description\" content=\"#aunica15anos Run to Innovation Desde 2004 no Brasil, e 2015 nos Estados Unidos, a aunica \u00e9 refer\u00eancia em data intelligence e data driven marketing, tendo um importante papel no desenvolvimento do mercado e no pioneirismo de algumas das principais inova\u00e7\u00f5es de tecnologia e marketing digital no Brasil. In\u00edcio da Parceria Oficial com Domo Fundada em [&hellip;]\" \/>\n<meta property=\"og:url\" content=\"https:\/\/www.aunica.com\/en\/aunica15anos\/\" \/>\n<meta property=\"og:site_name\" content=\"aunica Interactive Marketing | Since 2004\" \/>\n<meta property=\"article:modified_time\" content=\"2023-10-18T19:22:04+00:00\" \/>\n<meta property=\"og:image\" content=\"https:\/\/www.aunica.com\/wp-content\/uploads\/2023\/09\/timeline-dt-3-1024x553.png\" \/>\n<meta name=\"twitter:card\" content=\"summary_large_image\" \/>\n<meta name=\"twitter:label1\" content=\"Est. reading time\" \/>\n\t<meta name=\"twitter:data1\" content=\"3 minutes\" \/>\n<script type=\"application\/ld+json\" class=\"yoast-schema-graph\">{\"@context\":\"https:\/\/schema.org\",\"@graph\":[{\"@type\":\"WebPage\",\"@id\":\"https:\/\/www.aunica.com\/en\/aunica15anos\/\",\"url\":\"https:\/\/www.aunica.com\/en\/aunica15anos\/\",\"name\":\"aunica15anos - aunica Interactive Marketing | Since 2004\",\"isPartOf\":{\"@id\":\"https:\/\/www.aunica.com\/#website\"},\"datePublished\":\"2023-09-09T22:23:34+00:00\",\"dateModified\":\"2023-10-18T19:22:04+00:00\",\"breadcrumb\":{\"@id\":\"https:\/\/www.aunica.com\/en\/aunica15anos\/#breadcrumb\"},\"inLanguage\":\"en-US\",\"potentialAction\":[{\"@type\":\"ReadAction\",\"target\":[\"https:\/\/www.aunica.com\/en\/aunica15anos\/\"]}]},{\"@type\":\"BreadcrumbList\",\"@id\":\"https:\/\/www.aunica.com\/en\/aunica15anos\/#breadcrumb\",\"itemListElement\":[{\"@type\":\"ListItem\",\"position\":1,\"name\":\"Home\",\"item\":\"https:\/\/www.aunica.com\/en\/\"},{\"@type\":\"ListItem\",\"position\":2,\"name\":\"aunica15anos\"}]},{\"@type\":\"WebSite\",\"@id\":\"https:\/\/www.aunica.com\/#website\",\"url\":\"https:\/\/www.aunica.com\/\",\"name\":\"aunica Interactive Marketing | Since 2004\",\"description\":\"Especialistas em Data Driven Marketing\",\"potentialAction\":[{\"@type\":\"SearchAction\",\"target\":{\"@type\":\"EntryPoint\",\"urlTemplate\":\"https:\/\/www.aunica.com\/?s={search_term_string}\"},\"query-input\":\"required name=search_term_string\"}],\"inLanguage\":\"en-US\"}]}<\/script>\n<!-- \/ Yoast SEO plugin. -->","yoast_head_json":{"title":"aunica15anos - aunica Interactive Marketing | Since 2004","robots":{"index":"index","follow":"follow","max-snippet":"max-snippet:-1","max-image-preview":"max-image-preview:large","max-video-preview":"max-video-preview:-1"},"og_locale":"en_US","og_type":"article","og_title":"aunica15anos - aunica Interactive Marketing | Since 2004","og_description":"#aunica15anos Run to Innovation Desde 2004 no Brasil, e 2015 nos Estados Unidos, a aunica \u00e9 refer\u00eancia em data intelligence e data driven marketing, tendo um importante papel no desenvolvimento do mercado e no pioneirismo de algumas das principais inova\u00e7\u00f5es de tecnologia e marketing digital no Brasil. In\u00edcio da Parceria Oficial com Domo Fundada em [&hellip;]","og_url":"https:\/\/www.aunica.com\/en\/aunica15anos\/","og_site_name":"aunica Interactive Marketing | Since 2004","article_modified_time":"2023-10-18T19:22:04+00:00","og_image":[{"url":"https:\/\/www.aunica.com\/wp-content\/uploads\/2023\/09\/timeline-dt-3-1024x553.png"}],"twitter_card":"summary_large_image","twitter_misc":{"Est. reading time":"3 minutes"},"schema":{"@context":"https:\/\/schema.org","@graph":[{"@type":"WebPage","@id":"https:\/\/www.aunica.com\/en\/aunica15anos\/","url":"https:\/\/www.aunica.com\/en\/aunica15anos\/","name":"aunica15anos - aunica Interactive Marketing | Since 2004","isPartOf":{"@id":"https:\/\/www.aunica.com\/#website"},"datePublished":"2023-09-09T22:23:34+00:00","dateModified":"2023-10-18T19:22:04+00:00","breadcrumb":{"@id":"https:\/\/www.aunica.com\/en\/aunica15anos\/#breadcrumb"},"inLanguage":"en-US","potentialAction":[{"@type":"ReadAction","target":["https:\/\/www.aunica.com\/en\/aunica15anos\/"]}]},{"@type":"BreadcrumbList","@id":"https:\/\/www.aunica.com\/en\/aunica15anos\/#breadcrumb","itemListElement":[{"@type":"ListItem","position":1,"name":"Home","item":"https:\/\/www.aunica.com\/en\/"},{"@type":"ListItem","position":2,"name":"aunica15anos"}]},{"@type":"WebSite","@id":"https:\/\/www.aunica.com\/#website","url":"https:\/\/www.aunica.com\/","name":"aunica Interactive Marketing | Since 2004","description":"Especialistas em Data Driven Marketing","potentialAction":[{"@type":"SearchAction","target":{"@type":"EntryPoint","urlTemplate":"https:\/\/www.aunica.com\/?s={search_term_string}"},"query-input":"required name=search_term_string"}],"inLanguage":"en-US"}]}},"_links":{"self":[{"href":"https:\/\/www.aunica.com\/en\/wp-json\/wp\/v2\/pages\/85610"}],"collection":[{"href":"https:\/\/www.aunica.com\/en\/wp-json\/wp\/v2\/pages"}],"about":[{"href":"https:\/\/www.aunica.com\/en\/wp-json\/wp\/v2\/types\/page"}],"author":[{"embeddable":true,"href":"https:\/\/www.aunica.com\/en\/wp-json\/wp\/v2\/users\/5"}],"replies":[{"embeddable":true,"href":"https:\/\/www.aunica.com\/en\/wp-json\/wp\/v2\/comments?post=85610"}],"version-history":[{"count":1,"href":"https:\/\/www.aunica.com\/en\/wp-json\/wp\/v2\/pages\/85610\/revisions"}],"predecessor-version":[{"id":85613,"href":"https:\/\/www.aunica.com\/en\/wp-json\/wp\/v2\/pages\/85610\/revisions\/85613"}],"wp:attachment":[{"href":"https:\/\/www.aunica.com\/en\/wp-json\/wp\/v2\/media?parent=85610"}],"curies":[{"name":"wp","href":"https:\/\/api.w.org\/{rel}","templated":true}]}}