{"id":85611,"date":"2023-09-09T22:07:21","date_gmt":"2023-09-09T22:07:21","guid":{"rendered":"https:\/\/www.aunica.com\/sony-brasil-lanca-2-episodio-da-web-serie-batendo-osso\/"},"modified":"2023-09-09T22:07:21","modified_gmt":"2023-09-09T22:07:21","slug":"sony-brasil-lanca-2-episodio-da-web-serie-batendo-osso","status":"publish","type":"page","link":"https:\/\/www.aunica.com\/en\/sony-brasil-lanca-2-episodio-da-web-serie-batendo-osso\/","title":{"rendered":"Sony brasil lanca 2 episodio da web serie batendo osso"},"content":{"rendered":"<style>\/*! elementor - v3.7.8 - 02-10-2022 *\/\n.elementor-heading-title{padding:0;margin:0;line-height:1}.elementor-widget-heading .elementor-heading-title[class*=elementor-size-]>a{color:inherit;font-size:inherit;line-height:inherit}.elementor-widget-heading .elementor-heading-title.elementor-size-small{font-size:15px}.elementor-widget-heading .elementor-heading-title.elementor-size-medium{font-size:19px}.elementor-widget-heading .elementor-heading-title.elementor-size-large{font-size:29px}.elementor-widget-heading .elementor-heading-title.elementor-size-xl{font-size:39px}.elementor-widget-heading .elementor-heading-title.elementor-size-xxl{font-size:59px}<\/style>\n<h6>Sony lan\u00e7a 2\u00ba Epis\u00f3dio da web s\u00e9rie \u201cBatendo Osso\u201d, que apresenta a evolu\u00e7\u00e3o da Cultura Hip Hop no Brasil<\/h6>\n<p>\t\t<iframe loading=\"lazy\" title=\"Video Placeholder\" width=\"1170\" height=\"658\" src=\"about:blank\" frameborder=\"0\" allow=\"accelerometer; autoplay; clipboard-write; encrypted-media; gyroscope; picture-in-picture; web-share\" allowfullscreen=\"\" class=\"lazyload\" data-src=\"https:\/\/www.youtube.com\/embed\/XHOmBV4js_E?feature=oembed\"><\/iframe>\t\t<\/p>\n<h6>\u2018Wikinomia\u2019 d\u00e1 o tom em novo cap\u00edtulo de web s\u00e9rie sobre a Cultura Hip Hop<\/h6>\n<p><em>O segundo epis\u00f3dio explora conceito de colabora\u00e7\u00e3o e conta a hist\u00f3ria do\u00a0<strong>Bboy Pelezinho<\/strong>\u00a0e da\u00a0<strong>crew Tsunami All Stars<\/strong><\/em><\/p>\n<p>Neste epis\u00f3dio, a web s\u00e9rie explora o conceito de\u00a0<strong>\u2018wikinomia\u2019<\/strong>, que consiste em uma\u00a0<strong>economia colaborativa e criativa<\/strong>. S\u00e3o\u00a0<strong>iniciativas realizadas em parceria por diversas empresas<\/strong>\u00a0para realizar um projeto que traga\u00a0<strong>benef\u00edcios para a sociedade<\/strong>.<\/p>\n<p>No projeto do\u00a0<strong>\u201cBatendo Osso\u201d<\/strong>, diferentes marcas se uniram para realizar este importante manifesto em prol do Hip Hop.\u00a0<strong>Sony Brasil<\/strong>,\u00a0<strong>Red Bull Station,<\/strong>\u00a0<strong>aunica Interactive Marketing\u00a0<\/strong>e<strong>\u00a0FocusGraph\u00a0<\/strong>realizaram juntos os Epis\u00f3dios 1 e 2.<\/p>\n<p><strong>Para o 3\u00ba Epis\u00f3dio<\/strong>, que vai ao ar em Mar\u00e7o de 2019, entraram tamb\u00e9m as marcas\u00a0<strong>Colorgin Arte Urbana<\/strong>\u00a0e o\u00a0<strong>Laborat\u00f3rio Fantasma.<\/strong><\/p>\n<p>A\u00a0<strong>Cultura Hip Hop<\/strong>\u00a0une a popula\u00e7\u00e3o com arte, dan\u00e7a, m\u00fasica e a conscientiza\u00e7\u00e3o da import\u00e2ncia de nosso papel na sociedade.\u00a0<strong>Como diria Emicida, o Hip Hop \u00e9 Foda!\u00a0<\/strong><\/p>\n<p>Dentro deste novo contexto de mercado e buscando formas de proporcionar um engajamento emocional entre a\u00a0<strong>Sony Brasil<\/strong>\u00a0e seus consumidores, o material apresenta a evolu\u00e7\u00e3o do\u00a0<strong>breaking<\/strong>\u00a0no pa\u00eds, mostrando que\u00a0<strong>o Brasil tem muito mais do que apenas samba e futebol como produto de exporta\u00e7\u00e3o<\/strong>.\u00a0<\/p>\n<p><strong>\u201cComo l\u00edder de mercado e criadora de tend\u00eancias, a Sony est\u00e1 sempre buscando formas de se conectar com seus p\u00fablicos e oferecer experi\u00eancias e hist\u00f3rias relevantes. Ao criar esta web s\u00e9rie, ampliamos nosso relacionamento com o consumidor que curte m\u00fasica, dan\u00e7a e movimentos como as dan\u00e7as urbanas\u201d, completa Marcelo Gon\u00e7alves, gerente de Marketing e Comunica\u00e7\u00e3o da Sony Brasil.<\/strong><\/p>\n<p>A\u00a0<strong>Sony Brasil<\/strong>\u00a0aproveitou seu\u00a0<strong>novo portf\u00f3lio de \u00e1udio<\/strong>, que conta com uma s\u00e9rie de mini systems sob a consagrada marca Muteki e caixas de som port\u00e1teis ainda mais resistentes,\u00a0<strong>para ambientar a web s\u00e9rie<\/strong>.<\/p>\n<p>Al\u00e9m disso,\u00a0<strong>algumas cenas da produ\u00e7\u00e3o foram filmadas com um dos lan\u00e7amentos da linha de smartphone Xperia<\/strong>: o\u00a0<a href=\"http:\/\/bit.ly\/xperia-webserie\" target=\"_blank\" rel=\"noreferrer noopener\">Xperia XZ2<\/a>, primeiro smartphone a utilizar grava\u00e7\u00e3o de filmes em 4K HDR, al\u00e9m de possuir outros recursos como o Motion Eye\u2122 com super slow motion.\u00a0<strong>Para conhecer toda a linha de \u00e1udio utilizada na web s\u00e9rie, acesse:\u00a0<a href=\"http:\/\/bit.ly\/audioprodutos\" target=\"_blank\" rel=\"noreferrer noopener\">http:\/\/bit.ly\/audioprodutos<\/a><\/strong>.<\/p>\n<p>https:\/\/www.youtube.com\/watch?v=l3SMh9kcKpY<\/p>\n<p>Para\u00a0<strong>Roberto Eckersdorff<\/strong>,\u00a0<strong>CEO da aunica Interactive Marketing<\/strong>,\u201co projeto marca a\u00a0<strong>consolida\u00e7\u00e3o de nossa atua\u00e7\u00e3o no segmento de Marketing OnLife,\u00a0<\/strong>em que\u00a0<strong>o foco \u00e9 no consumidor e na experi\u00eancia, e n\u00e3o apenas no canal de comunica\u00e7\u00e3o utilizado. Tudo isso sempre embalado por dados, an\u00e1lises e estudos que expliquem, comprovem e justifiquem o investimento, sem perder a criatividade\u201d<\/strong>.<\/p>\n<p><strong>Estrelas do novo epis\u00f3dio<\/strong><\/p>\n<p><strong>Bboy Pelezinho<\/strong>\u00a0ficou conhecido no mundo inteiro em 2005, quando participou pela primeira vez da final mundial do Red Bull BC One,\u00a0 competi\u00e7\u00e3o internacional de break dance realizada pela marca de energ\u00e9ticos. De l\u00e1 pra c\u00e1, seu estilo \u00fanico no break \u2013 que mistura capoeira, samba e outras brasilidades \u2013 se tornou sin\u00f4nimo de excel\u00eancia. Al\u00e9m de j\u00e1 ter ganhado mais de 15 pr\u00eamios e participado de mais de 40 competi\u00e7\u00f5es, hoje ele faz parte da crew Red Bull BC One All Stars.<\/p>\n<p>Os outros protagonistas tamb\u00e9m n\u00e3o ficam para tr\u00e1s. Dan\u00e7arino de estrelas mundiais como Madonna e Justin Timberlake,\u00a0<strong>Bboy Neguin<\/strong>\u00a0\u00e9 o \u00fanico latino-americano com o t\u00edtulo de campe\u00e3o mundial no Red Bull BC One e o participante que mais carrega t\u00edtulos em competi\u00e7\u00f5es internacionais. Para completar o elenco, a web s\u00e9rie traz ainda o\u00a0<strong>Bboy Lukas Galante<\/strong>, que \u00e9 integrante da trupe Cirque Du Soleil em Las Vegas e um dos grandes nomes que representam o Brasil no breaking mundial.<\/p>\n<style>\/*! elementor - v3.7.8 - 02-10-2022 *\/\n.elementor-widget-image{text-align:center}.elementor-widget-image a{display:inline-block}.elementor-widget-image a img[src$=\".svg\"]{width:48px}.elementor-widget-image img{vertical-align:middle;display:inline-block}<\/style>\n<p>\t\t\t\t\t\t\t\t\t\t\t\t<img width=\"295\" height=\"222\" src=\"https:\/\/www.aunica.com\/wp-content\/uploads\/2023\/09\/Bboy_Pelezinho_Beco_Batman-295x222-1.jpg\" alt=\"\" loading=\"lazy\" srcset=\"https:\/\/www.aunica.com\/wp-content\/uploads\/2023\/09\/Bboy_Pelezinho_Beco_Batman-295x222-1.jpg 295w, https:\/\/www.aunica.com\/wp-content\/uploads\/2023\/09\/Bboy_Pelezinho_Beco_Batman-295x222-1-200x151.jpg 200w\" sizes=\"(max-width: 295px) 100vw, 295px\" \/><br \/>\n\t\t\t\t\t\t\t\t\t\t\t\t\t\t\t<img width=\"295\" height=\"222\" src=\"https:\/\/www.aunica.com\/wp-content\/uploads\/2023\/09\/Bboy_Bart_Beco_Batman-295x222-1.jpg\" alt=\"\" loading=\"lazy\" srcset=\"https:\/\/www.aunica.com\/wp-content\/uploads\/2023\/09\/Bboy_Bart_Beco_Batman-295x222-1.jpg 295w, https:\/\/www.aunica.com\/wp-content\/uploads\/2023\/09\/Bboy_Bart_Beco_Batman-295x222-1-200x151.jpg 200w\" sizes=\"(max-width: 295px) 100vw, 295px\" \/><br \/>\n\t\t\t\t\t\t\t\t\t\t\t\t\t\t\t<img width=\"295\" height=\"222\" src=\"https:\/\/www.aunica.com\/wp-content\/uploads\/2023\/09\/20181021_172810-295x222-1.jpg\" alt=\"\" loading=\"lazy\" srcset=\"https:\/\/www.aunica.com\/wp-content\/uploads\/2023\/09\/20181021_172810-295x222-1.jpg 295w, https:\/\/www.aunica.com\/wp-content\/uploads\/2023\/09\/20181021_172810-295x222-1-200x151.jpg 200w\" sizes=\"(max-width: 295px) 100vw, 295px\" \/><br \/>\n\t\t\t\t\t\t\t\t\t\t\t\t\t\t\t<img width=\"295\" height=\"222\" src=\"https:\/\/www.aunica.com\/wp-content\/uploads\/2023\/09\/20181019_171351-295x222-1.jpg\" alt=\"\" loading=\"lazy\" srcset=\"https:\/\/www.aunica.com\/wp-content\/uploads\/2023\/09\/20181019_171351-295x222-1.jpg 295w, https:\/\/www.aunica.com\/wp-content\/uploads\/2023\/09\/20181019_171351-295x222-1-200x151.jpg 200w\" sizes=\"(max-width: 295px) 100vw, 295px\" \/><br \/>\n\t\t\t\t\t\t\t\t\t\t\t\t\t\t\t<img width=\"295\" height=\"222\" src=\"https:\/\/www.aunica.com\/wp-content\/uploads\/2023\/09\/20181019_175354-295x222-1.jpg\" alt=\"\" loading=\"lazy\" srcset=\"https:\/\/www.aunica.com\/wp-content\/uploads\/2023\/09\/20181019_175354-295x222-1.jpg 295w, https:\/\/www.aunica.com\/wp-content\/uploads\/2023\/09\/20181019_175354-295x222-1-200x151.jpg 200w\" sizes=\"(max-width: 295px) 100vw, 295px\" \/><br \/>\n\t\t\t\t\t\t\t\t\t\t\t\t\t\t\t<img width=\"295\" height=\"222\" src=\"https:\/\/www.aunica.com\/wp-content\/uploads\/2023\/09\/20181020_124240-295x222-1.jpg\" alt=\"\" loading=\"lazy\" srcset=\"https:\/\/www.aunica.com\/wp-content\/uploads\/2023\/09\/20181020_124240-295x222-1.jpg 295w, https:\/\/www.aunica.com\/wp-content\/uploads\/2023\/09\/20181020_124240-295x222-1-200x151.jpg 200w\" sizes=\"(max-width: 295px) 100vw, 295px\" \/><br \/>\n\t\t\t\t\t\t\t\t\t\t\t\t\t\t\t<img width=\"295\" height=\"222\" src=\"https:\/\/www.aunica.com\/wp-content\/uploads\/2023\/09\/20181020_131432-295x222-1.jpg\" alt=\"\" loading=\"lazy\" srcset=\"https:\/\/www.aunica.com\/wp-content\/uploads\/2023\/09\/20181020_131432-295x222-1.jpg 295w, https:\/\/www.aunica.com\/wp-content\/uploads\/2023\/09\/20181020_131432-295x222-1-200x151.jpg 200w\" sizes=\"(max-width: 295px) 100vw, 295px\" \/><br \/>\n\t\t\t\t\t\t\t\t\t\t\t\t\t\t\t<img width=\"295\" height=\"222\" src=\"https:\/\/www.aunica.com\/wp-content\/uploads\/2023\/09\/Graffiti_1-295x222-1.jpg\" alt=\"\" loading=\"lazy\" srcset=\"https:\/\/www.aunica.com\/wp-content\/uploads\/2023\/09\/Graffiti_1-295x222-1.jpg 295w, https:\/\/www.aunica.com\/wp-content\/uploads\/2023\/09\/Graffiti_1-295x222-1-200x151.jpg 200w\" sizes=\"(max-width: 295px) 100vw, 295px\" \/><br \/>\n\t\t\t\t\t\t\t\t\t\t\t\t\t\t\t<img width=\"295\" height=\"222\" src=\"https:\/\/www.aunica.com\/wp-content\/uploads\/2023\/09\/Graffiti_25-295x222-1.jpg\" alt=\"\" loading=\"lazy\" srcset=\"https:\/\/www.aunica.com\/wp-content\/uploads\/2023\/09\/Graffiti_25-295x222-1.jpg 295w, https:\/\/www.aunica.com\/wp-content\/uploads\/2023\/09\/Graffiti_25-295x222-1-200x151.jpg 200w\" sizes=\"(max-width: 295px) 100vw, 295px\" \/><br \/>\n\t\t\t\t\t\t\t\t\t\t\t\t\t\t\t<img width=\"295\" height=\"222\" src=\"https:\/\/www.aunica.com\/wp-content\/uploads\/2023\/09\/Graffiti_4-295x222-1.jpg\" alt=\"\" loading=\"lazy\" srcset=\"https:\/\/www.aunica.com\/wp-content\/uploads\/2023\/09\/Graffiti_4-295x222-1.jpg 295w, https:\/\/www.aunica.com\/wp-content\/uploads\/2023\/09\/Graffiti_4-295x222-1-200x151.jpg 200w\" sizes=\"(max-width: 295px) 100vw, 295px\" \/><br \/>\n\t\t\t\t\t\t\t\t\t\t\t\t\t\t\t<img width=\"295\" height=\"222\" src=\"https:\/\/www.aunica.com\/wp-content\/uploads\/2023\/09\/Graffiti_5-295x222-1.jpg\" alt=\"\" loading=\"lazy\" srcset=\"https:\/\/www.aunica.com\/wp-content\/uploads\/2023\/09\/Graffiti_5-295x222-1.jpg 295w, https:\/\/www.aunica.com\/wp-content\/uploads\/2023\/09\/Graffiti_5-295x222-1-200x151.jpg 200w\" sizes=\"(max-width: 295px) 100vw, 295px\" \/><br \/>\n\t\t\t\t\t\t\t\t\t\t\t\t\t\t\t<img width=\"295\" height=\"222\" src=\"https:\/\/www.aunica.com\/wp-content\/uploads\/2023\/09\/Graffiti_8-295x222-1.jpg\" alt=\"\" loading=\"lazy\" srcset=\"https:\/\/www.aunica.com\/wp-content\/uploads\/2023\/09\/Graffiti_8-295x222-1.jpg 295w, https:\/\/www.aunica.com\/wp-content\/uploads\/2023\/09\/Graffiti_8-295x222-1-200x151.jpg 200w\" sizes=\"(max-width: 295px) 100vw, 295px\" \/><br \/>\n\t\t\t\t\t\t\t\t\t\t\t\t\t\t\t<img width=\"295\" height=\"222\" src=\"https:\/\/www.aunica.com\/wp-content\/uploads\/2023\/09\/Graffiti_11-295x222-1.jpg\" alt=\"\" loading=\"lazy\" srcset=\"https:\/\/www.aunica.com\/wp-content\/uploads\/2023\/09\/Graffiti_11-295x222-1.jpg 295w, https:\/\/www.aunica.com\/wp-content\/uploads\/2023\/09\/Graffiti_11-295x222-1-200x151.jpg 200w\" sizes=\"(max-width: 295px) 100vw, 295px\" \/><br \/>\n\t\t\t\t\t\t\t\t\t\t\t\t\t\t\t<img width=\"295\" height=\"222\" src=\"https:\/\/www.aunica.com\/wp-content\/uploads\/2023\/09\/Graffiti_27-295x222-1.jpg\" alt=\"\" loading=\"lazy\" srcset=\"https:\/\/www.aunica.com\/wp-content\/uploads\/2023\/09\/Graffiti_27-295x222-1.jpg 295w, https:\/\/www.aunica.com\/wp-content\/uploads\/2023\/09\/Graffiti_27-295x222-1-200x151.jpg 200w\" sizes=\"(max-width: 295px) 100vw, 295px\" \/><br \/>\n\t\t\t\t\t\t\t\t\t\t\t\t\t\t\t<img width=\"295\" height=\"222\" src=\"https:\/\/www.aunica.com\/wp-content\/uploads\/2023\/09\/Graffiti_10-295x222-1.jpg\" alt=\"\" loading=\"lazy\" srcset=\"https:\/\/www.aunica.com\/wp-content\/uploads\/2023\/09\/Graffiti_10-295x222-1.jpg 295w, https:\/\/www.aunica.com\/wp-content\/uploads\/2023\/09\/Graffiti_10-295x222-1-200x151.jpg 200w\" sizes=\"(max-width: 295px) 100vw, 295px\" \/><br \/>\n\t\t\t\t\t\t\t\t\t\t\t\t\t\t\t<img width=\"295\" height=\"222\" src=\"https:\/\/www.aunica.com\/wp-content\/uploads\/2023\/09\/Graffiti_16-295x222-1.jpg\" alt=\"\" loading=\"lazy\" srcset=\"https:\/\/www.aunica.com\/wp-content\/uploads\/2023\/09\/Graffiti_16-295x222-1.jpg 295w, https:\/\/www.aunica.com\/wp-content\/uploads\/2023\/09\/Graffiti_16-295x222-1-200x151.jpg 200w\" sizes=\"(max-width: 295px) 100vw, 295px\" \/><br \/>\n\t\t\t\t\t\t\t\t\t\t\t\t\t\t\t<img width=\"295\" height=\"222\" src=\"https:\/\/www.aunica.com\/wp-content\/uploads\/2023\/09\/Graffiti_22-295x222-1.jpg\" alt=\"\" loading=\"lazy\" srcset=\"https:\/\/www.aunica.com\/wp-content\/uploads\/2023\/09\/Graffiti_22-295x222-1.jpg 295w, https:\/\/www.aunica.com\/wp-content\/uploads\/2023\/09\/Graffiti_22-295x222-1-200x151.jpg 200w\" sizes=\"(max-width: 295px) 100vw, 295px\" \/><br \/>\n\t\t\t\t\t\t\t\t\t\t\t\t\t\t\t<img width=\"295\" height=\"222\" src=\"https:\/\/www.aunica.com\/wp-content\/uploads\/2023\/09\/Graffiti_23-295x222-1.jpg\" alt=\"\" loading=\"lazy\" srcset=\"https:\/\/www.aunica.com\/wp-content\/uploads\/2023\/09\/Graffiti_23-295x222-1.jpg 295w, https:\/\/www.aunica.com\/wp-content\/uploads\/2023\/09\/Graffiti_23-295x222-1-200x151.jpg 200w\" sizes=\"(max-width: 295px) 100vw, 295px\" \/>\t\t\t\t\t\t\t\t\t\t\t\t\t\t\t<\/p>\n<p><a role=\"button\" href=\"https:\/\/www.aunica.com\/aunica-cria-web-serie-batendo-osso-para-sony-brasil\/\" target=\"_blank\" rel=\"noopener\">CONFIRA O EPIS\u00d3DIO 1<\/a><\/p>\n<h2>Assine nossa Newsletter<\/h2>\n<p role=\"status\" aria-live=\"polite\" aria-atomic=\"true\">\n<ul><\/ul>\n<form action=\"\/wp-admin\/admin-ajax.php#wpcf7-f77602-o1\" method=\"post\" novalidate=\"novalidate\" data-status=\"init\">\n<input type=\"hidden\" name=\"_wpcf7\" value=\"77602\" \/><br \/>\n<input type=\"hidden\" name=\"_wpcf7_version\" value=\"5.6.4\" \/><br \/>\n<input type=\"hidden\" name=\"_wpcf7_locale\" value=\"pt_BR\" \/><br \/>\n<input type=\"hidden\" name=\"_wpcf7_unit_tag\" value=\"wpcf7-f77602-o1\" \/><br \/>\n<input type=\"hidden\" name=\"_wpcf7_container_post\" value=\"0\" \/><br \/>\n<input type=\"hidden\" name=\"_wpcf7_posted_data_hash\" value=\"\" \/><\/p>\n<p><label> Nome: <input type=\"text\" name=\"your-name\" value=\"\" size=\"40\" aria-required=\"true\" aria-invalid=\"false\" \/> <\/label><\/p>\n<p><label> E-mail: <input type=\"email\" name=\"your-email\" value=\"\" size=\"40\" aria-required=\"true\" aria-invalid=\"false\" \/> <\/label><\/p>\n<p><input type=\"submit\" value=\"Enviar\" \/><\/p>\n<\/form>\n","protected":false},"excerpt":{"rendered":"<p>Sony lan\u00e7a 2\u00ba Epis\u00f3dio da web s\u00e9rie \u201cBatendo Osso\u201d, que apresenta a evolu\u00e7\u00e3o da Cultura Hip Hop no Brasil \u2018Wikinomia\u2019 d\u00e1 o tom em novo cap\u00edtulo de web s\u00e9rie sobre a Cultura Hip Hop O segundo epis\u00f3dio explora conceito de colabora\u00e7\u00e3o e conta a hist\u00f3ria do\u00a0Bboy Pelezinho\u00a0e da\u00a0crew Tsunami All Stars Neste epis\u00f3dio, a web [&hellip;]<\/p>\n","protected":false},"author":5,"featured_media":0,"parent":0,"menu_order":7,"comment_status":"closed","ping_status":"closed","template":"","meta":{"content-type":""},"acf":[],"yoast_head":"<!-- This site is optimized with the Yoast SEO plugin v19.8 - https:\/\/yoast.com\/wordpress\/plugins\/seo\/ -->\n<title>Sony brasil lanca 2 episodio da web serie batendo osso - aunica Interactive Marketing | Since 2004<\/title>\n<meta name=\"robots\" content=\"index, follow, max-snippet:-1, max-image-preview:large, max-video-preview:-1\" \/>\n<meta property=\"og:locale\" content=\"en_US\" \/>\n<meta property=\"og:type\" content=\"article\" \/>\n<meta property=\"og:title\" content=\"Sony brasil lanca 2 episodio da web serie batendo osso - aunica Interactive Marketing | Since 2004\" \/>\n<meta property=\"og:description\" content=\"Sony lan\u00e7a 2\u00ba Epis\u00f3dio da web s\u00e9rie \u201cBatendo Osso\u201d, que apresenta a evolu\u00e7\u00e3o da Cultura Hip Hop no Brasil \u2018Wikinomia\u2019 d\u00e1 o tom em novo cap\u00edtulo de web s\u00e9rie sobre a Cultura Hip Hop O segundo epis\u00f3dio explora conceito de colabora\u00e7\u00e3o e conta a hist\u00f3ria do\u00a0Bboy Pelezinho\u00a0e da\u00a0crew Tsunami All Stars Neste epis\u00f3dio, a web [&hellip;]\" \/>\n<meta property=\"og:url\" content=\"https:\/\/www.aunica.com\/en\/sony-brasil-lanca-2-episodio-da-web-serie-batendo-osso\/\" \/>\n<meta property=\"og:site_name\" content=\"aunica Interactive Marketing | Since 2004\" \/>\n<meta property=\"og:image\" content=\"https:\/\/www.aunica.com\/wp-content\/uploads\/2023\/09\/Bboy_Pelezinho_Beco_Batman-295x222-1.jpg\" \/>\n<meta name=\"twitter:card\" content=\"summary_large_image\" \/>\n<meta name=\"twitter:label1\" content=\"Est. reading time\" \/>\n\t<meta name=\"twitter:data1\" content=\"3 minutes\" \/>\n<script type=\"application\/ld+json\" class=\"yoast-schema-graph\">{\"@context\":\"https:\/\/schema.org\",\"@graph\":[{\"@type\":\"WebPage\",\"@id\":\"https:\/\/www.aunica.com\/en\/sony-brasil-lanca-2-episodio-da-web-serie-batendo-osso\/\",\"url\":\"https:\/\/www.aunica.com\/en\/sony-brasil-lanca-2-episodio-da-web-serie-batendo-osso\/\",\"name\":\"Sony brasil lanca 2 episodio da web serie batendo osso - aunica Interactive Marketing | Since 2004\",\"isPartOf\":{\"@id\":\"https:\/\/www.aunica.com\/#website\"},\"datePublished\":\"2023-09-09T22:07:21+00:00\",\"dateModified\":\"2023-09-09T22:07:21+00:00\",\"breadcrumb\":{\"@id\":\"https:\/\/www.aunica.com\/en\/sony-brasil-lanca-2-episodio-da-web-serie-batendo-osso\/#breadcrumb\"},\"inLanguage\":\"en-US\",\"potentialAction\":[{\"@type\":\"ReadAction\",\"target\":[\"https:\/\/www.aunica.com\/en\/sony-brasil-lanca-2-episodio-da-web-serie-batendo-osso\/\"]}]},{\"@type\":\"BreadcrumbList\",\"@id\":\"https:\/\/www.aunica.com\/en\/sony-brasil-lanca-2-episodio-da-web-serie-batendo-osso\/#breadcrumb\",\"itemListElement\":[{\"@type\":\"ListItem\",\"position\":1,\"name\":\"Home\",\"item\":\"https:\/\/www.aunica.com\/en\/\"},{\"@type\":\"ListItem\",\"position\":2,\"name\":\"Sony brasil lanca 2 episodio da web serie batendo osso\"}]},{\"@type\":\"WebSite\",\"@id\":\"https:\/\/www.aunica.com\/#website\",\"url\":\"https:\/\/www.aunica.com\/\",\"name\":\"aunica Interactive Marketing | Since 2004\",\"description\":\"Especialistas em Data Driven Marketing\",\"potentialAction\":[{\"@type\":\"SearchAction\",\"target\":{\"@type\":\"EntryPoint\",\"urlTemplate\":\"https:\/\/www.aunica.com\/?s={search_term_string}\"},\"query-input\":\"required name=search_term_string\"}],\"inLanguage\":\"en-US\"}]}<\/script>\n<!-- \/ Yoast SEO plugin. -->","yoast_head_json":{"title":"Sony brasil lanca 2 episodio da web serie batendo osso - aunica Interactive Marketing | Since 2004","robots":{"index":"index","follow":"follow","max-snippet":"max-snippet:-1","max-image-preview":"max-image-preview:large","max-video-preview":"max-video-preview:-1"},"og_locale":"en_US","og_type":"article","og_title":"Sony brasil lanca 2 episodio da web serie batendo osso - aunica Interactive Marketing | Since 2004","og_description":"Sony lan\u00e7a 2\u00ba Epis\u00f3dio da web s\u00e9rie \u201cBatendo Osso\u201d, que apresenta a evolu\u00e7\u00e3o da Cultura Hip Hop no Brasil \u2018Wikinomia\u2019 d\u00e1 o tom em novo cap\u00edtulo de web s\u00e9rie sobre a Cultura Hip Hop O segundo epis\u00f3dio explora conceito de colabora\u00e7\u00e3o e conta a hist\u00f3ria do\u00a0Bboy Pelezinho\u00a0e da\u00a0crew Tsunami All Stars Neste epis\u00f3dio, a web [&hellip;]","og_url":"https:\/\/www.aunica.com\/en\/sony-brasil-lanca-2-episodio-da-web-serie-batendo-osso\/","og_site_name":"aunica Interactive Marketing | Since 2004","og_image":[{"url":"https:\/\/www.aunica.com\/wp-content\/uploads\/2023\/09\/Bboy_Pelezinho_Beco_Batman-295x222-1.jpg"}],"twitter_card":"summary_large_image","twitter_misc":{"Est. reading time":"3 minutes"},"schema":{"@context":"https:\/\/schema.org","@graph":[{"@type":"WebPage","@id":"https:\/\/www.aunica.com\/en\/sony-brasil-lanca-2-episodio-da-web-serie-batendo-osso\/","url":"https:\/\/www.aunica.com\/en\/sony-brasil-lanca-2-episodio-da-web-serie-batendo-osso\/","name":"Sony brasil lanca 2 episodio da web serie batendo osso - aunica Interactive Marketing | Since 2004","isPartOf":{"@id":"https:\/\/www.aunica.com\/#website"},"datePublished":"2023-09-09T22:07:21+00:00","dateModified":"2023-09-09T22:07:21+00:00","breadcrumb":{"@id":"https:\/\/www.aunica.com\/en\/sony-brasil-lanca-2-episodio-da-web-serie-batendo-osso\/#breadcrumb"},"inLanguage":"en-US","potentialAction":[{"@type":"ReadAction","target":["https:\/\/www.aunica.com\/en\/sony-brasil-lanca-2-episodio-da-web-serie-batendo-osso\/"]}]},{"@type":"BreadcrumbList","@id":"https:\/\/www.aunica.com\/en\/sony-brasil-lanca-2-episodio-da-web-serie-batendo-osso\/#breadcrumb","itemListElement":[{"@type":"ListItem","position":1,"name":"Home","item":"https:\/\/www.aunica.com\/en\/"},{"@type":"ListItem","position":2,"name":"Sony brasil lanca 2 episodio da web serie batendo osso"}]},{"@type":"WebSite","@id":"https:\/\/www.aunica.com\/#website","url":"https:\/\/www.aunica.com\/","name":"aunica Interactive Marketing | Since 2004","description":"Especialistas em Data Driven Marketing","potentialAction":[{"@type":"SearchAction","target":{"@type":"EntryPoint","urlTemplate":"https:\/\/www.aunica.com\/?s={search_term_string}"},"query-input":"required name=search_term_string"}],"inLanguage":"en-US"}]}},"_links":{"self":[{"href":"https:\/\/www.aunica.com\/en\/wp-json\/wp\/v2\/pages\/85611"}],"collection":[{"href":"https:\/\/www.aunica.com\/en\/wp-json\/wp\/v2\/pages"}],"about":[{"href":"https:\/\/www.aunica.com\/en\/wp-json\/wp\/v2\/types\/page"}],"author":[{"embeddable":true,"href":"https:\/\/www.aunica.com\/en\/wp-json\/wp\/v2\/users\/5"}],"replies":[{"embeddable":true,"href":"https:\/\/www.aunica.com\/en\/wp-json\/wp\/v2\/comments?post=85611"}],"version-history":[{"count":0,"href":"https:\/\/www.aunica.com\/en\/wp-json\/wp\/v2\/pages\/85611\/revisions"}],"wp:attachment":[{"href":"https:\/\/www.aunica.com\/en\/wp-json\/wp\/v2\/media?parent=85611"}],"curies":[{"name":"wp","href":"https:\/\/api.w.org\/{rel}","templated":true}]}}