{"id":88976,"date":"2023-07-27T13:01:31","date_gmt":"2023-07-27T13:01:31","guid":{"rendered":"https:\/\/www.aunica.com\/?page_id=88976"},"modified":"2024-02-15T22:55:19","modified_gmt":"2024-02-15T22:55:19","slug":"partners","status":"publish","type":"page","link":"https:\/\/www.aunica.com\/en\/partners\/","title":{"rendered":"Partners"},"content":{"rendered":"\t\t<div data-elementor-type=\"wp-page\" data-elementor-id=\"88976\" class=\"elementor elementor-88976 elementor-78076\">\n\t\t\t\t\t\t\t\t\t<section data-parallax-section-settings=\"{&quot;parallax_ratio&quot;:0.5,&quot;parallax&quot;:&quot;parallax&quot;}\" class=\"elementor-section elementor-top-section elementor-element elementor-element-7878e73 elementor-section-content-middle elementor-section-full_width elementor-section-height-default elementor-section-height-default\" data-id=\"7878e73\" data-element_type=\"section\" id=\"about\">\n\t\t\t\t\t\t\t<div class=\"elementor-background-overlay\"><\/div>\n\t\t\t\t\t\t\t<div class=\"elementor-container elementor-column-gap-default\">\n\t\t\t\t\t<div class=\" elementor-column elementor-col-33 elementor-top-column elementor-element elementor-element-7078f87\" data-fullscreen-column-settings=\"{&quot;fullscreen&quot;:&quot;&quot;}\" data-id=\"7078f87\" data-element_type=\"column\">\n\t\t\t<div class=\"elementor-widget-wrap elementor-element-populated\">\n\t\t\t\t\t\t\t\t<div class=\"elementor-element elementor-element-51ad71d elementor-widget elementor-widget-text-editor\" data-id=\"51ad71d\" data-element_type=\"widget\" data-widget_type=\"text-editor.default\">\n\t\t\t\t<div class=\"elementor-widget-container\">\n\t\t\t<style>\/*! elementor - v3.7.8 - 02-10-2022 *\/\n.elementor-widget-text-editor.elementor-drop-cap-view-stacked .elementor-drop-cap{background-color:#818a91;color:#fff}.elementor-widget-text-editor.elementor-drop-cap-view-framed .elementor-drop-cap{color:#818a91;border:3px solid;background-color:transparent}.elementor-widget-text-editor:not(.elementor-drop-cap-view-default) .elementor-drop-cap{margin-top:8px}.elementor-widget-text-editor:not(.elementor-drop-cap-view-default) .elementor-drop-cap-letter{width:1em;height:1em}.elementor-widget-text-editor .elementor-drop-cap{float:left;text-align:center;line-height:1;font-size:50px}.elementor-widget-text-editor .elementor-drop-cap-letter{display:inline-block}<\/style>\t\t\t\t<p>Saiba mais sobre<\/p><p>nossos parceiros<\/p>\t\t\t\t\t\t<\/div>\n\t\t\t\t<\/div>\n\t\t\t\t\t<\/div>\n\t\t<\/div>\n\t\t\t\t<div class=\" elementor-column elementor-col-33 elementor-top-column elementor-element elementor-element-12c8e8a elementor-hidden-tablet elementor-hidden-phone\" data-fullscreen-column-settings=\"{&quot;fullscreen&quot;:&quot;&quot;}\" data-id=\"12c8e8a\" data-element_type=\"column\">\n\t\t\t<div class=\"elementor-widget-wrap\">\n\t\t\t\t\t\t\t\t\t<\/div>\n\t\t<\/div>\n\t\t\t\t<div class=\" elementor-column elementor-col-33 elementor-top-column elementor-element elementor-element-46e78ce\" data-fullscreen-column-settings=\"{&quot;fullscreen&quot;:&quot;&quot;}\" data-id=\"46e78ce\" data-element_type=\"column\">\n\t\t\t<div class=\"elementor-widget-wrap elementor-element-populated\">\n\t\t\t\t\t\t\t\t<div class=\"elementor-element elementor-element-b4041a3 elementor-widget__width-initial elementor-widget-mobile__width-initial elementor-widget elementor-widget-text-editor\" data-id=\"b4041a3\" data-element_type=\"widget\" data-widget_type=\"text-editor.default\">\n\t\t\t\t<div class=\"elementor-widget-container\">\n\t\t\t\t\t\t\t<p class=\"w-90\">Encontre as ferramentas certas para estabelecer uma rela\u00e7\u00e3o transparente e aut\u00eantica com seus clientes.<\/p>\t\t\t\t\t\t<\/div>\n\t\t\t\t<\/div>\n\t\t\t\t\t<\/div>\n\t\t<\/div>\n\t\t\t\t\t\t\t<\/div>\n\t\t<\/section>\n\t\t\t\t<section class=\"elementor-section elementor-top-section elementor-element elementor-element-f693da9 elementor-section-full_width elementor-section-height-default elementor-section-height-default\" data-id=\"f693da9\" data-element_type=\"section\" id=\"pin-menu\">\n\t\t\t\t\t\t<div class=\"elementor-container elementor-column-gap-default\">\n\t\t\t\t\t<div class=\" elementor-column elementor-col-33 elementor-top-column elementor-element elementor-element-e1d27ab\" data-fullscreen-column-settings=\"{&quot;fullscreen&quot;:&quot;&quot;}\" data-id=\"e1d27ab\" data-element_type=\"column\">\n\t\t\t<div class=\"elementor-widget-wrap elementor-element-populated\">\n\t\t\t\t\t\t\t\t<div class=\"elementor-element elementor-element-779edcf slider-left-arrow elementor-widget elementor-widget-image\" data-id=\"779edcf\" data-element_type=\"widget\" data-widget_type=\"image.default\">\n\t\t\t\t<div class=\"elementor-widget-container\">\n\t\t\t<style>\/*! elementor - v3.7.8 - 02-10-2022 *\/\n.elementor-widget-image{text-align:center}.elementor-widget-image a{display:inline-block}.elementor-widget-image a img[src$=\".svg\"]{width:48px}.elementor-widget-image img{vertical-align:middle;display:inline-block}<\/style>\t\t\t\t\t\t\t\t\t\t\t\t<img width=\"38\" height=\"8\" src=\"https:\/\/www.aunica.com\/wp-content\/uploads\/2023\/08\/Vector-1.svg\" class=\"attachment-full size-full\" alt=\"\" loading=\"lazy\" \/>\t\t\t\t\t\t\t\t\t\t\t\t\t\t\t<\/div>\n\t\t\t\t<\/div>\n\t\t\t\t\t<\/div>\n\t\t<\/div>\n\t\t\t\t<div class=\" elementor-column elementor-col-33 elementor-top-column elementor-element elementor-element-22a9ba9\" data-fullscreen-column-settings=\"{&quot;fullscreen&quot;:&quot;&quot;}\" data-id=\"22a9ba9\" data-element_type=\"column\">\n\t\t\t<div class=\"elementor-widget-wrap elementor-element-populated\">\n\t\t\t\t\t\t\t\t<div class=\"elementor-element elementor-element-235fdde elementor-widget elementor-widget-html\" data-id=\"235fdde\" data-element_type=\"widget\" data-widget_type=\"html.default\">\n\t\t\t\t<div class=\"elementor-widget-container\">\n\t\t\t<div class=\"swiper-container\">\n\t<div class=\"swiper-wrapper\">\n\t\t<div class=\"swiper-slide\">\n\t\t\t<a href=\"https:\/\/www.aunica.com\/parceiros\/tealium\/\">\n\t\t\t\t<img\n\t\t\t\t\tsrc=\"https:\/\/www.aunica.com\/wp-content\/uploads\/2023\/01\/Frame-2.png\"\n\t\t\t\t\tloading=\"lazy\"\n\t\t\t\t\/>\n\t\t\t<\/a>\n\t\t<\/div>\n\n\t\t<div class=\"swiper-slide\">\n\t\t\t<a href=\"https:\/\/www.aunica.com\/parceiros\/adobe-cloud\/\">\n\t\t\t\t<img\n\t\t\t\t\tsrc=\"https:\/\/www.aunica.com\/wp-content\/uploads\/2023\/01\/Frame-4.svg\"\n\t\t\t\t\tloading=\"lazy\"\n\t\t\t\t\twidth=\"50\"\n\t\t\t\t\/>\n\t\t\t<\/a>\n\t\t<\/div>\n\n\t\t<div class=\"swiper-slide\">\n\t\t\t<a href=\"https:\/\/www.aunica.com\/parceiros\/domo\/\">\n\t\t\t\t<img\n\t\t\t\t\tsrc=\"https:\/\/www.aunica.com\/wp-content\/uploads\/2023\/01\/Frame-1-1.svg\"\n\t\t\t\t\tloading=\"lazy\"\n\t\t\t\t\twidth=\"50\"\n\t\t\t\t\/>\n\t\t\t<\/a>\n\t\t<\/div>\n\n\t\t<div class=\"swiper-slide\">\n\t\t\t<a href=\"https:\/\/www.aunica.com\/parceiros\/google-marketing-plataform\/\">\n\t\t\t\t<img\n\t\t\t\t\tsrc=\"https:\/\/www.aunica.com\/wp-content\/uploads\/2023\/08\/katman_1.png\"\n\t\t\t\t\tloading=\"lazy\"\n\t\t\t\t\/>\n\t\t\t<\/a>\n\t\t<\/div>\n\n\t\t<div class=\"swiper-slide\">\n\t\t\t<a href=\"#\">\n\t\t\t\t<img\n\t\t\t\t\tsrc=\"https:\/\/www.aunica.com\/wp-content\/uploads\/2023\/08\/amplitude-1.png\"\n\t\t\t\t\tloading=\"lazy\"\n\t\t\t\t\/>\n\t\t\t<\/a>\n\t\t<\/div>\n\n\t\t<div class=\"swiper-slide\">\n\t\t\t<a href=\"https:\/\/www.aunica.com\/parceiros\/insider\/\">\n\t\t\t\t<img\n\t\t\t\t\tsrc=\"https:\/\/www.aunica.com\/wp-content\/uploads\/2023\/07\/insider-2.png\"\n\t\t\t\t\tloading=\"lazy\"\n\t\t\t\t\/>\n\t\t\t<\/a>\n\t\t<\/div>\n\n\t\t<div class=\"swiper-slide\">\n\t\t\t<a href=\"https:\/\/www.aunica.com\/parceiros\/resulticks\/\">\n\t\t\t\t<img\n\t\t\t\t\tsrc=\"https:\/\/www.aunica.com\/wp-content\/uploads\/2023\/08\/Layer_1.png\"\n\t\t\t\t\tloading=\"lazy\"\n\t\t\t\t\/>\n\t\t\t<\/a>\n\t\t<\/div>\n\n\t\t<div class=\"swiper-slide\">\n\t\t\t<a href=\"https:\/\/www.aunica.com\/parceiros\/adform\/\">\n\t\t\t\t<img\n\t\t\t\t\tsrc=\"https:\/\/www.aunica.com\/wp-content\/uploads\/2023\/07\/Group-264.png\"\n\t\t\t\t\tloading=\"lazy\"\n\t\t\t\t\/>\n\t\t\t<\/a>\n\t\t<\/div>\n\n\t\t<div class=\"swiper-slide\">\n\t\t\t<a href=\"https:\/\/www.aunica.com\/parceiros\/amazon\/\">\n\t\t\t\t<img\n\t\t\t\t\tsrc=\"https:\/\/www.aunica.com\/wp-content\/uploads\/2023\/01\/Frame-2-1.svg\"\n\t\t\t\t\tloading=\"lazy\"\n\t\t\t\t\twidth=\"50\"\n\t\t\t\t\/>\n\t\t\t<\/a>\n\t\t<\/div>\n\t<\/div>\n<\/div>\n\n<style>\n\t.swiper-slide {\n\t\tdisplay: flex;\n\t\tjustify-content: center;\n\t\talign-self: center;\n\t}\n\t\n\t.swiper-slide img {\n\t\tmax-height: 60px;\n\t}\n\t\n\t.swiper-button-disabled {\n\t    opacity: 0.5;\n\t}\n\t\n\t.swiper-button-disabled:hover {\n\t    cursor: auto;\n\t}\n<\/style>\n\n<script>\n\tdocument.addEventListener('DOMContentLoaded', function (event) {\n\t\tlet swiper = new Swiper('.swiper-container', {\n\t\t\tslidesPerView: 2,\n\t\t\tspaceBetween: 15,\n            \/\/ loop: true,\n\t\t\tnavigation: {\n\t\t\t\tprevEl: '.slider-left-arrow',\n\t\t\t\tnextEl: '.slider-right-arrow',\n\t\t\t},\n\t\t\tbreakpoints: {\n\t\t\t\t768: {\n\t\t\t\t\tslidesPerView: 8,\n\t\t\t\t},\n\t\t\t},\n\t\t});\n\t});\n<\/script>\n\t\t<\/div>\n\t\t\t\t<\/div>\n\t\t\t\t\t<\/div>\n\t\t<\/div>\n\t\t\t\t<div class=\" elementor-column elementor-col-33 elementor-top-column elementor-element elementor-element-afa977c\" data-fullscreen-column-settings=\"{&quot;fullscreen&quot;:&quot;&quot;}\" data-id=\"afa977c\" data-element_type=\"column\">\n\t\t\t<div class=\"elementor-widget-wrap elementor-element-populated\">\n\t\t\t\t\t\t\t\t<div class=\"elementor-element elementor-element-3fb0d6a slider-right-arrow elementor-widget elementor-widget-image\" data-id=\"3fb0d6a\" data-element_type=\"widget\" data-widget_type=\"image.default\">\n\t\t\t\t<div class=\"elementor-widget-container\">\n\t\t\t\t\t\t\t\t\t\t\t\t\t\t\t<img width=\"39\" height=\"8\" src=\"https:\/\/www.aunica.com\/wp-content\/uploads\/2023\/08\/Arrow-9-2.svg\" class=\"attachment-full size-full\" alt=\"\" loading=\"lazy\" \/>\t\t\t\t\t\t\t\t\t\t\t\t\t\t\t<\/div>\n\t\t\t\t<\/div>\n\t\t\t\t\t<\/div>\n\t\t<\/div>\n\t\t\t\t\t\t\t<\/div>\n\t\t<\/section>\n\t\t\t\t<section class=\"elementor-section elementor-top-section elementor-element elementor-element-71b2d3a elementor-section-full_width elementor-section-height-default elementor-section-height-default\" data-id=\"71b2d3a\" data-element_type=\"section\">\n\t\t\t\t\t\t<div class=\"elementor-container elementor-column-gap-no\">\n\t\t\t\t\t<div class=\" elementor-column elementor-col-100 elementor-top-column elementor-element elementor-element-4960996\" data-fullscreen-column-settings=\"{&quot;fullscreen&quot;:&quot;&quot;}\" data-id=\"4960996\" data-element_type=\"column\">\n\t\t\t<div class=\"elementor-widget-wrap elementor-element-populated\">\n\t\t\t\t\t\t\t\t<div class=\"elementor-element elementor-element-7ab3188 elementor-widget elementor-widget-template\" data-id=\"7ab3188\" data-element_type=\"widget\" data-widget_type=\"template.default\">\n\t\t\t\t<div class=\"elementor-widget-container\">\n\t\t\t\t\t<div class=\"elementor-template\">\n\t\t\t\t\t<div data-elementor-type=\"section\" data-elementor-id=\"89247\" class=\"elementor elementor-89247 elementor-81217\">\n\t\t\t\t\t\t\t\t<section class=\"elementor-section elementor-top-section elementor-element elementor-element-3db2be65 elementor-section-full_width elementor-section-height-default elementor-section-height-default elementor-invisible\" data-id=\"3db2be65\" data-element_type=\"section\" data-settings=\"{&quot;animation&quot;:&quot;fadeIn&quot;}\">\n\t\t\t\t\t\t<div class=\"elementor-container elementor-column-gap-default\">\n\t\t\t\t\t<div class=\" elementor-column elementor-col-50 elementor-top-column elementor-element elementor-element-7bd756e8 form-column\" data-fullscreen-column-settings=\"{&quot;fullscreen&quot;:&quot;&quot;}\" data-id=\"7bd756e8\" data-element_type=\"column\" data-settings=\"{&quot;background_background&quot;:&quot;classic&quot;}\">\n\t\t\t<div class=\"elementor-widget-wrap elementor-element-populated\">\n\t\t\t\t\t\t\t\t<div class=\"elementor-element elementor-element-5ee4482b elementor-widget__width-initial elementor-widget elementor-widget-litho-heading\" data-id=\"5ee4482b\" data-element_type=\"widget\" data-widget_type=\"litho-heading.default\">\n\t\t\t\t<div class=\"elementor-widget-container\">\n\t\t\t<h5 class=\"litho-heading elementor-size-default\"><span class=\"litho-primary-title\">Need help finding the right solution for your business?<\/span><span class=\"litho-secondary-title\">Fill out the form below and get in touch with our data marketing experts.<\/span><\/h5>\t\t<\/div>\n\t\t\t\t<\/div>\n\t\t\t\t<div class=\"elementor-element elementor-element-753d3aa2 elementor-widget__width-initial elementor-widget elementor-widget-litho-contact-form\" data-id=\"753d3aa2\" data-element_type=\"widget\" data-widget_type=\"litho-contact-form.default\">\n\t\t\t\t<div class=\"elementor-widget-container\">\n\t\t\t\t\t\t\t<div class=\"contact-form-wrapper\">\n\t\t\t\t\t<div role=\"form\" class=\"wpcf7\" id=\"wpcf7-f77371-o1\" lang=\"en-US\" dir=\"ltr\">\n<div class=\"screen-reader-response\"><p role=\"status\" aria-live=\"polite\" aria-atomic=\"true\"><\/p> <ul><\/ul><\/div>\n<form action=\"\/en\/wp-json\/wp\/v2\/pages\/88976#wpcf7-f77371-o1\" method=\"post\" class=\"wpcf7-form init\" novalidate=\"novalidate\" data-status=\"init\">\n<div style=\"display: none;\">\n<input type=\"hidden\" name=\"_wpcf7\" value=\"77371\" \/>\n<input type=\"hidden\" name=\"_wpcf7_version\" value=\"5.6.4\" \/>\n<input type=\"hidden\" name=\"_wpcf7_locale\" value=\"en_US\" \/>\n<input type=\"hidden\" name=\"_wpcf7_unit_tag\" value=\"wpcf7-f77371-o1\" \/>\n<input type=\"hidden\" name=\"_wpcf7_container_post\" value=\"0\" \/>\n<input type=\"hidden\" name=\"_wpcf7_posted_data_hash\" value=\"\" \/>\n<input type=\"hidden\" name=\"_wpcf7_recaptcha_response\" value=\"\" \/>\n<\/div>\n<p><label for=\"fullName\">Nome*<\/label><br \/>\n<span class=\"wpcf7-form-control-wrap\" data-name=\"fullName\"><input type=\"text\" name=\"fullName\" value=\"\" size=\"40\" class=\"wpcf7-form-control wpcf7-text wpcf7-validates-as-required\" aria-required=\"true\" aria-invalid=\"false\" \/><\/span><\/p>\n<p><label for=\"phone\">Telefone*<\/label><br \/>\n<span class=\"wpcf7-form-control-wrap\" data-name=\"phone\"><input type=\"text\" name=\"phone\" value=\"\" size=\"40\" class=\"wpcf7-form-control wpcf7-text wpcf7-validates-as-required\" aria-required=\"true\" aria-invalid=\"false\" \/><\/span><\/p>\n<p><label for=\"company\">Empresa*<\/label><br \/>\n<span class=\"wpcf7-form-control-wrap\" data-name=\"company\"><input type=\"text\" name=\"company\" value=\"\" size=\"40\" class=\"wpcf7-form-control wpcf7-text wpcf7-validates-as-required\" aria-required=\"true\" aria-invalid=\"false\" \/><\/span><\/p>\n<p><label for=\"role\">Cargo<\/label><br \/>\n<span class=\"wpcf7-form-control-wrap\" data-name=\"role\"><input type=\"text\" name=\"role\" value=\"\" size=\"40\" class=\"wpcf7-form-control wpcf7-text\" aria-invalid=\"false\" \/><\/span><\/p>\n<p><label for=\"email\">Email*<\/label><br \/>\n<span class=\"wpcf7-form-control-wrap\" data-name=\"email\"><input type=\"email\" name=\"email\" value=\"\" size=\"40\" class=\"wpcf7-form-control wpcf7-text wpcf7-email wpcf7-validates-as-required wpcf7-validates-as-email\" aria-required=\"true\" aria-invalid=\"false\" \/><\/span><\/p>\n<p><input type=\"submit\" value=\"Enviar\" class=\"wpcf7-form-control has-spinner wpcf7-submit elementor-button\" \/><\/p>\n<div class=\"wpcf7-response-output\" aria-hidden=\"true\"><\/div><\/form><\/div>\t\t\t\t<\/div>\n\t\t\t\t\t<\/div>\n\t\t\t\t<\/div>\n\t\t\t\t\t<\/div>\n\t\t<\/div>\n\t\t\t\t<div class=\" elementor-column elementor-col-50 elementor-top-column elementor-element elementor-element-1706cfee\" data-fullscreen-column-settings=\"{&quot;fullscreen&quot;:&quot;&quot;}\" data-id=\"1706cfee\" data-element_type=\"column\" data-settings=\"{&quot;background_background&quot;:&quot;classic&quot;}\">\n\t\t\t<div class=\"elementor-widget-wrap elementor-element-populated\">\n\t\t\t\t\t\t\t\t<div class=\"elementor-element elementor-element-c6768b3 elementor-widget elementor-widget-html\" data-id=\"c6768b3\" data-element_type=\"widget\" data-widget_type=\"html.default\">\n\t\t\t\t<div class=\"elementor-widget-container\">\n\t\t\t<script>\n\tdocument.querySelector('.wpcf7-form.init').id = 'fale-conosco-geral-form';\n<\/script>\n\n<script>\n\tdocument.addEventListener('DOMContentLoaded', function () {\n\t\tvar formContainer = document.querySelector('.form-column');\n\t\tvar formContainerHeight = formContainer.offsetHeight;\n\t\tformContainer.style.height = formContainerHeight + 'px';\n\t});\n\n\tdocument.addEventListener(\n\t\t'wpcf7mailsent',\n\t\tfunction (event) {\n\t\t\tvar formContainer = document.querySelector(\n\t\t\t\t'.form-column .elementor-widget-wrap'\n\t\t\t);\n\t\t\tvar formContainerHeight = formContainer.offsetHeight;\n\t\t\tformContainer.style.height = formContainerHeight + 'px';\n\t\t\tformContainer.style.display = 'flex';\n\t\t\tformContainer.style.alignItems = 'center';\n\t\t\tformContainer.style.justifyContent = 'center';\n\t\t\tformContainer.style.flexDirection = 'column';\n\n\t\t\tformContainer.innerHTML = `\n                <div class=\"form-success\" role=\"alert\" aria-hidden=\"true\">\n                    <h2>Obrigado por entrar em contato!<\/h2>\n                    <div class=\"gradient-border\"\/>\n                <\/div>\n            `;\n\t\t},\n\t\tfalse\n\t);\n<\/script>\n\n<style>\n\t.form-success h2 {\n\t\tcolor: #fff;\n\t\tfont-family: Poppins;\n\t\tfont-size: 50px;\n\t\tfont-weight: 700;\n\t\tline-height: 50px;\n\t}\n\n\t.form-success .gradient-border {\n\t\tmargin-top: 20px;\n\t\twidth: 30%;\n\t\theight: 8px;\n\t\tbackground: linear-gradient(90deg, #792266 56.08%, #0ff 100%);\n\t}\n\t\n\t@media (max-width: 767px) {\n\t\t.form-success h2 {\n\t\t\tfont-size: 30px;\n\t\t\tline-height: 30px;\n\t\t}\n\t}\n<\/style>\n\t\t<\/div>\n\t\t\t\t<\/div>\n\t\t\t\t\t<\/div>\n\t\t<\/div>\n\t\t\t\t\t\t\t<\/div>\n\t\t<\/section>\n\t\t\t\t\t\t<\/div>\n\t\t\t\t<\/div>\n\t\t\t\t<\/div>\n\t\t\t\t<\/div>\n\t\t\t\t\t<\/div>\n\t\t<\/div>\n\t\t\t\t\t\t\t<\/div>\n\t\t<\/section>\n\t\t\t\t\t\t\t<\/div>\n\t\t","protected":false},"excerpt":{"rendered":"","protected":false},"author":1,"featured_media":0,"parent":0,"menu_order":171,"comment_status":"closed","ping_status":"closed","template":"","meta":{"content-type":""},"acf":[],"yoast_head":"<!-- This site is optimized with the Yoast SEO plugin v19.8 - https:\/\/yoast.com\/wordpress\/plugins\/seo\/ -->\n<title>Partners - aunica Interactive Marketing | Since 2004<\/title>\n<meta name=\"robots\" content=\"index, follow, max-snippet:-1, max-image-preview:large, max-video-preview:-1\" \/>\n<meta property=\"og:locale\" content=\"en_US\" \/>\n<meta property=\"og:type\" content=\"article\" \/>\n<meta property=\"og:title\" content=\"Partners - aunica Interactive Marketing | Since 2004\" \/>\n<meta property=\"og:url\" content=\"https:\/\/www.aunica.com\/en\/partners\/\" \/>\n<meta property=\"og:site_name\" content=\"aunica Interactive Marketing | Since 2004\" \/>\n<meta property=\"article:modified_time\" content=\"2024-02-15T22:55:19+00:00\" \/>\n<meta name=\"twitter:card\" content=\"summary_large_image\" \/>\n<script type=\"application\/ld+json\" class=\"yoast-schema-graph\">{\"@context\":\"https:\/\/schema.org\",\"@graph\":[{\"@type\":\"WebPage\",\"@id\":\"https:\/\/www.aunica.com\/en\/partners\/\",\"url\":\"https:\/\/www.aunica.com\/en\/partners\/\",\"name\":\"Partners - aunica Interactive Marketing | Since 2004\",\"isPartOf\":{\"@id\":\"https:\/\/www.aunica.com\/#website\"},\"datePublished\":\"2023-07-27T13:01:31+00:00\",\"dateModified\":\"2024-02-15T22:55:19+00:00\",\"breadcrumb\":{\"@id\":\"https:\/\/www.aunica.com\/en\/partners\/#breadcrumb\"},\"inLanguage\":\"en-US\",\"potentialAction\":[{\"@type\":\"ReadAction\",\"target\":[\"https:\/\/www.aunica.com\/en\/partners\/\"]}]},{\"@type\":\"BreadcrumbList\",\"@id\":\"https:\/\/www.aunica.com\/en\/partners\/#breadcrumb\",\"itemListElement\":[{\"@type\":\"ListItem\",\"position\":1,\"name\":\"Home\",\"item\":\"https:\/\/www.aunica.com\/en\/\"},{\"@type\":\"ListItem\",\"position\":2,\"name\":\"Partners\"}]},{\"@type\":\"WebSite\",\"@id\":\"https:\/\/www.aunica.com\/#website\",\"url\":\"https:\/\/www.aunica.com\/\",\"name\":\"aunica Interactive Marketing | Since 2004\",\"description\":\"Especialistas em Data Driven Marketing\",\"potentialAction\":[{\"@type\":\"SearchAction\",\"target\":{\"@type\":\"EntryPoint\",\"urlTemplate\":\"https:\/\/www.aunica.com\/?s={search_term_string}\"},\"query-input\":\"required name=search_term_string\"}],\"inLanguage\":\"en-US\"}]}<\/script>\n<!-- \/ Yoast SEO plugin. -->","yoast_head_json":{"title":"Partners - aunica Interactive Marketing | Since 2004","robots":{"index":"index","follow":"follow","max-snippet":"max-snippet:-1","max-image-preview":"max-image-preview:large","max-video-preview":"max-video-preview:-1"},"og_locale":"en_US","og_type":"article","og_title":"Partners - aunica Interactive Marketing | Since 2004","og_url":"https:\/\/www.aunica.com\/en\/partners\/","og_site_name":"aunica Interactive Marketing | Since 2004","article_modified_time":"2024-02-15T22:55:19+00:00","twitter_card":"summary_large_image","schema":{"@context":"https:\/\/schema.org","@graph":[{"@type":"WebPage","@id":"https:\/\/www.aunica.com\/en\/partners\/","url":"https:\/\/www.aunica.com\/en\/partners\/","name":"Partners - aunica Interactive Marketing | Since 2004","isPartOf":{"@id":"https:\/\/www.aunica.com\/#website"},"datePublished":"2023-07-27T13:01:31+00:00","dateModified":"2024-02-15T22:55:19+00:00","breadcrumb":{"@id":"https:\/\/www.aunica.com\/en\/partners\/#breadcrumb"},"inLanguage":"en-US","potentialAction":[{"@type":"ReadAction","target":["https:\/\/www.aunica.com\/en\/partners\/"]}]},{"@type":"BreadcrumbList","@id":"https:\/\/www.aunica.com\/en\/partners\/#breadcrumb","itemListElement":[{"@type":"ListItem","position":1,"name":"Home","item":"https:\/\/www.aunica.com\/en\/"},{"@type":"ListItem","position":2,"name":"Partners"}]},{"@type":"WebSite","@id":"https:\/\/www.aunica.com\/#website","url":"https:\/\/www.aunica.com\/","name":"aunica Interactive Marketing | Since 2004","description":"Especialistas em Data Driven Marketing","potentialAction":[{"@type":"SearchAction","target":{"@type":"EntryPoint","urlTemplate":"https:\/\/www.aunica.com\/?s={search_term_string}"},"query-input":"required name=search_term_string"}],"inLanguage":"en-US"}]}},"_links":{"self":[{"href":"https:\/\/www.aunica.com\/en\/wp-json\/wp\/v2\/pages\/88976"}],"collection":[{"href":"https:\/\/www.aunica.com\/en\/wp-json\/wp\/v2\/pages"}],"about":[{"href":"https:\/\/www.aunica.com\/en\/wp-json\/wp\/v2\/types\/page"}],"author":[{"embeddable":true,"href":"https:\/\/www.aunica.com\/en\/wp-json\/wp\/v2\/users\/1"}],"replies":[{"embeddable":true,"href":"https:\/\/www.aunica.com\/en\/wp-json\/wp\/v2\/comments?post=88976"}],"version-history":[{"count":1,"href":"https:\/\/www.aunica.com\/en\/wp-json\/wp\/v2\/pages\/88976\/revisions"}],"predecessor-version":[{"id":88977,"href":"https:\/\/www.aunica.com\/en\/wp-json\/wp\/v2\/pages\/88976\/revisions\/88977"}],"wp:attachment":[{"href":"https:\/\/www.aunica.com\/en\/wp-json\/wp\/v2\/media?parent=88976"}],"curies":[{"name":"wp","href":"https:\/\/api.w.org\/{rel}","templated":true}]}}