{"id":89015,"date":"2020-02-06T10:46:20","date_gmt":"2020-02-06T10:46:20","guid":{"rendered":"https:\/\/www.aunica.com\/insights\/"},"modified":"2024-04-02T20:07:04","modified_gmt":"2024-04-02T20:07:04","slug":"insights","status":"publish","type":"page","link":"https:\/\/www.aunica.com\/en\/insights\/","title":{"rendered":"Insights"},"content":{"rendered":"<p>Check it out and get inspired.<\/p>\n<p>The main news and trends in digital marketing,  data driven marketing and customer experience.<\/p>\n<ul data-uniqueid=\"litho-blog-1\" data-blog-settings=\"{&quot;pagination_type&quot;:&quot;load-more-pagination&quot;}\">\n<li><\/li>\n<li data-animation=\"fadeIn \" data-animation-delay=\"100\"><a href=\"https:\/\/www.aunica.com\/2023\/11\/13\/resulticks-parceria-oficial-aunica\/\"><\/a>\t\t\t\t\t\t\t\t\t\t\t\t\t\t<a href=\"https:\/\/www.aunica.com\/2023\/11\/13\/resulticks-parceria-oficial-aunica\/\">Resulticks chega ao Brasil em parceria oficial com a consultoria de martech aunica<\/a><br \/>\nA Resulticks d\u00e1 as boas-vindas \u00e0 aunica&#8230;<br \/>\nBy&nbsp;<a href=\"https:\/\/www.aunica.com\/author\/aunica\/\">Marketing Aunica<\/a><\/li>\n<li data-animation=\"fadeIn \" data-animation-delay=\"200\"><a href=\"https:\/\/www.aunica.com\/2023\/10\/18\/cdp-tealium-experiencia-incrivel-em-compliance-com-o-hipaa\/\"><\/a>\t\t\t\t\t\t\t\t\t\t\t\t\t\t<a href=\"https:\/\/www.aunica.com\/2023\/10\/18\/cdp-tealium-experiencia-incrivel-em-compliance-com-o-hipaa\/\">CDP Tealium: experi\u00eancia incr\u00edvel em compliance com o HIPAA<\/a><br \/>\nAtuar em conformidade com a Lei de&#8230;<br \/>\nBy&nbsp;<a href=\"https:\/\/www.aunica.com\/author\/aunica\/\">Marketing Aunica<\/a><\/li>\n<li data-animation=\"fadeIn \" data-animation-delay=\"100\"><a href=\"https:\/\/www.aunica.com\/2023\/04\/18\/domopalloza-2023-impacto-atraves-de-dados\/\"><\/a>\t\t\t\t\t\t\t\t\t\t\t\t\t\t<a href=\"https:\/\/www.aunica.com\/2023\/04\/18\/domopalloza-2023-impacto-atraves-de-dados\/\">Domopallooza 2023: inspira\u00e7\u00f5es e insights para multiplicar o impacto dos neg\u00f3cios atrav\u00e9s de dados<\/a><br \/>\nUma estrat\u00e9gia que \u00e9 tend\u00eancia mundial devido&#8230;<br \/>\nBy&nbsp;<a href=\"https:\/\/www.aunica.com\/author\/aunica\/\">Marketing Aunica<\/a><\/li>\n<li data-animation=\"fadeIn \" data-animation-delay=\"200\"><a href=\"https:\/\/www.aunica.com\/2023\/03\/29\/customer-data-platform-whatsapp\/\"><\/a>\t\t\t\t\t\t\t\t\t\t\t\t\t\t<a href=\"https:\/\/www.aunica.com\/2023\/03\/29\/customer-data-platform-whatsapp\/\">Como uma Customer Data Platform pode incrementar o atendimento no WhatsApp<\/a><br \/>\nOs aplicativos de mensagens s\u00e3o o m\u00e9todo&#8230;<br \/>\nBy&nbsp;<a href=\"https:\/\/www.aunica.com\/author\/aunica\/\">Marketing Aunica<\/a><\/li>\n<li data-animation=\"fadeIn \" data-animation-delay=\"100\"><a href=\"https:\/\/www.aunica.com\/2023\/02\/14\/domopalooza-2023-inovacoes-historias-de-sucesso\/\"><\/a>\t\t\t\t\t\t\t\t\t\t\t\t\t\t<a href=\"https:\/\/www.aunica.com\/2023\/02\/14\/domopalooza-2023-inovacoes-historias-de-sucesso\/\">Domopalooza 2023: inova\u00e7\u00f5es e hist\u00f3rias de sucesso<\/a><br \/>\nParceira da aunica na Am\u00e9rica Latina desde&#8230;<br \/>\nBy&nbsp;<a href=\"https:\/\/www.aunica.com\/author\/aunica\/\">Marketing Aunica<\/a><\/li>\n<li data-animation=\"fadeIn \" data-animation-delay=\"200\"><a href=\"https:\/\/www.aunica.com\/2023\/02\/13\/adobe-summit-2023-inscricao-gratuita-edicao-online\/\"><\/a>\t\t\t\t\t\t\t\t\t\t\t\t\t\t<a href=\"https:\/\/www.aunica.com\/2023\/02\/13\/adobe-summit-2023-inscricao-gratuita-edicao-online\/\">Adobe Summit 2023: inscri\u00e7\u00e3o gratuita para edi\u00e7\u00e3o online<\/a><br \/>\nParceira oficial da aunica Interactive Marketing desde&#8230;<br \/>\nBy&nbsp;<a href=\"https:\/\/www.aunica.com\/author\/aunica\/\">Marketing Aunica<\/a><\/li>\n<\/ul>\n<p><a href=\"https:\/\/www.aunica.com\/wp-json\/wpml\/tm\/v1\/ate\/jobs\/receive\/238\/page\/2\/\">Next<\/a><br \/>\n<button>See more<\/button><\/p>\n","protected":false},"excerpt":{"rendered":"<p>Check it out and get inspired. The main news and trends in digital marketing, data driven marketing and customer experience. Resulticks chega ao Brasil em parceria oficial com a consultoria de martech aunica A Resulticks d\u00e1 as boas-vindas \u00e0 aunica&#8230; By&nbsp;Marketing Aunica CDP Tealium: experi\u00eancia incr\u00edvel em compliance com o HIPAA Atuar em conformidade com [&hellip;]<\/p>\n","protected":false},"author":5,"featured_media":0,"parent":0,"menu_order":23,"comment_status":"closed","ping_status":"closed","template":"","meta":{"content-type":""},"acf":[],"yoast_head":"<!-- This site is optimized with the Yoast SEO plugin v19.8 - https:\/\/yoast.com\/wordpress\/plugins\/seo\/ -->\n<title>Insights - aunica Interactive Marketing | Since 2004<\/title>\n<meta name=\"robots\" content=\"index, follow, max-snippet:-1, max-image-preview:large, max-video-preview:-1\" \/>\n<meta property=\"og:locale\" content=\"en_US\" \/>\n<meta property=\"og:type\" content=\"article\" \/>\n<meta property=\"og:title\" content=\"Insights - aunica Interactive Marketing | Since 2004\" \/>\n<meta property=\"og:description\" content=\"Check it out and get inspired. The main news and trends in digital marketing, data driven marketing and customer experience. Resulticks chega ao Brasil em parceria oficial com a consultoria de martech aunica A Resulticks d\u00e1 as boas-vindas \u00e0 aunica&#8230; By&nbsp;Marketing Aunica CDP Tealium: experi\u00eancia incr\u00edvel em compliance com o HIPAA Atuar em conformidade com [&hellip;]\" \/>\n<meta property=\"og:url\" content=\"https:\/\/www.aunica.com\/en\/insights\/\" \/>\n<meta property=\"og:site_name\" content=\"aunica Interactive Marketing | Since 2004\" \/>\n<meta property=\"article:modified_time\" content=\"2024-04-02T20:07:04+00:00\" \/>\n<meta name=\"twitter:card\" content=\"summary_large_image\" \/>\n<meta name=\"twitter:label1\" content=\"Est. reading time\" \/>\n\t<meta name=\"twitter:data1\" content=\"1 minute\" \/>\n<script type=\"application\/ld+json\" class=\"yoast-schema-graph\">{\"@context\":\"https:\/\/schema.org\",\"@graph\":[{\"@type\":\"WebPage\",\"@id\":\"https:\/\/www.aunica.com\/en\/insights\/\",\"url\":\"https:\/\/www.aunica.com\/en\/insights\/\",\"name\":\"Insights - aunica Interactive Marketing | Since 2004\",\"isPartOf\":{\"@id\":\"https:\/\/www.aunica.com\/#website\"},\"datePublished\":\"2020-02-06T10:46:20+00:00\",\"dateModified\":\"2024-04-02T20:07:04+00:00\",\"breadcrumb\":{\"@id\":\"https:\/\/www.aunica.com\/en\/insights\/#breadcrumb\"},\"inLanguage\":\"en-US\",\"potentialAction\":[{\"@type\":\"ReadAction\",\"target\":[\"https:\/\/www.aunica.com\/en\/insights\/\"]}]},{\"@type\":\"BreadcrumbList\",\"@id\":\"https:\/\/www.aunica.com\/en\/insights\/#breadcrumb\",\"itemListElement\":[{\"@type\":\"ListItem\",\"position\":1,\"name\":\"Home\",\"item\":\"https:\/\/www.aunica.com\/en\/\"},{\"@type\":\"ListItem\",\"position\":2,\"name\":\"Insights\"}]},{\"@type\":\"WebSite\",\"@id\":\"https:\/\/www.aunica.com\/#website\",\"url\":\"https:\/\/www.aunica.com\/\",\"name\":\"aunica Interactive Marketing | Since 2004\",\"description\":\"Especialistas em Data Driven Marketing\",\"potentialAction\":[{\"@type\":\"SearchAction\",\"target\":{\"@type\":\"EntryPoint\",\"urlTemplate\":\"https:\/\/www.aunica.com\/?s={search_term_string}\"},\"query-input\":\"required name=search_term_string\"}],\"inLanguage\":\"en-US\"}]}<\/script>\n<!-- \/ Yoast SEO plugin. -->","yoast_head_json":{"title":"Insights - aunica Interactive Marketing | Since 2004","robots":{"index":"index","follow":"follow","max-snippet":"max-snippet:-1","max-image-preview":"max-image-preview:large","max-video-preview":"max-video-preview:-1"},"og_locale":"en_US","og_type":"article","og_title":"Insights - aunica Interactive Marketing | Since 2004","og_description":"Check it out and get inspired. The main news and trends in digital marketing, data driven marketing and customer experience. Resulticks chega ao Brasil em parceria oficial com a consultoria de martech aunica A Resulticks d\u00e1 as boas-vindas \u00e0 aunica&#8230; By&nbsp;Marketing Aunica CDP Tealium: experi\u00eancia incr\u00edvel em compliance com o HIPAA Atuar em conformidade com [&hellip;]","og_url":"https:\/\/www.aunica.com\/en\/insights\/","og_site_name":"aunica Interactive Marketing | Since 2004","article_modified_time":"2024-04-02T20:07:04+00:00","twitter_card":"summary_large_image","twitter_misc":{"Est. reading time":"1 minute"},"schema":{"@context":"https:\/\/schema.org","@graph":[{"@type":"WebPage","@id":"https:\/\/www.aunica.com\/en\/insights\/","url":"https:\/\/www.aunica.com\/en\/insights\/","name":"Insights - aunica Interactive Marketing | Since 2004","isPartOf":{"@id":"https:\/\/www.aunica.com\/#website"},"datePublished":"2020-02-06T10:46:20+00:00","dateModified":"2024-04-02T20:07:04+00:00","breadcrumb":{"@id":"https:\/\/www.aunica.com\/en\/insights\/#breadcrumb"},"inLanguage":"en-US","potentialAction":[{"@type":"ReadAction","target":["https:\/\/www.aunica.com\/en\/insights\/"]}]},{"@type":"BreadcrumbList","@id":"https:\/\/www.aunica.com\/en\/insights\/#breadcrumb","itemListElement":[{"@type":"ListItem","position":1,"name":"Home","item":"https:\/\/www.aunica.com\/en\/"},{"@type":"ListItem","position":2,"name":"Insights"}]},{"@type":"WebSite","@id":"https:\/\/www.aunica.com\/#website","url":"https:\/\/www.aunica.com\/","name":"aunica Interactive Marketing | Since 2004","description":"Especialistas em Data Driven Marketing","potentialAction":[{"@type":"SearchAction","target":{"@type":"EntryPoint","urlTemplate":"https:\/\/www.aunica.com\/?s={search_term_string}"},"query-input":"required name=search_term_string"}],"inLanguage":"en-US"}]}},"_links":{"self":[{"href":"https:\/\/www.aunica.com\/en\/wp-json\/wp\/v2\/pages\/89015"}],"collection":[{"href":"https:\/\/www.aunica.com\/en\/wp-json\/wp\/v2\/pages"}],"about":[{"href":"https:\/\/www.aunica.com\/en\/wp-json\/wp\/v2\/types\/page"}],"author":[{"embeddable":true,"href":"https:\/\/www.aunica.com\/en\/wp-json\/wp\/v2\/users\/5"}],"replies":[{"embeddable":true,"href":"https:\/\/www.aunica.com\/en\/wp-json\/wp\/v2\/comments?post=89015"}],"version-history":[{"count":4,"href":"https:\/\/www.aunica.com\/en\/wp-json\/wp\/v2\/pages\/89015\/revisions"}],"predecessor-version":[{"id":91397,"href":"https:\/\/www.aunica.com\/en\/wp-json\/wp\/v2\/pages\/89015\/revisions\/91397"}],"wp:attachment":[{"href":"https:\/\/www.aunica.com\/en\/wp-json\/wp\/v2\/media?parent=89015"}],"curies":[{"name":"wp","href":"https:\/\/api.w.org\/{rel}","templated":true}]}}